{"id":6473,"date":"2023-03-06T10:39:44","date_gmt":"2023-03-06T09:39:44","guid":{"rendered":"https:\/\/networkmarket.sk\/shop\/nem-kategorizalt\/fibraindata-hd-19-05u-patch-panel-keret-max-4db-modulnak-2db-scm-a-xx-kotestarto-kazettanak-arnyekolatlan-ures\/"},"modified":"2025-10-08T11:56:05","modified_gmt":"2025-10-08T09:56:05","slug":"fibraindata-hd-19-05u-patch-panel-keret-max-4db-modulnak-2db-scm-a-xx-kotestarto-kazettanak-arnyekolatlan-ures","status":"publish","type":"product","link":"https:\/\/networkmarket.sk\/sk\/shop\/strukturalt-kabelezes\/patch-panel\/fibraindata-hd-19-05u-patch-panel-keret-max-4db-modulnak-2db-scm-a-xx-kotestarto-kazettanak-arnyekolatlan-ures\/","title":{"rendered":"FibrainDATA HD 19&#8243; 0,5U patch panel keret, max. 4db modulnak, 2db SCM-A-xx k\u00f6t\u00e9start\u00f3 kazett\u00e1nak, \u00e1rny\u00e9kolatlan (\u00fcres)"},"content":{"rendered":"","protected":false},"excerpt":{"rendered":"","protected":false},"featured_media":0,"template":"","meta":[],"product_brand":[],"product_cat":[958,146],"product_tag":[],"class_list":{"0":"post-6473","1":"product","2":"type-product","3":"status-publish","5":"product_cat-patch-panel","6":"product_cat-strukturalt-kabelezes","7":"pa_alap_mennyisegi_egyseg-db","8":"pa_gyarto-fibrain","9":"pa_kshszam-845","10":"pa_mennyisegi_egyseg-db","12":"first","13":"outofstock","14":"taxable","15":"shipping-taxable","16":"product-type-simple"},"yoast_head":"<!-- This site is optimized with the Yoast SEO plugin v27.4 - https:\/\/yoast.com\/product\/yoast-seo-wordpress\/ -->\n<title>FibrainDATA HD 19&quot; 0,5U patch panel keret, max. 4db modulnak, 2db SCM-A-xx k\u00f6t\u00e9start\u00f3 kazett\u00e1nak, \u00e1rny\u00e9kolatlan (\u00fcres) - Network Market<\/title>\n<meta name=\"robots\" content=\"index, follow, max-snippet:-1, max-image-preview:large, max-video-preview:-1\" \/>\n<link rel=\"canonical\" href=\"https:\/\/networkmarket.sk\/sk\/shop\/strukturalt-kabelezes\/patch-panel\/fibraindata-hd-19-05u-patch-panel-keret-max-4db-modulnak-2db-scm-a-xx-kotestarto-kazettanak-arnyekolatlan-ures\/\" \/>\n<meta property=\"og:locale\" content=\"sk_SK\" \/>\n<meta property=\"og:type\" content=\"article\" \/>\n<meta property=\"og:title\" content=\"FibrainDATA HD 19&quot; 0,5U patch panel keret, max. 4db modulnak, 2db SCM-A-xx k\u00f6t\u00e9start\u00f3 kazett\u00e1nak, \u00e1rny\u00e9kolatlan (\u00fcres) - Network Market\" \/>\n<meta property=\"og:url\" content=\"https:\/\/networkmarket.sk\/sk\/shop\/strukturalt-kabelezes\/patch-panel\/fibraindata-hd-19-05u-patch-panel-keret-max-4db-modulnak-2db-scm-a-xx-kotestarto-kazettanak-arnyekolatlan-ures\/\" \/>\n<meta property=\"og:site_name\" content=\"Network Market\" \/>\n<meta property=\"article:modified_time\" content=\"2025-10-08T09:56:05+00:00\" \/>\n<meta name=\"twitter:card\" content=\"summary_large_image\" \/>\n<script type=\"application\/ld+json\" class=\"yoast-schema-graph\">{\"@context\":\"https:\\\/\\\/schema.org\",\"@graph\":[{\"@type\":\"WebPage\",\"@id\":\"https:\\\/\\\/networkmarket.sk\\\/sk\\\/shop\\\/strukturalt-kabelezes\\\/patch-panel\\\/fibraindata-hd-19-05u-patch-panel-keret-max-4db-modulnak-2db-scm-a-xx-kotestarto-kazettanak-arnyekolatlan-ures\\\/\",\"url\":\"https:\\\/\\\/networkmarket.sk\\\/sk\\\/shop\\\/strukturalt-kabelezes\\\/patch-panel\\\/fibraindata-hd-19-05u-patch-panel-keret-max-4db-modulnak-2db-scm-a-xx-kotestarto-kazettanak-arnyekolatlan-ures\\\/\",\"name\":\"FibrainDATA HD 19\\\" 0,5U patch panel keret, max. 4db modulnak, 2db SCM-A-xx k\u00f6t\u00e9start\u00f3 kazett\u00e1nak, \u00e1rny\u00e9kolatlan (\u00fcres) - Network Market\",\"isPartOf\":{\"@id\":\"https:\\\/\\\/networkmarket.sk\\\/sk\\\/#website\"},\"datePublished\":\"2023-03-06T09:39:44+00:00\",\"dateModified\":\"2025-10-08T09:56:05+00:00\",\"breadcrumb\":{\"@id\":\"https:\\\/\\\/networkmarket.sk\\\/sk\\\/shop\\\/strukturalt-kabelezes\\\/patch-panel\\\/fibraindata-hd-19-05u-patch-panel-keret-max-4db-modulnak-2db-scm-a-xx-kotestarto-kazettanak-arnyekolatlan-ures\\\/#breadcrumb\"},\"inLanguage\":\"sk-SK\",\"potentialAction\":[{\"@type\":\"ReadAction\",\"target\":[\"https:\\\/\\\/networkmarket.sk\\\/sk\\\/shop\\\/strukturalt-kabelezes\\\/patch-panel\\\/fibraindata-hd-19-05u-patch-panel-keret-max-4db-modulnak-2db-scm-a-xx-kotestarto-kazettanak-arnyekolatlan-ures\\\/\"]}]},{\"@type\":\"BreadcrumbList\",\"@id\":\"https:\\\/\\\/networkmarket.sk\\\/sk\\\/shop\\\/strukturalt-kabelezes\\\/patch-panel\\\/fibraindata-hd-19-05u-patch-panel-keret-max-4db-modulnak-2db-scm-a-xx-kotestarto-kazettanak-arnyekolatlan-ures\\\/#breadcrumb\",\"itemListElement\":[{\"@type\":\"ListItem\",\"position\":1,\"name\":\"Home\",\"item\":\"https:\\\/\\\/networkmarket.sk\\\/sk\\\/\"},{\"@type\":\"ListItem\",\"position\":2,\"name\":\"Obchod\",\"item\":\"https:\\\/\\\/networkmarket.sk\\\/sk\\\/shop-2\\\/\"},{\"@type\":\"ListItem\",\"position\":3,\"name\":\"FibrainDATA HD 19&#8243; 0,5U patch panel keret, max. 4db modulnak, 2db SCM-A-xx k\u00f6t\u00e9start\u00f3 kazett\u00e1nak, \u00e1rny\u00e9kolatlan (\u00fcres)\"}]},{\"@type\":\"WebSite\",\"@id\":\"https:\\\/\\\/networkmarket.sk\\\/sk\\\/#website\",\"url\":\"https:\\\/\\\/networkmarket.sk\\\/sk\\\/\",\"name\":\"Network Market\",\"description\":\"\",\"potentialAction\":[{\"@type\":\"SearchAction\",\"target\":{\"@type\":\"EntryPoint\",\"urlTemplate\":\"https:\\\/\\\/networkmarket.sk\\\/sk\\\/?s={search_term_string}\"},\"query-input\":{\"@type\":\"PropertyValueSpecification\",\"valueRequired\":true,\"valueName\":\"search_term_string\"}}],\"inLanguage\":\"sk-SK\"}]}<\/script>\n<!-- \/ Yoast SEO plugin. -->","yoast_head_json":{"title":"FibrainDATA HD 19\" 0,5U patch panel keret, max. 4db modulnak, 2db SCM-A-xx k\u00f6t\u00e9start\u00f3 kazett\u00e1nak, \u00e1rny\u00e9kolatlan (\u00fcres) - Network Market","robots":{"index":"index","follow":"follow","max-snippet":"max-snippet:-1","max-image-preview":"max-image-preview:large","max-video-preview":"max-video-preview:-1"},"canonical":"https:\/\/networkmarket.sk\/sk\/shop\/strukturalt-kabelezes\/patch-panel\/fibraindata-hd-19-05u-patch-panel-keret-max-4db-modulnak-2db-scm-a-xx-kotestarto-kazettanak-arnyekolatlan-ures\/","og_locale":"sk_SK","og_type":"article","og_title":"FibrainDATA HD 19\" 0,5U patch panel keret, max. 4db modulnak, 2db SCM-A-xx k\u00f6t\u00e9start\u00f3 kazett\u00e1nak, \u00e1rny\u00e9kolatlan (\u00fcres) - Network Market","og_url":"https:\/\/networkmarket.sk\/sk\/shop\/strukturalt-kabelezes\/patch-panel\/fibraindata-hd-19-05u-patch-panel-keret-max-4db-modulnak-2db-scm-a-xx-kotestarto-kazettanak-arnyekolatlan-ures\/","og_site_name":"Network Market","article_modified_time":"2025-10-08T09:56:05+00:00","twitter_card":"summary_large_image","schema":{"@context":"https:\/\/schema.org","@graph":[{"@type":"WebPage","@id":"https:\/\/networkmarket.sk\/sk\/shop\/strukturalt-kabelezes\/patch-panel\/fibraindata-hd-19-05u-patch-panel-keret-max-4db-modulnak-2db-scm-a-xx-kotestarto-kazettanak-arnyekolatlan-ures\/","url":"https:\/\/networkmarket.sk\/sk\/shop\/strukturalt-kabelezes\/patch-panel\/fibraindata-hd-19-05u-patch-panel-keret-max-4db-modulnak-2db-scm-a-xx-kotestarto-kazettanak-arnyekolatlan-ures\/","name":"FibrainDATA HD 19\" 0,5U patch panel keret, max. 4db modulnak, 2db SCM-A-xx k\u00f6t\u00e9start\u00f3 kazett\u00e1nak, \u00e1rny\u00e9kolatlan (\u00fcres) - Network Market","isPartOf":{"@id":"https:\/\/networkmarket.sk\/sk\/#website"},"datePublished":"2023-03-06T09:39:44+00:00","dateModified":"2025-10-08T09:56:05+00:00","breadcrumb":{"@id":"https:\/\/networkmarket.sk\/sk\/shop\/strukturalt-kabelezes\/patch-panel\/fibraindata-hd-19-05u-patch-panel-keret-max-4db-modulnak-2db-scm-a-xx-kotestarto-kazettanak-arnyekolatlan-ures\/#breadcrumb"},"inLanguage":"sk-SK","potentialAction":[{"@type":"ReadAction","target":["https:\/\/networkmarket.sk\/sk\/shop\/strukturalt-kabelezes\/patch-panel\/fibraindata-hd-19-05u-patch-panel-keret-max-4db-modulnak-2db-scm-a-xx-kotestarto-kazettanak-arnyekolatlan-ures\/"]}]},{"@type":"BreadcrumbList","@id":"https:\/\/networkmarket.sk\/sk\/shop\/strukturalt-kabelezes\/patch-panel\/fibraindata-hd-19-05u-patch-panel-keret-max-4db-modulnak-2db-scm-a-xx-kotestarto-kazettanak-arnyekolatlan-ures\/#breadcrumb","itemListElement":[{"@type":"ListItem","position":1,"name":"Home","item":"https:\/\/networkmarket.sk\/sk\/"},{"@type":"ListItem","position":2,"name":"Obchod","item":"https:\/\/networkmarket.sk\/sk\/shop-2\/"},{"@type":"ListItem","position":3,"name":"FibrainDATA HD 19&#8243; 0,5U patch panel keret, max. 4db modulnak, 2db SCM-A-xx k\u00f6t\u00e9start\u00f3 kazett\u00e1nak, \u00e1rny\u00e9kolatlan (\u00fcres)"}]},{"@type":"WebSite","@id":"https:\/\/networkmarket.sk\/sk\/#website","url":"https:\/\/networkmarket.sk\/sk\/","name":"Network Market","description":"","potentialAction":[{"@type":"SearchAction","target":{"@type":"EntryPoint","urlTemplate":"https:\/\/networkmarket.sk\/sk\/?s={search_term_string}"},"query-input":{"@type":"PropertyValueSpecification","valueRequired":true,"valueName":"search_term_string"}}],"inLanguage":"sk-SK"}]}},"_links":{"self":[{"href":"https:\/\/networkmarket.sk\/sk\/wp-json\/wp\/v2\/product\/6473","targetHints":{"allow":["GET"]}}],"collection":[{"href":"https:\/\/networkmarket.sk\/sk\/wp-json\/wp\/v2\/product"}],"about":[{"href":"https:\/\/networkmarket.sk\/sk\/wp-json\/wp\/v2\/types\/product"}],"wp:attachment":[{"href":"https:\/\/networkmarket.sk\/sk\/wp-json\/wp\/v2\/media?parent=6473"}],"wp:term":[{"taxonomy":"product_brand","embeddable":true,"href":"https:\/\/networkmarket.sk\/sk\/wp-json\/wp\/v2\/product_brand?post=6473"},{"taxonomy":"product_cat","embeddable":true,"href":"https:\/\/networkmarket.sk\/sk\/wp-json\/wp\/v2\/product_cat?post=6473"},{"taxonomy":"product_tag","embeddable":true,"href":"https:\/\/networkmarket.sk\/sk\/wp-json\/wp\/v2\/product_tag?post=6473"}],"curies":[{"name":"wp","href":"https:\/\/api.w.org\/{rel}","templated":true}]}}