{"id":6432,"date":"2023-03-06T10:38:45","date_gmt":"2023-03-06T09:38:45","guid":{"rendered":"https:\/\/networkmarket.sk\/shop\/nem-kategorizalt\/bitner-f-utp-cat-6-kulteri-foldkabel-pe-1mm-vegyes-hosszak\/"},"modified":"2023-03-06T10:38:45","modified_gmt":"2023-03-06T09:38:45","slug":"bitner-f-utp-cat-6-kulteri-foldkabel-pe-1mm-vegyes-hosszak","status":"publish","type":"product","link":"https:\/\/networkmarket.sk\/sk\/shop\/optika\/kabel\/bitner-f-utp-cat-6-kulteri-foldkabel-pe-1mm-vegyes-hosszak\/","title":{"rendered":"Bitner F\/UTP cat.6 k\u00fclt\u00e9ri f\u00f6ldk\u00e1bel, PE (1mm) -vegyes hosszak"},"content":{"rendered":"","protected":false},"excerpt":{"rendered":"","protected":false},"featured_media":0,"template":"","meta":[],"product_brand":[],"product_cat":[141,146],"product_tag":[],"class_list":{"0":"post-6432","1":"product","2":"type-product","3":"status-publish","5":"product_cat-kabel","6":"product_cat-strukturalt-kabelezes","7":"pa_alap_mennyisegi_egyseg-m","8":"pa_gyarto-bitner","9":"pa_kshszam-150","10":"pa_mennyisegi_egyseg-m","12":"first","13":"outofstock","14":"taxable","15":"shipping-taxable","16":"product-type-simple"},"yoast_head":"<!-- This site is optimized with the Yoast SEO plugin v27.3 - https:\/\/yoast.com\/product\/yoast-seo-wordpress\/ -->\n<title>Bitner F\/UTP cat.6 k\u00fclt\u00e9ri f\u00f6ldk\u00e1bel, PE (1mm) -vegyes hosszak - Network Market<\/title>\n<meta name=\"robots\" content=\"index, follow, max-snippet:-1, max-image-preview:large, max-video-preview:-1\" \/>\n<link rel=\"canonical\" href=\"https:\/\/networkmarket.sk\/sk\/shop\/optika\/kabel\/bitner-f-utp-cat-6-kulteri-foldkabel-pe-1mm-vegyes-hosszak\/\" \/>\n<meta property=\"og:locale\" content=\"sk_SK\" \/>\n<meta property=\"og:type\" content=\"article\" \/>\n<meta property=\"og:title\" content=\"Bitner F\/UTP cat.6 k\u00fclt\u00e9ri f\u00f6ldk\u00e1bel, PE (1mm) -vegyes hosszak - Network Market\" \/>\n<meta property=\"og:url\" content=\"https:\/\/networkmarket.sk\/sk\/shop\/optika\/kabel\/bitner-f-utp-cat-6-kulteri-foldkabel-pe-1mm-vegyes-hosszak\/\" \/>\n<meta property=\"og:site_name\" content=\"Network Market\" \/>\n<meta name=\"twitter:card\" content=\"summary_large_image\" \/>\n<script type=\"application\/ld+json\" class=\"yoast-schema-graph\">{\"@context\":\"https:\\\/\\\/schema.org\",\"@graph\":[{\"@type\":\"WebPage\",\"@id\":\"https:\\\/\\\/networkmarket.sk\\\/sk\\\/shop\\\/optika\\\/kabel\\\/bitner-f-utp-cat-6-kulteri-foldkabel-pe-1mm-vegyes-hosszak\\\/\",\"url\":\"https:\\\/\\\/networkmarket.sk\\\/sk\\\/shop\\\/optika\\\/kabel\\\/bitner-f-utp-cat-6-kulteri-foldkabel-pe-1mm-vegyes-hosszak\\\/\",\"name\":\"Bitner F\\\/UTP cat.6 k\u00fclt\u00e9ri f\u00f6ldk\u00e1bel, PE (1mm) -vegyes hosszak - Network Market\",\"isPartOf\":{\"@id\":\"https:\\\/\\\/networkmarket.sk\\\/sk\\\/#website\"},\"datePublished\":\"2023-03-06T09:38:45+00:00\",\"breadcrumb\":{\"@id\":\"https:\\\/\\\/networkmarket.sk\\\/sk\\\/shop\\\/optika\\\/kabel\\\/bitner-f-utp-cat-6-kulteri-foldkabel-pe-1mm-vegyes-hosszak\\\/#breadcrumb\"},\"inLanguage\":\"sk-SK\",\"potentialAction\":[{\"@type\":\"ReadAction\",\"target\":[\"https:\\\/\\\/networkmarket.sk\\\/sk\\\/shop\\\/optika\\\/kabel\\\/bitner-f-utp-cat-6-kulteri-foldkabel-pe-1mm-vegyes-hosszak\\\/\"]}]},{\"@type\":\"BreadcrumbList\",\"@id\":\"https:\\\/\\\/networkmarket.sk\\\/sk\\\/shop\\\/optika\\\/kabel\\\/bitner-f-utp-cat-6-kulteri-foldkabel-pe-1mm-vegyes-hosszak\\\/#breadcrumb\",\"itemListElement\":[{\"@type\":\"ListItem\",\"position\":1,\"name\":\"Home\",\"item\":\"https:\\\/\\\/networkmarket.sk\\\/sk\\\/\"},{\"@type\":\"ListItem\",\"position\":2,\"name\":\"Obchod\",\"item\":\"https:\\\/\\\/networkmarket.sk\\\/sk\\\/shop-2\\\/\"},{\"@type\":\"ListItem\",\"position\":3,\"name\":\"Bitner F\\\/UTP cat.6 k\u00fclt\u00e9ri f\u00f6ldk\u00e1bel, PE (1mm) -vegyes hosszak\"}]},{\"@type\":\"WebSite\",\"@id\":\"https:\\\/\\\/networkmarket.sk\\\/sk\\\/#website\",\"url\":\"https:\\\/\\\/networkmarket.sk\\\/sk\\\/\",\"name\":\"Network Market\",\"description\":\"\",\"potentialAction\":[{\"@type\":\"SearchAction\",\"target\":{\"@type\":\"EntryPoint\",\"urlTemplate\":\"https:\\\/\\\/networkmarket.sk\\\/sk\\\/?s={search_term_string}\"},\"query-input\":{\"@type\":\"PropertyValueSpecification\",\"valueRequired\":true,\"valueName\":\"search_term_string\"}}],\"inLanguage\":\"sk-SK\"}]}<\/script>\n<!-- \/ Yoast SEO plugin. -->","yoast_head_json":{"title":"Bitner F\/UTP cat.6 k\u00fclt\u00e9ri f\u00f6ldk\u00e1bel, PE (1mm) -vegyes hosszak - Network Market","robots":{"index":"index","follow":"follow","max-snippet":"max-snippet:-1","max-image-preview":"max-image-preview:large","max-video-preview":"max-video-preview:-1"},"canonical":"https:\/\/networkmarket.sk\/sk\/shop\/optika\/kabel\/bitner-f-utp-cat-6-kulteri-foldkabel-pe-1mm-vegyes-hosszak\/","og_locale":"sk_SK","og_type":"article","og_title":"Bitner F\/UTP cat.6 k\u00fclt\u00e9ri f\u00f6ldk\u00e1bel, PE (1mm) -vegyes hosszak - Network Market","og_url":"https:\/\/networkmarket.sk\/sk\/shop\/optika\/kabel\/bitner-f-utp-cat-6-kulteri-foldkabel-pe-1mm-vegyes-hosszak\/","og_site_name":"Network Market","twitter_card":"summary_large_image","schema":{"@context":"https:\/\/schema.org","@graph":[{"@type":"WebPage","@id":"https:\/\/networkmarket.sk\/sk\/shop\/optika\/kabel\/bitner-f-utp-cat-6-kulteri-foldkabel-pe-1mm-vegyes-hosszak\/","url":"https:\/\/networkmarket.sk\/sk\/shop\/optika\/kabel\/bitner-f-utp-cat-6-kulteri-foldkabel-pe-1mm-vegyes-hosszak\/","name":"Bitner F\/UTP cat.6 k\u00fclt\u00e9ri f\u00f6ldk\u00e1bel, PE (1mm) -vegyes hosszak - Network Market","isPartOf":{"@id":"https:\/\/networkmarket.sk\/sk\/#website"},"datePublished":"2023-03-06T09:38:45+00:00","breadcrumb":{"@id":"https:\/\/networkmarket.sk\/sk\/shop\/optika\/kabel\/bitner-f-utp-cat-6-kulteri-foldkabel-pe-1mm-vegyes-hosszak\/#breadcrumb"},"inLanguage":"sk-SK","potentialAction":[{"@type":"ReadAction","target":["https:\/\/networkmarket.sk\/sk\/shop\/optika\/kabel\/bitner-f-utp-cat-6-kulteri-foldkabel-pe-1mm-vegyes-hosszak\/"]}]},{"@type":"BreadcrumbList","@id":"https:\/\/networkmarket.sk\/sk\/shop\/optika\/kabel\/bitner-f-utp-cat-6-kulteri-foldkabel-pe-1mm-vegyes-hosszak\/#breadcrumb","itemListElement":[{"@type":"ListItem","position":1,"name":"Home","item":"https:\/\/networkmarket.sk\/sk\/"},{"@type":"ListItem","position":2,"name":"Obchod","item":"https:\/\/networkmarket.sk\/sk\/shop-2\/"},{"@type":"ListItem","position":3,"name":"Bitner F\/UTP cat.6 k\u00fclt\u00e9ri f\u00f6ldk\u00e1bel, PE (1mm) -vegyes hosszak"}]},{"@type":"WebSite","@id":"https:\/\/networkmarket.sk\/sk\/#website","url":"https:\/\/networkmarket.sk\/sk\/","name":"Network Market","description":"","potentialAction":[{"@type":"SearchAction","target":{"@type":"EntryPoint","urlTemplate":"https:\/\/networkmarket.sk\/sk\/?s={search_term_string}"},"query-input":{"@type":"PropertyValueSpecification","valueRequired":true,"valueName":"search_term_string"}}],"inLanguage":"sk-SK"}]}},"_links":{"self":[{"href":"https:\/\/networkmarket.sk\/sk\/wp-json\/wp\/v2\/product\/6432","targetHints":{"allow":["GET"]}}],"collection":[{"href":"https:\/\/networkmarket.sk\/sk\/wp-json\/wp\/v2\/product"}],"about":[{"href":"https:\/\/networkmarket.sk\/sk\/wp-json\/wp\/v2\/types\/product"}],"wp:attachment":[{"href":"https:\/\/networkmarket.sk\/sk\/wp-json\/wp\/v2\/media?parent=6432"}],"wp:term":[{"taxonomy":"product_brand","embeddable":true,"href":"https:\/\/networkmarket.sk\/sk\/wp-json\/wp\/v2\/product_brand?post=6432"},{"taxonomy":"product_cat","embeddable":true,"href":"https:\/\/networkmarket.sk\/sk\/wp-json\/wp\/v2\/product_cat?post=6432"},{"taxonomy":"product_tag","embeddable":true,"href":"https:\/\/networkmarket.sk\/sk\/wp-json\/wp\/v2\/product_tag?post=6432"}],"curies":[{"name":"wp","href":"https:\/\/api.w.org\/{rel}","templated":true}]}}