{"id":5220,"date":"2023-03-06T10:19:26","date_gmt":"2023-03-06T09:19:26","guid":{"rendered":"https:\/\/networkmarket.sk\/shop\/nem-kategorizalt\/fibrain-fobp-t2-ovalis-kotestarto-szerelveny-12-max-288-szalnak-zsugorcsoves-bem-18x-sc-sx-adapter-tarto-1xscm-c\/"},"modified":"2024-02-23T11:21:24","modified_gmt":"2024-02-23T10:21:24","slug":"fibrain-fobp-t2-ovalis-kotestarto-szerelveny-12-max-288-szalnak-zsugorcsoves-bem-18x-sc-sx-adapter-tarto-1xscm-c","status":"publish","type":"product","link":"https:\/\/networkmarket.sk\/sk\/shop\/optika\/kotestaro-es-elofizetoi-doboz\/fibrain-fobp-t2-ovalis-kotestarto-szerelveny-12-max-288-szalnak-zsugorcsoves-bem-18x-sc-sx-adapter-tarto-1xscm-c\/","title":{"rendered":"Fibrain FOBP-T2 ov\u00e1lis k\u00f6t\u00e9start\u00f3 szerelv\u00e9ny, 12 (max. 288) sz\u00e1lnak, zsugorcs\u00f6ves bem., 18x SC SX adapter tart\u00f3, 1xSCM-C"},"content":{"rendered":"","protected":false},"excerpt":{"rendered":"","protected":false},"featured_media":14396,"template":"","meta":[],"product_brand":[],"product_cat":[875,138],"product_tag":[],"class_list":{"0":"post-5220","1":"product","2":"type-product","3":"status-publish","4":"has-post-thumbnail","6":"product_cat-kotestaro-es-elofizetoi-doboz","7":"product_cat-optika","8":"pa_alap_mennyisegi_egyseg-db","9":"pa_gyarto-fibrain","10":"pa_kshszam-76","11":"pa_mennyisegi_egyseg-db","13":"first","14":"instock","15":"taxable","16":"shipping-taxable","17":"product-type-simple"},"yoast_head":"<!-- This site is optimized with the Yoast SEO plugin v27.3 - https:\/\/yoast.com\/product\/yoast-seo-wordpress\/ -->\n<title>Fibrain FOBP-T2 ov\u00e1lis k\u00f6t\u00e9start\u00f3 szerelv\u00e9ny, 12 (max. 288) sz\u00e1lnak, zsugorcs\u00f6ves bem., 18x SC SX adapter tart\u00f3, 1xSCM-C - Network Market<\/title>\n<meta name=\"robots\" content=\"index, follow, max-snippet:-1, max-image-preview:large, max-video-preview:-1\" \/>\n<link rel=\"canonical\" href=\"https:\/\/networkmarket.sk\/sk\/shop\/optika\/kotestaro-es-elofizetoi-doboz\/fibrain-fobp-t2-ovalis-kotestarto-szerelveny-12-max-288-szalnak-zsugorcsoves-bem-18x-sc-sx-adapter-tarto-1xscm-c\/\" \/>\n<meta property=\"og:locale\" content=\"sk_SK\" \/>\n<meta property=\"og:type\" content=\"article\" \/>\n<meta property=\"og:title\" content=\"Fibrain FOBP-T2 ov\u00e1lis k\u00f6t\u00e9start\u00f3 szerelv\u00e9ny, 12 (max. 288) sz\u00e1lnak, zsugorcs\u00f6ves bem., 18x SC SX adapter tart\u00f3, 1xSCM-C - Network Market\" \/>\n<meta property=\"og:url\" content=\"https:\/\/networkmarket.sk\/sk\/shop\/optika\/kotestaro-es-elofizetoi-doboz\/fibrain-fobp-t2-ovalis-kotestarto-szerelveny-12-max-288-szalnak-zsugorcsoves-bem-18x-sc-sx-adapter-tarto-1xscm-c\/\" \/>\n<meta property=\"og:site_name\" content=\"Network Market\" \/>\n<meta property=\"article:modified_time\" content=\"2024-02-23T10:21:24+00:00\" \/>\n<meta name=\"twitter:card\" content=\"summary_large_image\" \/>\n<script type=\"application\/ld+json\" class=\"yoast-schema-graph\">{\"@context\":\"https:\\\/\\\/schema.org\",\"@graph\":[{\"@type\":\"WebPage\",\"@id\":\"https:\\\/\\\/networkmarket.sk\\\/sk\\\/shop\\\/optika\\\/kotestaro-es-elofizetoi-doboz\\\/fibrain-fobp-t2-ovalis-kotestarto-szerelveny-12-max-288-szalnak-zsugorcsoves-bem-18x-sc-sx-adapter-tarto-1xscm-c\\\/\",\"url\":\"https:\\\/\\\/networkmarket.sk\\\/sk\\\/shop\\\/optika\\\/kotestaro-es-elofizetoi-doboz\\\/fibrain-fobp-t2-ovalis-kotestarto-szerelveny-12-max-288-szalnak-zsugorcsoves-bem-18x-sc-sx-adapter-tarto-1xscm-c\\\/\",\"name\":\"Fibrain FOBP-T2 ov\u00e1lis k\u00f6t\u00e9start\u00f3 szerelv\u00e9ny, 12 (max. 288) sz\u00e1lnak, zsugorcs\u00f6ves bem., 18x SC SX adapter tart\u00f3, 1xSCM-C - Network Market\",\"isPartOf\":{\"@id\":\"https:\\\/\\\/networkmarket.sk\\\/sk\\\/#website\"},\"primaryImageOfPage\":{\"@id\":\"https:\\\/\\\/networkmarket.sk\\\/sk\\\/shop\\\/optika\\\/kotestaro-es-elofizetoi-doboz\\\/fibrain-fobp-t2-ovalis-kotestarto-szerelveny-12-max-288-szalnak-zsugorcsoves-bem-18x-sc-sx-adapter-tarto-1xscm-c\\\/#primaryimage\"},\"image\":{\"@id\":\"https:\\\/\\\/networkmarket.sk\\\/sk\\\/shop\\\/optika\\\/kotestaro-es-elofizetoi-doboz\\\/fibrain-fobp-t2-ovalis-kotestarto-szerelveny-12-max-288-szalnak-zsugorcsoves-bem-18x-sc-sx-adapter-tarto-1xscm-c\\\/#primaryimage\"},\"thumbnailUrl\":\"https:\\\/\\\/networkmarket.sk\\\/wp-content\\\/uploads\\\/2023\\\/08\\\/Fibrain_FOBP-T2_ovalis_kotestarto_szerelveny_12_max_288_szalnak_zsugorcsoves_bem_18x_SC_SX_adapter_tarto_1xSCM-C-i16929.jpg\",\"datePublished\":\"2023-03-06T09:19:26+00:00\",\"dateModified\":\"2024-02-23T10:21:24+00:00\",\"breadcrumb\":{\"@id\":\"https:\\\/\\\/networkmarket.sk\\\/sk\\\/shop\\\/optika\\\/kotestaro-es-elofizetoi-doboz\\\/fibrain-fobp-t2-ovalis-kotestarto-szerelveny-12-max-288-szalnak-zsugorcsoves-bem-18x-sc-sx-adapter-tarto-1xscm-c\\\/#breadcrumb\"},\"inLanguage\":\"sk-SK\",\"potentialAction\":[{\"@type\":\"ReadAction\",\"target\":[\"https:\\\/\\\/networkmarket.sk\\\/sk\\\/shop\\\/optika\\\/kotestaro-es-elofizetoi-doboz\\\/fibrain-fobp-t2-ovalis-kotestarto-szerelveny-12-max-288-szalnak-zsugorcsoves-bem-18x-sc-sx-adapter-tarto-1xscm-c\\\/\"]}]},{\"@type\":\"ImageObject\",\"inLanguage\":\"sk-SK\",\"@id\":\"https:\\\/\\\/networkmarket.sk\\\/sk\\\/shop\\\/optika\\\/kotestaro-es-elofizetoi-doboz\\\/fibrain-fobp-t2-ovalis-kotestarto-szerelveny-12-max-288-szalnak-zsugorcsoves-bem-18x-sc-sx-adapter-tarto-1xscm-c\\\/#primaryimage\",\"url\":\"https:\\\/\\\/networkmarket.sk\\\/wp-content\\\/uploads\\\/2023\\\/08\\\/Fibrain_FOBP-T2_ovalis_kotestarto_szerelveny_12_max_288_szalnak_zsugorcsoves_bem_18x_SC_SX_adapter_tarto_1xSCM-C-i16929.jpg\",\"contentUrl\":\"https:\\\/\\\/networkmarket.sk\\\/wp-content\\\/uploads\\\/2023\\\/08\\\/Fibrain_FOBP-T2_ovalis_kotestarto_szerelveny_12_max_288_szalnak_zsugorcsoves_bem_18x_SC_SX_adapter_tarto_1xSCM-C-i16929.jpg\",\"width\":1024,\"height\":768},{\"@type\":\"BreadcrumbList\",\"@id\":\"https:\\\/\\\/networkmarket.sk\\\/sk\\\/shop\\\/optika\\\/kotestaro-es-elofizetoi-doboz\\\/fibrain-fobp-t2-ovalis-kotestarto-szerelveny-12-max-288-szalnak-zsugorcsoves-bem-18x-sc-sx-adapter-tarto-1xscm-c\\\/#breadcrumb\",\"itemListElement\":[{\"@type\":\"ListItem\",\"position\":1,\"name\":\"Home\",\"item\":\"https:\\\/\\\/networkmarket.sk\\\/sk\\\/\"},{\"@type\":\"ListItem\",\"position\":2,\"name\":\"Obchod\",\"item\":\"https:\\\/\\\/networkmarket.sk\\\/sk\\\/shop-2\\\/\"},{\"@type\":\"ListItem\",\"position\":3,\"name\":\"Fibrain FOBP-T2 ov\u00e1lis k\u00f6t\u00e9start\u00f3 szerelv\u00e9ny, 12 (max. 288) sz\u00e1lnak, zsugorcs\u00f6ves bem., 18x SC SX adapter tart\u00f3, 1xSCM-C\"}]},{\"@type\":\"WebSite\",\"@id\":\"https:\\\/\\\/networkmarket.sk\\\/sk\\\/#website\",\"url\":\"https:\\\/\\\/networkmarket.sk\\\/sk\\\/\",\"name\":\"Network Market\",\"description\":\"\",\"potentialAction\":[{\"@type\":\"SearchAction\",\"target\":{\"@type\":\"EntryPoint\",\"urlTemplate\":\"https:\\\/\\\/networkmarket.sk\\\/sk\\\/?s={search_term_string}\"},\"query-input\":{\"@type\":\"PropertyValueSpecification\",\"valueRequired\":true,\"valueName\":\"search_term_string\"}}],\"inLanguage\":\"sk-SK\"}]}<\/script>\n<!-- \/ Yoast SEO plugin. -->","yoast_head_json":{"title":"Fibrain FOBP-T2 ov\u00e1lis k\u00f6t\u00e9start\u00f3 szerelv\u00e9ny, 12 (max. 288) sz\u00e1lnak, zsugorcs\u00f6ves bem., 18x SC SX adapter tart\u00f3, 1xSCM-C - Network Market","robots":{"index":"index","follow":"follow","max-snippet":"max-snippet:-1","max-image-preview":"max-image-preview:large","max-video-preview":"max-video-preview:-1"},"canonical":"https:\/\/networkmarket.sk\/sk\/shop\/optika\/kotestaro-es-elofizetoi-doboz\/fibrain-fobp-t2-ovalis-kotestarto-szerelveny-12-max-288-szalnak-zsugorcsoves-bem-18x-sc-sx-adapter-tarto-1xscm-c\/","og_locale":"sk_SK","og_type":"article","og_title":"Fibrain FOBP-T2 ov\u00e1lis k\u00f6t\u00e9start\u00f3 szerelv\u00e9ny, 12 (max. 288) sz\u00e1lnak, zsugorcs\u00f6ves bem., 18x SC SX adapter tart\u00f3, 1xSCM-C - Network Market","og_url":"https:\/\/networkmarket.sk\/sk\/shop\/optika\/kotestaro-es-elofizetoi-doboz\/fibrain-fobp-t2-ovalis-kotestarto-szerelveny-12-max-288-szalnak-zsugorcsoves-bem-18x-sc-sx-adapter-tarto-1xscm-c\/","og_site_name":"Network Market","article_modified_time":"2024-02-23T10:21:24+00:00","twitter_card":"summary_large_image","schema":{"@context":"https:\/\/schema.org","@graph":[{"@type":"WebPage","@id":"https:\/\/networkmarket.sk\/sk\/shop\/optika\/kotestaro-es-elofizetoi-doboz\/fibrain-fobp-t2-ovalis-kotestarto-szerelveny-12-max-288-szalnak-zsugorcsoves-bem-18x-sc-sx-adapter-tarto-1xscm-c\/","url":"https:\/\/networkmarket.sk\/sk\/shop\/optika\/kotestaro-es-elofizetoi-doboz\/fibrain-fobp-t2-ovalis-kotestarto-szerelveny-12-max-288-szalnak-zsugorcsoves-bem-18x-sc-sx-adapter-tarto-1xscm-c\/","name":"Fibrain FOBP-T2 ov\u00e1lis k\u00f6t\u00e9start\u00f3 szerelv\u00e9ny, 12 (max. 288) sz\u00e1lnak, zsugorcs\u00f6ves bem., 18x SC SX adapter tart\u00f3, 1xSCM-C - Network Market","isPartOf":{"@id":"https:\/\/networkmarket.sk\/sk\/#website"},"primaryImageOfPage":{"@id":"https:\/\/networkmarket.sk\/sk\/shop\/optika\/kotestaro-es-elofizetoi-doboz\/fibrain-fobp-t2-ovalis-kotestarto-szerelveny-12-max-288-szalnak-zsugorcsoves-bem-18x-sc-sx-adapter-tarto-1xscm-c\/#primaryimage"},"image":{"@id":"https:\/\/networkmarket.sk\/sk\/shop\/optika\/kotestaro-es-elofizetoi-doboz\/fibrain-fobp-t2-ovalis-kotestarto-szerelveny-12-max-288-szalnak-zsugorcsoves-bem-18x-sc-sx-adapter-tarto-1xscm-c\/#primaryimage"},"thumbnailUrl":"https:\/\/networkmarket.sk\/wp-content\/uploads\/2023\/08\/Fibrain_FOBP-T2_ovalis_kotestarto_szerelveny_12_max_288_szalnak_zsugorcsoves_bem_18x_SC_SX_adapter_tarto_1xSCM-C-i16929.jpg","datePublished":"2023-03-06T09:19:26+00:00","dateModified":"2024-02-23T10:21:24+00:00","breadcrumb":{"@id":"https:\/\/networkmarket.sk\/sk\/shop\/optika\/kotestaro-es-elofizetoi-doboz\/fibrain-fobp-t2-ovalis-kotestarto-szerelveny-12-max-288-szalnak-zsugorcsoves-bem-18x-sc-sx-adapter-tarto-1xscm-c\/#breadcrumb"},"inLanguage":"sk-SK","potentialAction":[{"@type":"ReadAction","target":["https:\/\/networkmarket.sk\/sk\/shop\/optika\/kotestaro-es-elofizetoi-doboz\/fibrain-fobp-t2-ovalis-kotestarto-szerelveny-12-max-288-szalnak-zsugorcsoves-bem-18x-sc-sx-adapter-tarto-1xscm-c\/"]}]},{"@type":"ImageObject","inLanguage":"sk-SK","@id":"https:\/\/networkmarket.sk\/sk\/shop\/optika\/kotestaro-es-elofizetoi-doboz\/fibrain-fobp-t2-ovalis-kotestarto-szerelveny-12-max-288-szalnak-zsugorcsoves-bem-18x-sc-sx-adapter-tarto-1xscm-c\/#primaryimage","url":"https:\/\/networkmarket.sk\/wp-content\/uploads\/2023\/08\/Fibrain_FOBP-T2_ovalis_kotestarto_szerelveny_12_max_288_szalnak_zsugorcsoves_bem_18x_SC_SX_adapter_tarto_1xSCM-C-i16929.jpg","contentUrl":"https:\/\/networkmarket.sk\/wp-content\/uploads\/2023\/08\/Fibrain_FOBP-T2_ovalis_kotestarto_szerelveny_12_max_288_szalnak_zsugorcsoves_bem_18x_SC_SX_adapter_tarto_1xSCM-C-i16929.jpg","width":1024,"height":768},{"@type":"BreadcrumbList","@id":"https:\/\/networkmarket.sk\/sk\/shop\/optika\/kotestaro-es-elofizetoi-doboz\/fibrain-fobp-t2-ovalis-kotestarto-szerelveny-12-max-288-szalnak-zsugorcsoves-bem-18x-sc-sx-adapter-tarto-1xscm-c\/#breadcrumb","itemListElement":[{"@type":"ListItem","position":1,"name":"Home","item":"https:\/\/networkmarket.sk\/sk\/"},{"@type":"ListItem","position":2,"name":"Obchod","item":"https:\/\/networkmarket.sk\/sk\/shop-2\/"},{"@type":"ListItem","position":3,"name":"Fibrain FOBP-T2 ov\u00e1lis k\u00f6t\u00e9start\u00f3 szerelv\u00e9ny, 12 (max. 288) sz\u00e1lnak, zsugorcs\u00f6ves bem., 18x SC SX adapter tart\u00f3, 1xSCM-C"}]},{"@type":"WebSite","@id":"https:\/\/networkmarket.sk\/sk\/#website","url":"https:\/\/networkmarket.sk\/sk\/","name":"Network Market","description":"","potentialAction":[{"@type":"SearchAction","target":{"@type":"EntryPoint","urlTemplate":"https:\/\/networkmarket.sk\/sk\/?s={search_term_string}"},"query-input":{"@type":"PropertyValueSpecification","valueRequired":true,"valueName":"search_term_string"}}],"inLanguage":"sk-SK"}]}},"_links":{"self":[{"href":"https:\/\/networkmarket.sk\/sk\/wp-json\/wp\/v2\/product\/5220","targetHints":{"allow":["GET"]}}],"collection":[{"href":"https:\/\/networkmarket.sk\/sk\/wp-json\/wp\/v2\/product"}],"about":[{"href":"https:\/\/networkmarket.sk\/sk\/wp-json\/wp\/v2\/types\/product"}],"wp:featuredmedia":[{"embeddable":true,"href":"https:\/\/networkmarket.sk\/sk\/wp-json\/wp\/v2\/media\/14396"}],"wp:attachment":[{"href":"https:\/\/networkmarket.sk\/sk\/wp-json\/wp\/v2\/media?parent=5220"}],"wp:term":[{"taxonomy":"product_brand","embeddable":true,"href":"https:\/\/networkmarket.sk\/sk\/wp-json\/wp\/v2\/product_brand?post=5220"},{"taxonomy":"product_cat","embeddable":true,"href":"https:\/\/networkmarket.sk\/sk\/wp-json\/wp\/v2\/product_cat?post=5220"},{"taxonomy":"product_tag","embeddable":true,"href":"https:\/\/networkmarket.sk\/sk\/wp-json\/wp\/v2\/product_tag?post=5220"}],"curies":[{"name":"wp","href":"https:\/\/api.w.org\/{rel}","templated":true}]}}