{"id":4236,"date":"2023-03-06T09:30:51","date_gmt":"2023-03-06T08:30:51","guid":{"rendered":"https:\/\/networkmarket.sk\/shop\/nem-kategorizalt\/fibrain-rapidbox-25m-aero-dr-1j-g-657a1-kabel-vfto-e1-elofizetoi-doboz-1x-sc-apc-kulso-shutter-toldo-fibrain\/"},"modified":"2023-04-17T11:21:31","modified_gmt":"2023-04-17T09:21:31","slug":"fibrain-rapidbox-25m-aero-dr-1j-g-657a1-kabel-vfto-e1-elofizetoi-doboz-1x-sc-apc-kulso-shutter-toldo-fibrain","status":"publish","type":"product","link":"https:\/\/networkmarket.sk\/sk\/shop\/egyeb\/egyeb-nem-besorolt\/fibrain-rapidbox-25m-aero-dr-1j-g-657a1-kabel-vfto-e1-elofizetoi-doboz-1x-sc-apc-kulso-shutter-toldo-fibrain\/","title":{"rendered":"Fibrain RapidBox &#8211; 25m AERO-DR 1J (G.657A1) k\u00e1bel, VFTO-E1 el\u0151fizet\u0151i doboz, 1x SC\/APC (k\u00fcls\u0151 shutter) told\u00f3, FIBRAIN"},"content":{"rendered":"","protected":false},"excerpt":{"rendered":"","protected":false},"featured_media":0,"template":"","meta":[],"product_brand":[],"product_cat":[26,92],"product_tag":[],"class_list":{"0":"post-4236","1":"product","2":"type-product","3":"status-publish","5":"product_cat-egyeb","6":"product_cat-egyeb-nem-besorolt","7":"pa_alap_mennyisegi_egyseg-db","8":"pa_gyarto-fibrain","9":"pa_kshszam-836","10":"pa_mennyisegi_egyseg-db","12":"first","13":"outofstock","14":"taxable","15":"shipping-taxable","16":"product-type-simple"},"yoast_head":"<!-- This site is optimized with the Yoast SEO plugin v27.3 - https:\/\/yoast.com\/product\/yoast-seo-wordpress\/ -->\n<title>Fibrain RapidBox - 25m AERO-DR 1J (G.657A1) k\u00e1bel, VFTO-E1 el\u0151fizet\u0151i doboz, 1x SC\/APC (k\u00fcls\u0151 shutter) told\u00f3, FIBRAIN - Network Market<\/title>\n<meta name=\"robots\" content=\"index, follow, max-snippet:-1, max-image-preview:large, max-video-preview:-1\" \/>\n<link rel=\"canonical\" href=\"https:\/\/networkmarket.sk\/sk\/shop\/egyeb\/egyeb-nem-besorolt\/fibrain-rapidbox-25m-aero-dr-1j-g-657a1-kabel-vfto-e1-elofizetoi-doboz-1x-sc-apc-kulso-shutter-toldo-fibrain\/\" \/>\n<meta property=\"og:locale\" content=\"sk_SK\" \/>\n<meta property=\"og:type\" content=\"article\" \/>\n<meta property=\"og:title\" content=\"Fibrain RapidBox - 25m AERO-DR 1J (G.657A1) k\u00e1bel, VFTO-E1 el\u0151fizet\u0151i doboz, 1x SC\/APC (k\u00fcls\u0151 shutter) told\u00f3, FIBRAIN - Network Market\" \/>\n<meta property=\"og:url\" content=\"https:\/\/networkmarket.sk\/sk\/shop\/egyeb\/egyeb-nem-besorolt\/fibrain-rapidbox-25m-aero-dr-1j-g-657a1-kabel-vfto-e1-elofizetoi-doboz-1x-sc-apc-kulso-shutter-toldo-fibrain\/\" \/>\n<meta property=\"og:site_name\" content=\"Network Market\" \/>\n<meta property=\"article:modified_time\" content=\"2023-04-17T09:21:31+00:00\" \/>\n<meta name=\"twitter:card\" content=\"summary_large_image\" \/>\n<script type=\"application\/ld+json\" class=\"yoast-schema-graph\">{\"@context\":\"https:\\\/\\\/schema.org\",\"@graph\":[{\"@type\":\"WebPage\",\"@id\":\"https:\\\/\\\/networkmarket.sk\\\/sk\\\/shop\\\/egyeb\\\/egyeb-nem-besorolt\\\/fibrain-rapidbox-25m-aero-dr-1j-g-657a1-kabel-vfto-e1-elofizetoi-doboz-1x-sc-apc-kulso-shutter-toldo-fibrain\\\/\",\"url\":\"https:\\\/\\\/networkmarket.sk\\\/sk\\\/shop\\\/egyeb\\\/egyeb-nem-besorolt\\\/fibrain-rapidbox-25m-aero-dr-1j-g-657a1-kabel-vfto-e1-elofizetoi-doboz-1x-sc-apc-kulso-shutter-toldo-fibrain\\\/\",\"name\":\"Fibrain RapidBox - 25m AERO-DR 1J (G.657A1) k\u00e1bel, VFTO-E1 el\u0151fizet\u0151i doboz, 1x SC\\\/APC (k\u00fcls\u0151 shutter) told\u00f3, FIBRAIN - Network Market\",\"isPartOf\":{\"@id\":\"https:\\\/\\\/networkmarket.sk\\\/sk\\\/#website\"},\"datePublished\":\"2023-03-06T08:30:51+00:00\",\"dateModified\":\"2023-04-17T09:21:31+00:00\",\"breadcrumb\":{\"@id\":\"https:\\\/\\\/networkmarket.sk\\\/sk\\\/shop\\\/egyeb\\\/egyeb-nem-besorolt\\\/fibrain-rapidbox-25m-aero-dr-1j-g-657a1-kabel-vfto-e1-elofizetoi-doboz-1x-sc-apc-kulso-shutter-toldo-fibrain\\\/#breadcrumb\"},\"inLanguage\":\"sk-SK\",\"potentialAction\":[{\"@type\":\"ReadAction\",\"target\":[\"https:\\\/\\\/networkmarket.sk\\\/sk\\\/shop\\\/egyeb\\\/egyeb-nem-besorolt\\\/fibrain-rapidbox-25m-aero-dr-1j-g-657a1-kabel-vfto-e1-elofizetoi-doboz-1x-sc-apc-kulso-shutter-toldo-fibrain\\\/\"]}]},{\"@type\":\"BreadcrumbList\",\"@id\":\"https:\\\/\\\/networkmarket.sk\\\/sk\\\/shop\\\/egyeb\\\/egyeb-nem-besorolt\\\/fibrain-rapidbox-25m-aero-dr-1j-g-657a1-kabel-vfto-e1-elofizetoi-doboz-1x-sc-apc-kulso-shutter-toldo-fibrain\\\/#breadcrumb\",\"itemListElement\":[{\"@type\":\"ListItem\",\"position\":1,\"name\":\"Home\",\"item\":\"https:\\\/\\\/networkmarket.sk\\\/sk\\\/\"},{\"@type\":\"ListItem\",\"position\":2,\"name\":\"Obchod\",\"item\":\"https:\\\/\\\/networkmarket.sk\\\/sk\\\/shop-2\\\/\"},{\"@type\":\"ListItem\",\"position\":3,\"name\":\"Fibrain RapidBox &#8211; 25m AERO-DR 1J (G.657A1) k\u00e1bel, VFTO-E1 el\u0151fizet\u0151i doboz, 1x SC\\\/APC (k\u00fcls\u0151 shutter) told\u00f3, FIBRAIN\"}]},{\"@type\":\"WebSite\",\"@id\":\"https:\\\/\\\/networkmarket.sk\\\/sk\\\/#website\",\"url\":\"https:\\\/\\\/networkmarket.sk\\\/sk\\\/\",\"name\":\"Network Market\",\"description\":\"\",\"potentialAction\":[{\"@type\":\"SearchAction\",\"target\":{\"@type\":\"EntryPoint\",\"urlTemplate\":\"https:\\\/\\\/networkmarket.sk\\\/sk\\\/?s={search_term_string}\"},\"query-input\":{\"@type\":\"PropertyValueSpecification\",\"valueRequired\":true,\"valueName\":\"search_term_string\"}}],\"inLanguage\":\"sk-SK\"}]}<\/script>\n<!-- \/ Yoast SEO plugin. -->","yoast_head_json":{"title":"Fibrain RapidBox - 25m AERO-DR 1J (G.657A1) k\u00e1bel, VFTO-E1 el\u0151fizet\u0151i doboz, 1x SC\/APC (k\u00fcls\u0151 shutter) told\u00f3, FIBRAIN - Network Market","robots":{"index":"index","follow":"follow","max-snippet":"max-snippet:-1","max-image-preview":"max-image-preview:large","max-video-preview":"max-video-preview:-1"},"canonical":"https:\/\/networkmarket.sk\/sk\/shop\/egyeb\/egyeb-nem-besorolt\/fibrain-rapidbox-25m-aero-dr-1j-g-657a1-kabel-vfto-e1-elofizetoi-doboz-1x-sc-apc-kulso-shutter-toldo-fibrain\/","og_locale":"sk_SK","og_type":"article","og_title":"Fibrain RapidBox - 25m AERO-DR 1J (G.657A1) k\u00e1bel, VFTO-E1 el\u0151fizet\u0151i doboz, 1x SC\/APC (k\u00fcls\u0151 shutter) told\u00f3, FIBRAIN - Network Market","og_url":"https:\/\/networkmarket.sk\/sk\/shop\/egyeb\/egyeb-nem-besorolt\/fibrain-rapidbox-25m-aero-dr-1j-g-657a1-kabel-vfto-e1-elofizetoi-doboz-1x-sc-apc-kulso-shutter-toldo-fibrain\/","og_site_name":"Network Market","article_modified_time":"2023-04-17T09:21:31+00:00","twitter_card":"summary_large_image","schema":{"@context":"https:\/\/schema.org","@graph":[{"@type":"WebPage","@id":"https:\/\/networkmarket.sk\/sk\/shop\/egyeb\/egyeb-nem-besorolt\/fibrain-rapidbox-25m-aero-dr-1j-g-657a1-kabel-vfto-e1-elofizetoi-doboz-1x-sc-apc-kulso-shutter-toldo-fibrain\/","url":"https:\/\/networkmarket.sk\/sk\/shop\/egyeb\/egyeb-nem-besorolt\/fibrain-rapidbox-25m-aero-dr-1j-g-657a1-kabel-vfto-e1-elofizetoi-doboz-1x-sc-apc-kulso-shutter-toldo-fibrain\/","name":"Fibrain RapidBox - 25m AERO-DR 1J (G.657A1) k\u00e1bel, VFTO-E1 el\u0151fizet\u0151i doboz, 1x SC\/APC (k\u00fcls\u0151 shutter) told\u00f3, FIBRAIN - Network Market","isPartOf":{"@id":"https:\/\/networkmarket.sk\/sk\/#website"},"datePublished":"2023-03-06T08:30:51+00:00","dateModified":"2023-04-17T09:21:31+00:00","breadcrumb":{"@id":"https:\/\/networkmarket.sk\/sk\/shop\/egyeb\/egyeb-nem-besorolt\/fibrain-rapidbox-25m-aero-dr-1j-g-657a1-kabel-vfto-e1-elofizetoi-doboz-1x-sc-apc-kulso-shutter-toldo-fibrain\/#breadcrumb"},"inLanguage":"sk-SK","potentialAction":[{"@type":"ReadAction","target":["https:\/\/networkmarket.sk\/sk\/shop\/egyeb\/egyeb-nem-besorolt\/fibrain-rapidbox-25m-aero-dr-1j-g-657a1-kabel-vfto-e1-elofizetoi-doboz-1x-sc-apc-kulso-shutter-toldo-fibrain\/"]}]},{"@type":"BreadcrumbList","@id":"https:\/\/networkmarket.sk\/sk\/shop\/egyeb\/egyeb-nem-besorolt\/fibrain-rapidbox-25m-aero-dr-1j-g-657a1-kabel-vfto-e1-elofizetoi-doboz-1x-sc-apc-kulso-shutter-toldo-fibrain\/#breadcrumb","itemListElement":[{"@type":"ListItem","position":1,"name":"Home","item":"https:\/\/networkmarket.sk\/sk\/"},{"@type":"ListItem","position":2,"name":"Obchod","item":"https:\/\/networkmarket.sk\/sk\/shop-2\/"},{"@type":"ListItem","position":3,"name":"Fibrain RapidBox &#8211; 25m AERO-DR 1J (G.657A1) k\u00e1bel, VFTO-E1 el\u0151fizet\u0151i doboz, 1x SC\/APC (k\u00fcls\u0151 shutter) told\u00f3, FIBRAIN"}]},{"@type":"WebSite","@id":"https:\/\/networkmarket.sk\/sk\/#website","url":"https:\/\/networkmarket.sk\/sk\/","name":"Network Market","description":"","potentialAction":[{"@type":"SearchAction","target":{"@type":"EntryPoint","urlTemplate":"https:\/\/networkmarket.sk\/sk\/?s={search_term_string}"},"query-input":{"@type":"PropertyValueSpecification","valueRequired":true,"valueName":"search_term_string"}}],"inLanguage":"sk-SK"}]}},"_links":{"self":[{"href":"https:\/\/networkmarket.sk\/sk\/wp-json\/wp\/v2\/product\/4236","targetHints":{"allow":["GET"]}}],"collection":[{"href":"https:\/\/networkmarket.sk\/sk\/wp-json\/wp\/v2\/product"}],"about":[{"href":"https:\/\/networkmarket.sk\/sk\/wp-json\/wp\/v2\/types\/product"}],"wp:attachment":[{"href":"https:\/\/networkmarket.sk\/sk\/wp-json\/wp\/v2\/media?parent=4236"}],"wp:term":[{"taxonomy":"product_brand","embeddable":true,"href":"https:\/\/networkmarket.sk\/sk\/wp-json\/wp\/v2\/product_brand?post=4236"},{"taxonomy":"product_cat","embeddable":true,"href":"https:\/\/networkmarket.sk\/sk\/wp-json\/wp\/v2\/product_cat?post=4236"},{"taxonomy":"product_tag","embeddable":true,"href":"https:\/\/networkmarket.sk\/sk\/wp-json\/wp\/v2\/product_tag?post=4236"}],"curies":[{"name":"wp","href":"https:\/\/api.w.org\/{rel}","templated":true}]}}