{"id":15303,"date":"2024-01-10T10:57:40","date_gmt":"2024-01-10T09:57:40","guid":{"rendered":"https:\/\/networkmarket.sk\/shop\/nem-kategorizalt\/zpas-horganyzott-kabelrendezo-gyuru-csomag-44x44-mm-es5-db-csomag\/"},"modified":"2024-01-10T10:57:40","modified_gmt":"2024-01-10T09:57:40","slug":"zpas-horganyzott-kabelrendezo-gyuru-csomag-44x44-mm-es5-db-csomag","status":"publish","type":"product","link":"https:\/\/networkmarket.sk\/sk\/shop\/rack-szekreny\/tartozek\/zpas-horganyzott-kabelrendezo-gyuru-csomag-44x44-mm-es5-db-csomag\/","title":{"rendered":"ZPAS horganyzott k\u00e1belrendez\u0151 gy\u0171r\u0171 csomag, 44&#215;44 mm-es(5 db\/csomag)"},"content":{"rendered":"","protected":false},"excerpt":{"rendered":"","protected":false},"featured_media":0,"template":"","meta":[],"product_brand":[],"product_cat":[142,892],"product_tag":[],"class_list":{"0":"post-15303","1":"product","2":"type-product","3":"status-publish","5":"product_cat-rack-szekreny","6":"product_cat-tartozek","7":"pa_alap_mennyisegi_egyseg-db","8":"pa_gyarto-zpas","9":"pa_kshszam-136","10":"pa_mennyisegi_egyseg-db","12":"first","13":"outofstock","14":"taxable","15":"shipping-taxable","16":"product-type-simple"},"yoast_head":"<!-- This site is optimized with the Yoast SEO plugin v27.4 - https:\/\/yoast.com\/product\/yoast-seo-wordpress\/ -->\n<title>ZPAS horganyzott k\u00e1belrendez\u0151 gy\u0171r\u0171 csomag, 44x44 mm-es(5 db\/csomag) - Network Market<\/title>\n<meta name=\"robots\" content=\"index, follow, max-snippet:-1, max-image-preview:large, max-video-preview:-1\" \/>\n<link rel=\"canonical\" href=\"https:\/\/networkmarket.sk\/sk\/shop\/rack-szekreny\/tartozek\/zpas-horganyzott-kabelrendezo-gyuru-csomag-44x44-mm-es5-db-csomag\/\" \/>\n<meta property=\"og:locale\" content=\"sk_SK\" \/>\n<meta property=\"og:type\" content=\"article\" \/>\n<meta property=\"og:title\" content=\"ZPAS horganyzott k\u00e1belrendez\u0151 gy\u0171r\u0171 csomag, 44x44 mm-es(5 db\/csomag) - Network Market\" \/>\n<meta property=\"og:url\" content=\"https:\/\/networkmarket.sk\/sk\/shop\/rack-szekreny\/tartozek\/zpas-horganyzott-kabelrendezo-gyuru-csomag-44x44-mm-es5-db-csomag\/\" \/>\n<meta property=\"og:site_name\" content=\"Network Market\" \/>\n<meta name=\"twitter:card\" content=\"summary_large_image\" \/>\n<script type=\"application\/ld+json\" class=\"yoast-schema-graph\">{\"@context\":\"https:\\\/\\\/schema.org\",\"@graph\":[{\"@type\":\"WebPage\",\"@id\":\"https:\\\/\\\/networkmarket.sk\\\/sk\\\/shop\\\/rack-szekreny\\\/tartozek\\\/zpas-horganyzott-kabelrendezo-gyuru-csomag-44x44-mm-es5-db-csomag\\\/\",\"url\":\"https:\\\/\\\/networkmarket.sk\\\/sk\\\/shop\\\/rack-szekreny\\\/tartozek\\\/zpas-horganyzott-kabelrendezo-gyuru-csomag-44x44-mm-es5-db-csomag\\\/\",\"name\":\"ZPAS horganyzott k\u00e1belrendez\u0151 gy\u0171r\u0171 csomag, 44x44 mm-es(5 db\\\/csomag) - Network Market\",\"isPartOf\":{\"@id\":\"https:\\\/\\\/networkmarket.sk\\\/sk\\\/#website\"},\"datePublished\":\"2024-01-10T09:57:40+00:00\",\"breadcrumb\":{\"@id\":\"https:\\\/\\\/networkmarket.sk\\\/sk\\\/shop\\\/rack-szekreny\\\/tartozek\\\/zpas-horganyzott-kabelrendezo-gyuru-csomag-44x44-mm-es5-db-csomag\\\/#breadcrumb\"},\"inLanguage\":\"sk-SK\",\"potentialAction\":[{\"@type\":\"ReadAction\",\"target\":[\"https:\\\/\\\/networkmarket.sk\\\/sk\\\/shop\\\/rack-szekreny\\\/tartozek\\\/zpas-horganyzott-kabelrendezo-gyuru-csomag-44x44-mm-es5-db-csomag\\\/\"]}]},{\"@type\":\"BreadcrumbList\",\"@id\":\"https:\\\/\\\/networkmarket.sk\\\/sk\\\/shop\\\/rack-szekreny\\\/tartozek\\\/zpas-horganyzott-kabelrendezo-gyuru-csomag-44x44-mm-es5-db-csomag\\\/#breadcrumb\",\"itemListElement\":[{\"@type\":\"ListItem\",\"position\":1,\"name\":\"Home\",\"item\":\"https:\\\/\\\/networkmarket.sk\\\/sk\\\/\"},{\"@type\":\"ListItem\",\"position\":2,\"name\":\"Obchod\",\"item\":\"https:\\\/\\\/networkmarket.sk\\\/sk\\\/shop-2\\\/\"},{\"@type\":\"ListItem\",\"position\":3,\"name\":\"ZPAS horganyzott k\u00e1belrendez\u0151 gy\u0171r\u0171 csomag, 44&#215;44 mm-es(5 db\\\/csomag)\"}]},{\"@type\":\"WebSite\",\"@id\":\"https:\\\/\\\/networkmarket.sk\\\/sk\\\/#website\",\"url\":\"https:\\\/\\\/networkmarket.sk\\\/sk\\\/\",\"name\":\"Network Market\",\"description\":\"\",\"potentialAction\":[{\"@type\":\"SearchAction\",\"target\":{\"@type\":\"EntryPoint\",\"urlTemplate\":\"https:\\\/\\\/networkmarket.sk\\\/sk\\\/?s={search_term_string}\"},\"query-input\":{\"@type\":\"PropertyValueSpecification\",\"valueRequired\":true,\"valueName\":\"search_term_string\"}}],\"inLanguage\":\"sk-SK\"}]}<\/script>\n<!-- \/ Yoast SEO plugin. -->","yoast_head_json":{"title":"ZPAS horganyzott k\u00e1belrendez\u0151 gy\u0171r\u0171 csomag, 44x44 mm-es(5 db\/csomag) - Network Market","robots":{"index":"index","follow":"follow","max-snippet":"max-snippet:-1","max-image-preview":"max-image-preview:large","max-video-preview":"max-video-preview:-1"},"canonical":"https:\/\/networkmarket.sk\/sk\/shop\/rack-szekreny\/tartozek\/zpas-horganyzott-kabelrendezo-gyuru-csomag-44x44-mm-es5-db-csomag\/","og_locale":"sk_SK","og_type":"article","og_title":"ZPAS horganyzott k\u00e1belrendez\u0151 gy\u0171r\u0171 csomag, 44x44 mm-es(5 db\/csomag) - Network Market","og_url":"https:\/\/networkmarket.sk\/sk\/shop\/rack-szekreny\/tartozek\/zpas-horganyzott-kabelrendezo-gyuru-csomag-44x44-mm-es5-db-csomag\/","og_site_name":"Network Market","twitter_card":"summary_large_image","schema":{"@context":"https:\/\/schema.org","@graph":[{"@type":"WebPage","@id":"https:\/\/networkmarket.sk\/sk\/shop\/rack-szekreny\/tartozek\/zpas-horganyzott-kabelrendezo-gyuru-csomag-44x44-mm-es5-db-csomag\/","url":"https:\/\/networkmarket.sk\/sk\/shop\/rack-szekreny\/tartozek\/zpas-horganyzott-kabelrendezo-gyuru-csomag-44x44-mm-es5-db-csomag\/","name":"ZPAS horganyzott k\u00e1belrendez\u0151 gy\u0171r\u0171 csomag, 44x44 mm-es(5 db\/csomag) - Network Market","isPartOf":{"@id":"https:\/\/networkmarket.sk\/sk\/#website"},"datePublished":"2024-01-10T09:57:40+00:00","breadcrumb":{"@id":"https:\/\/networkmarket.sk\/sk\/shop\/rack-szekreny\/tartozek\/zpas-horganyzott-kabelrendezo-gyuru-csomag-44x44-mm-es5-db-csomag\/#breadcrumb"},"inLanguage":"sk-SK","potentialAction":[{"@type":"ReadAction","target":["https:\/\/networkmarket.sk\/sk\/shop\/rack-szekreny\/tartozek\/zpas-horganyzott-kabelrendezo-gyuru-csomag-44x44-mm-es5-db-csomag\/"]}]},{"@type":"BreadcrumbList","@id":"https:\/\/networkmarket.sk\/sk\/shop\/rack-szekreny\/tartozek\/zpas-horganyzott-kabelrendezo-gyuru-csomag-44x44-mm-es5-db-csomag\/#breadcrumb","itemListElement":[{"@type":"ListItem","position":1,"name":"Home","item":"https:\/\/networkmarket.sk\/sk\/"},{"@type":"ListItem","position":2,"name":"Obchod","item":"https:\/\/networkmarket.sk\/sk\/shop-2\/"},{"@type":"ListItem","position":3,"name":"ZPAS horganyzott k\u00e1belrendez\u0151 gy\u0171r\u0171 csomag, 44&#215;44 mm-es(5 db\/csomag)"}]},{"@type":"WebSite","@id":"https:\/\/networkmarket.sk\/sk\/#website","url":"https:\/\/networkmarket.sk\/sk\/","name":"Network Market","description":"","potentialAction":[{"@type":"SearchAction","target":{"@type":"EntryPoint","urlTemplate":"https:\/\/networkmarket.sk\/sk\/?s={search_term_string}"},"query-input":{"@type":"PropertyValueSpecification","valueRequired":true,"valueName":"search_term_string"}}],"inLanguage":"sk-SK"}]}},"_links":{"self":[{"href":"https:\/\/networkmarket.sk\/sk\/wp-json\/wp\/v2\/product\/15303","targetHints":{"allow":["GET"]}}],"collection":[{"href":"https:\/\/networkmarket.sk\/sk\/wp-json\/wp\/v2\/product"}],"about":[{"href":"https:\/\/networkmarket.sk\/sk\/wp-json\/wp\/v2\/types\/product"}],"wp:attachment":[{"href":"https:\/\/networkmarket.sk\/sk\/wp-json\/wp\/v2\/media?parent=15303"}],"wp:term":[{"taxonomy":"product_brand","embeddable":true,"href":"https:\/\/networkmarket.sk\/sk\/wp-json\/wp\/v2\/product_brand?post=15303"},{"taxonomy":"product_cat","embeddable":true,"href":"https:\/\/networkmarket.sk\/sk\/wp-json\/wp\/v2\/product_cat?post=15303"},{"taxonomy":"product_tag","embeddable":true,"href":"https:\/\/networkmarket.sk\/sk\/wp-json\/wp\/v2\/product_tag?post=15303"}],"curies":[{"name":"wp","href":"https:\/\/api.w.org\/{rel}","templated":true}]}}