{"id":15241,"date":"2023-12-19T10:56:18","date_gmt":"2023-12-19T09:56:18","guid":{"rendered":"https:\/\/networkmarket.sk\/shop\/nem-kategorizalt\/fibrain-exo-g0-optikai-kulteri-kabel-32-pe-sm-g-657a1-12-szal\/"},"modified":"2025-07-26T10:31:30","modified_gmt":"2025-07-26T08:31:30","slug":"fibrain-exo-g0-optikai-kulteri-kabel-32-pe-sm-g-657a1-12-szal","status":"publish","type":"product","link":"https:\/\/networkmarket.sk\/sk\/shop\/optika\/unvierzalis-kul-belteri-kabel\/fibrain-exo-g0-optikai-kulteri-kabel-32-pe-sm-g-657a1-12-szal\/","title":{"rendered":"Fibrain EXO-G0 optikai k\u00fclt\u00e9ri k\u00e1bel, 3,2  PE SM (G.657A1), 12 sz\u00e1l"},"content":{"rendered":"","protected":false},"excerpt":{"rendered":"","protected":false},"featured_media":19557,"template":"","meta":[],"product_brand":[],"product_cat":[138,872],"product_tag":[],"class_list":{"0":"post-15241","1":"product","2":"type-product","3":"status-publish","4":"has-post-thumbnail","6":"product_cat-optika","7":"product_cat-unvierzalis-kul-belteri-kabel","8":"pa_alap_mennyisegi_egyseg-m","9":"pa_gyarto-fibrain","10":"pa_kshszam-76","11":"pa_mennyisegi_egyseg-m","13":"first","14":"instock","15":"taxable","16":"shipping-taxable","17":"product-type-simple"},"yoast_head":"<!-- This site is optimized with the Yoast SEO plugin v27.3 - https:\/\/yoast.com\/product\/yoast-seo-wordpress\/ -->\n<title>Fibrain EXO-G0 optikai k\u00fclt\u00e9ri k\u00e1bel, 3,2 PE SM (G.657A1), 12 sz\u00e1l - Network Market<\/title>\n<meta name=\"robots\" content=\"index, follow, max-snippet:-1, max-image-preview:large, max-video-preview:-1\" \/>\n<link rel=\"canonical\" href=\"https:\/\/networkmarket.sk\/sk\/shop\/optika\/unvierzalis-kul-belteri-kabel\/fibrain-exo-g0-optikai-kulteri-kabel-32-pe-sm-g-657a1-12-szal\/\" \/>\n<meta property=\"og:locale\" content=\"sk_SK\" \/>\n<meta property=\"og:type\" content=\"article\" \/>\n<meta property=\"og:title\" content=\"Fibrain EXO-G0 optikai k\u00fclt\u00e9ri k\u00e1bel, 3,2 PE SM (G.657A1), 12 sz\u00e1l - Network Market\" \/>\n<meta property=\"og:url\" content=\"https:\/\/networkmarket.sk\/sk\/shop\/optika\/unvierzalis-kul-belteri-kabel\/fibrain-exo-g0-optikai-kulteri-kabel-32-pe-sm-g-657a1-12-szal\/\" \/>\n<meta property=\"og:site_name\" content=\"Network Market\" \/>\n<meta property=\"article:modified_time\" content=\"2025-07-26T08:31:30+00:00\" \/>\n<meta name=\"twitter:card\" content=\"summary_large_image\" \/>\n<script type=\"application\/ld+json\" class=\"yoast-schema-graph\">{\"@context\":\"https:\\\/\\\/schema.org\",\"@graph\":[{\"@type\":\"WebPage\",\"@id\":\"https:\\\/\\\/networkmarket.sk\\\/sk\\\/shop\\\/optika\\\/unvierzalis-kul-belteri-kabel\\\/fibrain-exo-g0-optikai-kulteri-kabel-32-pe-sm-g-657a1-12-szal\\\/\",\"url\":\"https:\\\/\\\/networkmarket.sk\\\/sk\\\/shop\\\/optika\\\/unvierzalis-kul-belteri-kabel\\\/fibrain-exo-g0-optikai-kulteri-kabel-32-pe-sm-g-657a1-12-szal\\\/\",\"name\":\"Fibrain EXO-G0 optikai k\u00fclt\u00e9ri k\u00e1bel, 3,2 PE SM (G.657A1), 12 sz\u00e1l - Network Market\",\"isPartOf\":{\"@id\":\"https:\\\/\\\/networkmarket.sk\\\/sk\\\/#website\"},\"primaryImageOfPage\":{\"@id\":\"https:\\\/\\\/networkmarket.sk\\\/sk\\\/shop\\\/optika\\\/unvierzalis-kul-belteri-kabel\\\/fibrain-exo-g0-optikai-kulteri-kabel-32-pe-sm-g-657a1-12-szal\\\/#primaryimage\"},\"image\":{\"@id\":\"https:\\\/\\\/networkmarket.sk\\\/sk\\\/shop\\\/optika\\\/unvierzalis-kul-belteri-kabel\\\/fibrain-exo-g0-optikai-kulteri-kabel-32-pe-sm-g-657a1-12-szal\\\/#primaryimage\"},\"thumbnailUrl\":\"https:\\\/\\\/networkmarket.sk\\\/wp-content\\\/uploads\\\/2025\\\/07\\\/Fibrain_EXO-G0_kulteri_optikai_kabel_PE_SM_G657A1_12_szal_-i16929.jpg\",\"datePublished\":\"2023-12-19T09:56:18+00:00\",\"dateModified\":\"2025-07-26T08:31:30+00:00\",\"breadcrumb\":{\"@id\":\"https:\\\/\\\/networkmarket.sk\\\/sk\\\/shop\\\/optika\\\/unvierzalis-kul-belteri-kabel\\\/fibrain-exo-g0-optikai-kulteri-kabel-32-pe-sm-g-657a1-12-szal\\\/#breadcrumb\"},\"inLanguage\":\"sk-SK\",\"potentialAction\":[{\"@type\":\"ReadAction\",\"target\":[\"https:\\\/\\\/networkmarket.sk\\\/sk\\\/shop\\\/optika\\\/unvierzalis-kul-belteri-kabel\\\/fibrain-exo-g0-optikai-kulteri-kabel-32-pe-sm-g-657a1-12-szal\\\/\"]}]},{\"@type\":\"ImageObject\",\"inLanguage\":\"sk-SK\",\"@id\":\"https:\\\/\\\/networkmarket.sk\\\/sk\\\/shop\\\/optika\\\/unvierzalis-kul-belteri-kabel\\\/fibrain-exo-g0-optikai-kulteri-kabel-32-pe-sm-g-657a1-12-szal\\\/#primaryimage\",\"url\":\"https:\\\/\\\/networkmarket.sk\\\/wp-content\\\/uploads\\\/2025\\\/07\\\/Fibrain_EXO-G0_kulteri_optikai_kabel_PE_SM_G657A1_12_szal_-i16929.jpg\",\"contentUrl\":\"https:\\\/\\\/networkmarket.sk\\\/wp-content\\\/uploads\\\/2025\\\/07\\\/Fibrain_EXO-G0_kulteri_optikai_kabel_PE_SM_G657A1_12_szal_-i16929.jpg\",\"width\":1024,\"height\":768},{\"@type\":\"BreadcrumbList\",\"@id\":\"https:\\\/\\\/networkmarket.sk\\\/sk\\\/shop\\\/optika\\\/unvierzalis-kul-belteri-kabel\\\/fibrain-exo-g0-optikai-kulteri-kabel-32-pe-sm-g-657a1-12-szal\\\/#breadcrumb\",\"itemListElement\":[{\"@type\":\"ListItem\",\"position\":1,\"name\":\"Home\",\"item\":\"https:\\\/\\\/networkmarket.sk\\\/sk\\\/\"},{\"@type\":\"ListItem\",\"position\":2,\"name\":\"Obchod\",\"item\":\"https:\\\/\\\/networkmarket.sk\\\/sk\\\/shop-2\\\/\"},{\"@type\":\"ListItem\",\"position\":3,\"name\":\"Fibrain EXO-G0 optikai k\u00fclt\u00e9ri k\u00e1bel, 3,2 PE SM (G.657A1), 12 sz\u00e1l\"}]},{\"@type\":\"WebSite\",\"@id\":\"https:\\\/\\\/networkmarket.sk\\\/sk\\\/#website\",\"url\":\"https:\\\/\\\/networkmarket.sk\\\/sk\\\/\",\"name\":\"Network Market\",\"description\":\"\",\"potentialAction\":[{\"@type\":\"SearchAction\",\"target\":{\"@type\":\"EntryPoint\",\"urlTemplate\":\"https:\\\/\\\/networkmarket.sk\\\/sk\\\/?s={search_term_string}\"},\"query-input\":{\"@type\":\"PropertyValueSpecification\",\"valueRequired\":true,\"valueName\":\"search_term_string\"}}],\"inLanguage\":\"sk-SK\"}]}<\/script>\n<!-- \/ Yoast SEO plugin. -->","yoast_head_json":{"title":"Fibrain EXO-G0 optikai k\u00fclt\u00e9ri k\u00e1bel, 3,2 PE SM (G.657A1), 12 sz\u00e1l - Network Market","robots":{"index":"index","follow":"follow","max-snippet":"max-snippet:-1","max-image-preview":"max-image-preview:large","max-video-preview":"max-video-preview:-1"},"canonical":"https:\/\/networkmarket.sk\/sk\/shop\/optika\/unvierzalis-kul-belteri-kabel\/fibrain-exo-g0-optikai-kulteri-kabel-32-pe-sm-g-657a1-12-szal\/","og_locale":"sk_SK","og_type":"article","og_title":"Fibrain EXO-G0 optikai k\u00fclt\u00e9ri k\u00e1bel, 3,2 PE SM (G.657A1), 12 sz\u00e1l - Network Market","og_url":"https:\/\/networkmarket.sk\/sk\/shop\/optika\/unvierzalis-kul-belteri-kabel\/fibrain-exo-g0-optikai-kulteri-kabel-32-pe-sm-g-657a1-12-szal\/","og_site_name":"Network Market","article_modified_time":"2025-07-26T08:31:30+00:00","twitter_card":"summary_large_image","schema":{"@context":"https:\/\/schema.org","@graph":[{"@type":"WebPage","@id":"https:\/\/networkmarket.sk\/sk\/shop\/optika\/unvierzalis-kul-belteri-kabel\/fibrain-exo-g0-optikai-kulteri-kabel-32-pe-sm-g-657a1-12-szal\/","url":"https:\/\/networkmarket.sk\/sk\/shop\/optika\/unvierzalis-kul-belteri-kabel\/fibrain-exo-g0-optikai-kulteri-kabel-32-pe-sm-g-657a1-12-szal\/","name":"Fibrain EXO-G0 optikai k\u00fclt\u00e9ri k\u00e1bel, 3,2 PE SM (G.657A1), 12 sz\u00e1l - Network Market","isPartOf":{"@id":"https:\/\/networkmarket.sk\/sk\/#website"},"primaryImageOfPage":{"@id":"https:\/\/networkmarket.sk\/sk\/shop\/optika\/unvierzalis-kul-belteri-kabel\/fibrain-exo-g0-optikai-kulteri-kabel-32-pe-sm-g-657a1-12-szal\/#primaryimage"},"image":{"@id":"https:\/\/networkmarket.sk\/sk\/shop\/optika\/unvierzalis-kul-belteri-kabel\/fibrain-exo-g0-optikai-kulteri-kabel-32-pe-sm-g-657a1-12-szal\/#primaryimage"},"thumbnailUrl":"https:\/\/networkmarket.sk\/wp-content\/uploads\/2025\/07\/Fibrain_EXO-G0_kulteri_optikai_kabel_PE_SM_G657A1_12_szal_-i16929.jpg","datePublished":"2023-12-19T09:56:18+00:00","dateModified":"2025-07-26T08:31:30+00:00","breadcrumb":{"@id":"https:\/\/networkmarket.sk\/sk\/shop\/optika\/unvierzalis-kul-belteri-kabel\/fibrain-exo-g0-optikai-kulteri-kabel-32-pe-sm-g-657a1-12-szal\/#breadcrumb"},"inLanguage":"sk-SK","potentialAction":[{"@type":"ReadAction","target":["https:\/\/networkmarket.sk\/sk\/shop\/optika\/unvierzalis-kul-belteri-kabel\/fibrain-exo-g0-optikai-kulteri-kabel-32-pe-sm-g-657a1-12-szal\/"]}]},{"@type":"ImageObject","inLanguage":"sk-SK","@id":"https:\/\/networkmarket.sk\/sk\/shop\/optika\/unvierzalis-kul-belteri-kabel\/fibrain-exo-g0-optikai-kulteri-kabel-32-pe-sm-g-657a1-12-szal\/#primaryimage","url":"https:\/\/networkmarket.sk\/wp-content\/uploads\/2025\/07\/Fibrain_EXO-G0_kulteri_optikai_kabel_PE_SM_G657A1_12_szal_-i16929.jpg","contentUrl":"https:\/\/networkmarket.sk\/wp-content\/uploads\/2025\/07\/Fibrain_EXO-G0_kulteri_optikai_kabel_PE_SM_G657A1_12_szal_-i16929.jpg","width":1024,"height":768},{"@type":"BreadcrumbList","@id":"https:\/\/networkmarket.sk\/sk\/shop\/optika\/unvierzalis-kul-belteri-kabel\/fibrain-exo-g0-optikai-kulteri-kabel-32-pe-sm-g-657a1-12-szal\/#breadcrumb","itemListElement":[{"@type":"ListItem","position":1,"name":"Home","item":"https:\/\/networkmarket.sk\/sk\/"},{"@type":"ListItem","position":2,"name":"Obchod","item":"https:\/\/networkmarket.sk\/sk\/shop-2\/"},{"@type":"ListItem","position":3,"name":"Fibrain EXO-G0 optikai k\u00fclt\u00e9ri k\u00e1bel, 3,2 PE SM (G.657A1), 12 sz\u00e1l"}]},{"@type":"WebSite","@id":"https:\/\/networkmarket.sk\/sk\/#website","url":"https:\/\/networkmarket.sk\/sk\/","name":"Network Market","description":"","potentialAction":[{"@type":"SearchAction","target":{"@type":"EntryPoint","urlTemplate":"https:\/\/networkmarket.sk\/sk\/?s={search_term_string}"},"query-input":{"@type":"PropertyValueSpecification","valueRequired":true,"valueName":"search_term_string"}}],"inLanguage":"sk-SK"}]}},"_links":{"self":[{"href":"https:\/\/networkmarket.sk\/sk\/wp-json\/wp\/v2\/product\/15241","targetHints":{"allow":["GET"]}}],"collection":[{"href":"https:\/\/networkmarket.sk\/sk\/wp-json\/wp\/v2\/product"}],"about":[{"href":"https:\/\/networkmarket.sk\/sk\/wp-json\/wp\/v2\/types\/product"}],"wp:featuredmedia":[{"embeddable":true,"href":"https:\/\/networkmarket.sk\/sk\/wp-json\/wp\/v2\/media\/19557"}],"wp:attachment":[{"href":"https:\/\/networkmarket.sk\/sk\/wp-json\/wp\/v2\/media?parent=15241"}],"wp:term":[{"taxonomy":"product_brand","embeddable":true,"href":"https:\/\/networkmarket.sk\/sk\/wp-json\/wp\/v2\/product_brand?post=15241"},{"taxonomy":"product_cat","embeddable":true,"href":"https:\/\/networkmarket.sk\/sk\/wp-json\/wp\/v2\/product_cat?post=15241"},{"taxonomy":"product_tag","embeddable":true,"href":"https:\/\/networkmarket.sk\/sk\/wp-json\/wp\/v2\/product_tag?post=15241"}],"curies":[{"name":"wp","href":"https:\/\/api.w.org\/{rel}","templated":true}]}}