{"id":14918,"date":"2023-10-03T11:57:53","date_gmt":"2023-10-03T09:57:53","guid":{"rendered":"https:\/\/networkmarket.sk\/shop\/nem-kategorizalt\/zpas-1800mm-x-150mm-x-15mm-racsos-kabeltalca\/"},"modified":"2023-10-03T11:57:53","modified_gmt":"2023-10-03T09:57:53","slug":"zpas-1800mm-x-150mm-x-15mm-racsos-kabeltalca","status":"publish","type":"product","link":"https:\/\/networkmarket.sk\/sk\/shop\/rack-szekreny\/tartozek\/zpas-1800mm-x-150mm-x-15mm-racsos-kabeltalca\/","title":{"rendered":"ZPAS 1800mm x 150mm x 15mm r\u00e1csos k\u00e1belt\u00e1lca"},"content":{"rendered":"","protected":false},"excerpt":{"rendered":"","protected":false},"featured_media":0,"template":"","meta":[],"product_brand":[],"product_cat":[142,892],"product_tag":[],"class_list":{"0":"post-14918","1":"product","2":"type-product","3":"status-publish","5":"product_cat-rack-szekreny","6":"product_cat-tartozek","7":"pa_alap_mennyisegi_egyseg-db","8":"pa_gyarto-zpas","9":"pa_kshszam-144","10":"pa_mennyisegi_egyseg-db","12":"first","13":"outofstock","14":"taxable","15":"shipping-taxable","16":"product-type-simple"},"yoast_head":"<!-- This site is optimized with the Yoast SEO plugin v27.3 - https:\/\/yoast.com\/product\/yoast-seo-wordpress\/ -->\n<title>ZPAS 1800mm x 150mm x 15mm r\u00e1csos k\u00e1belt\u00e1lca - Network Market<\/title>\n<meta name=\"robots\" content=\"index, follow, max-snippet:-1, max-image-preview:large, max-video-preview:-1\" \/>\n<link rel=\"canonical\" href=\"https:\/\/networkmarket.sk\/sk\/shop\/rack-szekreny\/tartozek\/zpas-1800mm-x-150mm-x-15mm-racsos-kabeltalca\/\" \/>\n<meta property=\"og:locale\" content=\"sk_SK\" \/>\n<meta property=\"og:type\" content=\"article\" \/>\n<meta property=\"og:title\" content=\"ZPAS 1800mm x 150mm x 15mm r\u00e1csos k\u00e1belt\u00e1lca - Network Market\" \/>\n<meta property=\"og:url\" content=\"https:\/\/networkmarket.sk\/sk\/shop\/rack-szekreny\/tartozek\/zpas-1800mm-x-150mm-x-15mm-racsos-kabeltalca\/\" \/>\n<meta property=\"og:site_name\" content=\"Network Market\" \/>\n<meta name=\"twitter:card\" content=\"summary_large_image\" \/>\n<script type=\"application\/ld+json\" class=\"yoast-schema-graph\">{\"@context\":\"https:\\\/\\\/schema.org\",\"@graph\":[{\"@type\":\"WebPage\",\"@id\":\"https:\\\/\\\/networkmarket.sk\\\/sk\\\/shop\\\/rack-szekreny\\\/tartozek\\\/zpas-1800mm-x-150mm-x-15mm-racsos-kabeltalca\\\/\",\"url\":\"https:\\\/\\\/networkmarket.sk\\\/sk\\\/shop\\\/rack-szekreny\\\/tartozek\\\/zpas-1800mm-x-150mm-x-15mm-racsos-kabeltalca\\\/\",\"name\":\"ZPAS 1800mm x 150mm x 15mm r\u00e1csos k\u00e1belt\u00e1lca - Network Market\",\"isPartOf\":{\"@id\":\"https:\\\/\\\/networkmarket.sk\\\/sk\\\/#website\"},\"datePublished\":\"2023-10-03T09:57:53+00:00\",\"breadcrumb\":{\"@id\":\"https:\\\/\\\/networkmarket.sk\\\/sk\\\/shop\\\/rack-szekreny\\\/tartozek\\\/zpas-1800mm-x-150mm-x-15mm-racsos-kabeltalca\\\/#breadcrumb\"},\"inLanguage\":\"sk-SK\",\"potentialAction\":[{\"@type\":\"ReadAction\",\"target\":[\"https:\\\/\\\/networkmarket.sk\\\/sk\\\/shop\\\/rack-szekreny\\\/tartozek\\\/zpas-1800mm-x-150mm-x-15mm-racsos-kabeltalca\\\/\"]}]},{\"@type\":\"BreadcrumbList\",\"@id\":\"https:\\\/\\\/networkmarket.sk\\\/sk\\\/shop\\\/rack-szekreny\\\/tartozek\\\/zpas-1800mm-x-150mm-x-15mm-racsos-kabeltalca\\\/#breadcrumb\",\"itemListElement\":[{\"@type\":\"ListItem\",\"position\":1,\"name\":\"Home\",\"item\":\"https:\\\/\\\/networkmarket.sk\\\/sk\\\/\"},{\"@type\":\"ListItem\",\"position\":2,\"name\":\"Obchod\",\"item\":\"https:\\\/\\\/networkmarket.sk\\\/sk\\\/shop-2\\\/\"},{\"@type\":\"ListItem\",\"position\":3,\"name\":\"ZPAS 1800mm x 150mm x 15mm r\u00e1csos k\u00e1belt\u00e1lca\"}]},{\"@type\":\"WebSite\",\"@id\":\"https:\\\/\\\/networkmarket.sk\\\/sk\\\/#website\",\"url\":\"https:\\\/\\\/networkmarket.sk\\\/sk\\\/\",\"name\":\"Network Market\",\"description\":\"\",\"potentialAction\":[{\"@type\":\"SearchAction\",\"target\":{\"@type\":\"EntryPoint\",\"urlTemplate\":\"https:\\\/\\\/networkmarket.sk\\\/sk\\\/?s={search_term_string}\"},\"query-input\":{\"@type\":\"PropertyValueSpecification\",\"valueRequired\":true,\"valueName\":\"search_term_string\"}}],\"inLanguage\":\"sk-SK\"}]}<\/script>\n<!-- \/ Yoast SEO plugin. -->","yoast_head_json":{"title":"ZPAS 1800mm x 150mm x 15mm r\u00e1csos k\u00e1belt\u00e1lca - Network Market","robots":{"index":"index","follow":"follow","max-snippet":"max-snippet:-1","max-image-preview":"max-image-preview:large","max-video-preview":"max-video-preview:-1"},"canonical":"https:\/\/networkmarket.sk\/sk\/shop\/rack-szekreny\/tartozek\/zpas-1800mm-x-150mm-x-15mm-racsos-kabeltalca\/","og_locale":"sk_SK","og_type":"article","og_title":"ZPAS 1800mm x 150mm x 15mm r\u00e1csos k\u00e1belt\u00e1lca - Network Market","og_url":"https:\/\/networkmarket.sk\/sk\/shop\/rack-szekreny\/tartozek\/zpas-1800mm-x-150mm-x-15mm-racsos-kabeltalca\/","og_site_name":"Network Market","twitter_card":"summary_large_image","schema":{"@context":"https:\/\/schema.org","@graph":[{"@type":"WebPage","@id":"https:\/\/networkmarket.sk\/sk\/shop\/rack-szekreny\/tartozek\/zpas-1800mm-x-150mm-x-15mm-racsos-kabeltalca\/","url":"https:\/\/networkmarket.sk\/sk\/shop\/rack-szekreny\/tartozek\/zpas-1800mm-x-150mm-x-15mm-racsos-kabeltalca\/","name":"ZPAS 1800mm x 150mm x 15mm r\u00e1csos k\u00e1belt\u00e1lca - Network Market","isPartOf":{"@id":"https:\/\/networkmarket.sk\/sk\/#website"},"datePublished":"2023-10-03T09:57:53+00:00","breadcrumb":{"@id":"https:\/\/networkmarket.sk\/sk\/shop\/rack-szekreny\/tartozek\/zpas-1800mm-x-150mm-x-15mm-racsos-kabeltalca\/#breadcrumb"},"inLanguage":"sk-SK","potentialAction":[{"@type":"ReadAction","target":["https:\/\/networkmarket.sk\/sk\/shop\/rack-szekreny\/tartozek\/zpas-1800mm-x-150mm-x-15mm-racsos-kabeltalca\/"]}]},{"@type":"BreadcrumbList","@id":"https:\/\/networkmarket.sk\/sk\/shop\/rack-szekreny\/tartozek\/zpas-1800mm-x-150mm-x-15mm-racsos-kabeltalca\/#breadcrumb","itemListElement":[{"@type":"ListItem","position":1,"name":"Home","item":"https:\/\/networkmarket.sk\/sk\/"},{"@type":"ListItem","position":2,"name":"Obchod","item":"https:\/\/networkmarket.sk\/sk\/shop-2\/"},{"@type":"ListItem","position":3,"name":"ZPAS 1800mm x 150mm x 15mm r\u00e1csos k\u00e1belt\u00e1lca"}]},{"@type":"WebSite","@id":"https:\/\/networkmarket.sk\/sk\/#website","url":"https:\/\/networkmarket.sk\/sk\/","name":"Network Market","description":"","potentialAction":[{"@type":"SearchAction","target":{"@type":"EntryPoint","urlTemplate":"https:\/\/networkmarket.sk\/sk\/?s={search_term_string}"},"query-input":{"@type":"PropertyValueSpecification","valueRequired":true,"valueName":"search_term_string"}}],"inLanguage":"sk-SK"}]}},"_links":{"self":[{"href":"https:\/\/networkmarket.sk\/sk\/wp-json\/wp\/v2\/product\/14918","targetHints":{"allow":["GET"]}}],"collection":[{"href":"https:\/\/networkmarket.sk\/sk\/wp-json\/wp\/v2\/product"}],"about":[{"href":"https:\/\/networkmarket.sk\/sk\/wp-json\/wp\/v2\/types\/product"}],"wp:attachment":[{"href":"https:\/\/networkmarket.sk\/sk\/wp-json\/wp\/v2\/media?parent=14918"}],"wp:term":[{"taxonomy":"product_brand","embeddable":true,"href":"https:\/\/networkmarket.sk\/sk\/wp-json\/wp\/v2\/product_brand?post=14918"},{"taxonomy":"product_cat","embeddable":true,"href":"https:\/\/networkmarket.sk\/sk\/wp-json\/wp\/v2\/product_cat?post=14918"},{"taxonomy":"product_tag","embeddable":true,"href":"https:\/\/networkmarket.sk\/sk\/wp-json\/wp\/v2\/product_tag?post=14918"}],"curies":[{"name":"wp","href":"https:\/\/api.w.org\/{rel}","templated":true}]}}