{"id":13143,"date":"2023-04-15T11:56:41","date_gmt":"2023-04-15T09:56:41","guid":{"rendered":"https:\/\/networkmarket.sk\/shop\/nem-kategorizalt\/fibrain-metrojet-7-4mm-es-mikrocso-vegzaro-kabelatvezetessel-d05-30mm-kabelhez\/"},"modified":"2023-04-17T10:23:56","modified_gmt":"2023-04-17T08:23:56","slug":"fibrain-metrojet-7-4mm-es-mikrocso-vegzaro-kabelatvezetessel-d05-30mm-kabelhez","status":"publish","type":"product","link":"https:\/\/networkmarket.sk\/sk\/shop\/egyeb\/egyeb-nem-besorolt\/fibrain-metrojet-7-4mm-es-mikrocso-vegzaro-kabelatvezetessel-d05-30mm-kabelhez\/","title":{"rendered":"Fibrain,  MetroJET 7\/4mm-es mikrocs\u0151 v\u00e9gz\u00e1r\u00f3 k\u00e1bel\u00e1tvezet\u00e9ssel (d=0,5,- 3,0mm k\u00e1belhez)"},"content":{"rendered":"","protected":false},"excerpt":{"rendered":"","protected":false},"featured_media":0,"template":"","meta":[],"product_brand":[],"product_cat":[26,92],"product_tag":[],"class_list":{"0":"post-13143","1":"product","2":"type-product","3":"status-publish","5":"product_cat-egyeb","6":"product_cat-egyeb-nem-besorolt","7":"pa_alap_mennyisegi_egyseg-db","8":"pa_gyarto-fibrain","9":"pa_kshszam-992","10":"pa_mennyisegi_egyseg-db","12":"first","13":"outofstock","14":"taxable","15":"shipping-taxable","16":"product-type-simple"},"yoast_head":"<!-- This site is optimized with the Yoast SEO plugin v27.3 - https:\/\/yoast.com\/product\/yoast-seo-wordpress\/ -->\n<title>Fibrain, MetroJET 7\/4mm-es mikrocs\u0151 v\u00e9gz\u00e1r\u00f3 k\u00e1bel\u00e1tvezet\u00e9ssel (d=0,5,- 3,0mm k\u00e1belhez) - Network Market<\/title>\n<meta name=\"robots\" content=\"index, follow, max-snippet:-1, max-image-preview:large, max-video-preview:-1\" \/>\n<link rel=\"canonical\" href=\"https:\/\/networkmarket.sk\/sk\/shop\/egyeb\/egyeb-nem-besorolt\/fibrain-metrojet-7-4mm-es-mikrocso-vegzaro-kabelatvezetessel-d05-30mm-kabelhez\/\" \/>\n<meta property=\"og:locale\" content=\"sk_SK\" \/>\n<meta property=\"og:type\" content=\"article\" \/>\n<meta property=\"og:title\" content=\"Fibrain, MetroJET 7\/4mm-es mikrocs\u0151 v\u00e9gz\u00e1r\u00f3 k\u00e1bel\u00e1tvezet\u00e9ssel (d=0,5,- 3,0mm k\u00e1belhez) - Network Market\" \/>\n<meta property=\"og:url\" content=\"https:\/\/networkmarket.sk\/sk\/shop\/egyeb\/egyeb-nem-besorolt\/fibrain-metrojet-7-4mm-es-mikrocso-vegzaro-kabelatvezetessel-d05-30mm-kabelhez\/\" \/>\n<meta property=\"og:site_name\" content=\"Network Market\" \/>\n<meta property=\"article:modified_time\" content=\"2023-04-17T08:23:56+00:00\" \/>\n<meta name=\"twitter:card\" content=\"summary_large_image\" \/>\n<script type=\"application\/ld+json\" class=\"yoast-schema-graph\">{\"@context\":\"https:\\\/\\\/schema.org\",\"@graph\":[{\"@type\":\"WebPage\",\"@id\":\"https:\\\/\\\/networkmarket.sk\\\/sk\\\/shop\\\/egyeb\\\/egyeb-nem-besorolt\\\/fibrain-metrojet-7-4mm-es-mikrocso-vegzaro-kabelatvezetessel-d05-30mm-kabelhez\\\/\",\"url\":\"https:\\\/\\\/networkmarket.sk\\\/sk\\\/shop\\\/egyeb\\\/egyeb-nem-besorolt\\\/fibrain-metrojet-7-4mm-es-mikrocso-vegzaro-kabelatvezetessel-d05-30mm-kabelhez\\\/\",\"name\":\"Fibrain, MetroJET 7\\\/4mm-es mikrocs\u0151 v\u00e9gz\u00e1r\u00f3 k\u00e1bel\u00e1tvezet\u00e9ssel (d=0,5,- 3,0mm k\u00e1belhez) - Network Market\",\"isPartOf\":{\"@id\":\"https:\\\/\\\/networkmarket.sk\\\/sk\\\/#website\"},\"datePublished\":\"2023-04-15T09:56:41+00:00\",\"dateModified\":\"2023-04-17T08:23:56+00:00\",\"breadcrumb\":{\"@id\":\"https:\\\/\\\/networkmarket.sk\\\/sk\\\/shop\\\/egyeb\\\/egyeb-nem-besorolt\\\/fibrain-metrojet-7-4mm-es-mikrocso-vegzaro-kabelatvezetessel-d05-30mm-kabelhez\\\/#breadcrumb\"},\"inLanguage\":\"sk-SK\",\"potentialAction\":[{\"@type\":\"ReadAction\",\"target\":[\"https:\\\/\\\/networkmarket.sk\\\/sk\\\/shop\\\/egyeb\\\/egyeb-nem-besorolt\\\/fibrain-metrojet-7-4mm-es-mikrocso-vegzaro-kabelatvezetessel-d05-30mm-kabelhez\\\/\"]}]},{\"@type\":\"BreadcrumbList\",\"@id\":\"https:\\\/\\\/networkmarket.sk\\\/sk\\\/shop\\\/egyeb\\\/egyeb-nem-besorolt\\\/fibrain-metrojet-7-4mm-es-mikrocso-vegzaro-kabelatvezetessel-d05-30mm-kabelhez\\\/#breadcrumb\",\"itemListElement\":[{\"@type\":\"ListItem\",\"position\":1,\"name\":\"Home\",\"item\":\"https:\\\/\\\/networkmarket.sk\\\/sk\\\/\"},{\"@type\":\"ListItem\",\"position\":2,\"name\":\"Obchod\",\"item\":\"https:\\\/\\\/networkmarket.sk\\\/sk\\\/shop-2\\\/\"},{\"@type\":\"ListItem\",\"position\":3,\"name\":\"Fibrain, MetroJET 7\\\/4mm-es mikrocs\u0151 v\u00e9gz\u00e1r\u00f3 k\u00e1bel\u00e1tvezet\u00e9ssel (d=0,5,- 3,0mm k\u00e1belhez)\"}]},{\"@type\":\"WebSite\",\"@id\":\"https:\\\/\\\/networkmarket.sk\\\/sk\\\/#website\",\"url\":\"https:\\\/\\\/networkmarket.sk\\\/sk\\\/\",\"name\":\"Network Market\",\"description\":\"\",\"potentialAction\":[{\"@type\":\"SearchAction\",\"target\":{\"@type\":\"EntryPoint\",\"urlTemplate\":\"https:\\\/\\\/networkmarket.sk\\\/sk\\\/?s={search_term_string}\"},\"query-input\":{\"@type\":\"PropertyValueSpecification\",\"valueRequired\":true,\"valueName\":\"search_term_string\"}}],\"inLanguage\":\"sk-SK\"}]}<\/script>\n<!-- \/ Yoast SEO plugin. -->","yoast_head_json":{"title":"Fibrain, MetroJET 7\/4mm-es mikrocs\u0151 v\u00e9gz\u00e1r\u00f3 k\u00e1bel\u00e1tvezet\u00e9ssel (d=0,5,- 3,0mm k\u00e1belhez) - Network Market","robots":{"index":"index","follow":"follow","max-snippet":"max-snippet:-1","max-image-preview":"max-image-preview:large","max-video-preview":"max-video-preview:-1"},"canonical":"https:\/\/networkmarket.sk\/sk\/shop\/egyeb\/egyeb-nem-besorolt\/fibrain-metrojet-7-4mm-es-mikrocso-vegzaro-kabelatvezetessel-d05-30mm-kabelhez\/","og_locale":"sk_SK","og_type":"article","og_title":"Fibrain, MetroJET 7\/4mm-es mikrocs\u0151 v\u00e9gz\u00e1r\u00f3 k\u00e1bel\u00e1tvezet\u00e9ssel (d=0,5,- 3,0mm k\u00e1belhez) - Network Market","og_url":"https:\/\/networkmarket.sk\/sk\/shop\/egyeb\/egyeb-nem-besorolt\/fibrain-metrojet-7-4mm-es-mikrocso-vegzaro-kabelatvezetessel-d05-30mm-kabelhez\/","og_site_name":"Network Market","article_modified_time":"2023-04-17T08:23:56+00:00","twitter_card":"summary_large_image","schema":{"@context":"https:\/\/schema.org","@graph":[{"@type":"WebPage","@id":"https:\/\/networkmarket.sk\/sk\/shop\/egyeb\/egyeb-nem-besorolt\/fibrain-metrojet-7-4mm-es-mikrocso-vegzaro-kabelatvezetessel-d05-30mm-kabelhez\/","url":"https:\/\/networkmarket.sk\/sk\/shop\/egyeb\/egyeb-nem-besorolt\/fibrain-metrojet-7-4mm-es-mikrocso-vegzaro-kabelatvezetessel-d05-30mm-kabelhez\/","name":"Fibrain, MetroJET 7\/4mm-es mikrocs\u0151 v\u00e9gz\u00e1r\u00f3 k\u00e1bel\u00e1tvezet\u00e9ssel (d=0,5,- 3,0mm k\u00e1belhez) - Network Market","isPartOf":{"@id":"https:\/\/networkmarket.sk\/sk\/#website"},"datePublished":"2023-04-15T09:56:41+00:00","dateModified":"2023-04-17T08:23:56+00:00","breadcrumb":{"@id":"https:\/\/networkmarket.sk\/sk\/shop\/egyeb\/egyeb-nem-besorolt\/fibrain-metrojet-7-4mm-es-mikrocso-vegzaro-kabelatvezetessel-d05-30mm-kabelhez\/#breadcrumb"},"inLanguage":"sk-SK","potentialAction":[{"@type":"ReadAction","target":["https:\/\/networkmarket.sk\/sk\/shop\/egyeb\/egyeb-nem-besorolt\/fibrain-metrojet-7-4mm-es-mikrocso-vegzaro-kabelatvezetessel-d05-30mm-kabelhez\/"]}]},{"@type":"BreadcrumbList","@id":"https:\/\/networkmarket.sk\/sk\/shop\/egyeb\/egyeb-nem-besorolt\/fibrain-metrojet-7-4mm-es-mikrocso-vegzaro-kabelatvezetessel-d05-30mm-kabelhez\/#breadcrumb","itemListElement":[{"@type":"ListItem","position":1,"name":"Home","item":"https:\/\/networkmarket.sk\/sk\/"},{"@type":"ListItem","position":2,"name":"Obchod","item":"https:\/\/networkmarket.sk\/sk\/shop-2\/"},{"@type":"ListItem","position":3,"name":"Fibrain, MetroJET 7\/4mm-es mikrocs\u0151 v\u00e9gz\u00e1r\u00f3 k\u00e1bel\u00e1tvezet\u00e9ssel (d=0,5,- 3,0mm k\u00e1belhez)"}]},{"@type":"WebSite","@id":"https:\/\/networkmarket.sk\/sk\/#website","url":"https:\/\/networkmarket.sk\/sk\/","name":"Network Market","description":"","potentialAction":[{"@type":"SearchAction","target":{"@type":"EntryPoint","urlTemplate":"https:\/\/networkmarket.sk\/sk\/?s={search_term_string}"},"query-input":{"@type":"PropertyValueSpecification","valueRequired":true,"valueName":"search_term_string"}}],"inLanguage":"sk-SK"}]}},"_links":{"self":[{"href":"https:\/\/networkmarket.sk\/sk\/wp-json\/wp\/v2\/product\/13143","targetHints":{"allow":["GET"]}}],"collection":[{"href":"https:\/\/networkmarket.sk\/sk\/wp-json\/wp\/v2\/product"}],"about":[{"href":"https:\/\/networkmarket.sk\/sk\/wp-json\/wp\/v2\/types\/product"}],"wp:attachment":[{"href":"https:\/\/networkmarket.sk\/sk\/wp-json\/wp\/v2\/media?parent=13143"}],"wp:term":[{"taxonomy":"product_brand","embeddable":true,"href":"https:\/\/networkmarket.sk\/sk\/wp-json\/wp\/v2\/product_brand?post=13143"},{"taxonomy":"product_cat","embeddable":true,"href":"https:\/\/networkmarket.sk\/sk\/wp-json\/wp\/v2\/product_cat?post=13143"},{"taxonomy":"product_tag","embeddable":true,"href":"https:\/\/networkmarket.sk\/sk\/wp-json\/wp\/v2\/product_tag?post=13143"}],"curies":[{"name":"wp","href":"https:\/\/api.w.org\/{rel}","templated":true}]}}