{"id":6488,"date":"2023-03-06T10:39:52","date_gmt":"2023-03-06T09:39:52","guid":{"rendered":"https:\/\/networkmarket.sk\/?post_type=product&#038;p=6488"},"modified":"2026-04-16T11:56:48","modified_gmt":"2026-04-16T09:56:48","slug":"fibraindata-premium-szerelt-patchkabel-s-ftp-cat-6a-szurke-kabel-fekete-toresgatlo-05m-2","status":"publish","type":"product","link":"https:\/\/networkmarket.sk\/hu\/shop\/strukturalt-kabelezes\/szerelt-patch-kabel\/fibraindata-premium-szerelt-patchkabel-s-ftp-cat-6a-szurke-kabel-fekete-toresgatlo-05m-2\/","title":{"rendered":"FibrainDATA Premium szerelt patchk\u00e1bel, S\/FTP cat.6A, sz\u00fcrke k\u00e1bel, fekete t\u00f6r\u00e9sg\u00e1tl\u00f3, 0,5m"},"content":{"rendered":"","protected":false},"excerpt":{"rendered":"","protected":false},"featured_media":9361,"template":"","meta":[],"product_brand":[],"product_cat":[146,147],"product_tag":[],"class_list":{"0":"post-6488","1":"product","2":"type-product","3":"status-publish","4":"has-post-thumbnail","6":"product_cat-strukturalt-kabelezes","7":"product_cat-szerelt-patch-kabel","8":"pa_alap_mennyisegi_egyseg-db","9":"pa_gyarto-fibrain","10":"pa_kshszam-116","11":"pa_mennyisegi_egyseg-db","13":"first","14":"outofstock","15":"taxable","16":"shipping-taxable","17":"product-type-simple"},"yoast_head":"<!-- This site is optimized with the Yoast SEO plugin v27.4 - https:\/\/yoast.com\/product\/yoast-seo-wordpress\/ -->\n<title>FibrainDATA Premium szerelt patchk\u00e1bel, S\/FTP cat.6A, sz\u00fcrke k\u00e1bel, fekete t\u00f6r\u00e9sg\u00e1tl\u00f3, 0,5m - Network Market<\/title>\n<meta name=\"robots\" content=\"index, follow, max-snippet:-1, max-image-preview:large, max-video-preview:-1\" \/>\n<link rel=\"canonical\" href=\"https:\/\/networkmarket.sk\/hu\/shop\/strukturalt-kabelezes\/szerelt-patch-kabel\/fibraindata-premium-szerelt-patchkabel-s-ftp-cat-6a-szurke-kabel-fekete-toresgatlo-05m-2\/\" \/>\n<meta property=\"og:locale\" content=\"hu_HU\" \/>\n<meta property=\"og:type\" content=\"article\" \/>\n<meta property=\"og:title\" content=\"FibrainDATA Premium szerelt patchk\u00e1bel, S\/FTP cat.6A, sz\u00fcrke k\u00e1bel, fekete t\u00f6r\u00e9sg\u00e1tl\u00f3, 0,5m - Network Market\" \/>\n<meta property=\"og:url\" content=\"https:\/\/networkmarket.sk\/hu\/shop\/strukturalt-kabelezes\/szerelt-patch-kabel\/fibraindata-premium-szerelt-patchkabel-s-ftp-cat-6a-szurke-kabel-fekete-toresgatlo-05m-2\/\" \/>\n<meta property=\"og:site_name\" content=\"Network Market\" \/>\n<meta property=\"article:modified_time\" content=\"2026-04-16T09:56:48+00:00\" \/>\n<meta property=\"og:image\" content=\"https:\/\/networkmarket.sk\/wp-content\/uploads\/2023\/03\/FibrainDATA_Premium_szerelt_patchkabel_SFTP_cat6A_szurke_kabel_fekete_toresgatlo_05m-i12474.png\" \/>\n\t<meta property=\"og:image:width\" content=\"1024\" \/>\n\t<meta property=\"og:image:height\" content=\"768\" \/>\n\t<meta property=\"og:image:type\" content=\"image\/png\" \/>\n<meta name=\"twitter:card\" content=\"summary_large_image\" \/>\n<script type=\"application\/ld+json\" class=\"yoast-schema-graph\">{\"@context\":\"https:\\\/\\\/schema.org\",\"@graph\":[{\"@type\":\"WebPage\",\"@id\":\"https:\\\/\\\/networkmarket.sk\\\/hu\\\/shop\\\/strukturalt-kabelezes\\\/szerelt-patch-kabel\\\/fibraindata-premium-szerelt-patchkabel-s-ftp-cat-6a-szurke-kabel-fekete-toresgatlo-05m-2\\\/\",\"url\":\"https:\\\/\\\/networkmarket.sk\\\/hu\\\/shop\\\/strukturalt-kabelezes\\\/szerelt-patch-kabel\\\/fibraindata-premium-szerelt-patchkabel-s-ftp-cat-6a-szurke-kabel-fekete-toresgatlo-05m-2\\\/\",\"name\":\"FibrainDATA Premium szerelt patchk\u00e1bel, S\\\/FTP cat.6A, sz\u00fcrke k\u00e1bel, fekete t\u00f6r\u00e9sg\u00e1tl\u00f3, 0,5m - Network Market\",\"isPartOf\":{\"@id\":\"https:\\\/\\\/networkmarket.sk\\\/hu\\\/#website\"},\"primaryImageOfPage\":{\"@id\":\"https:\\\/\\\/networkmarket.sk\\\/hu\\\/shop\\\/strukturalt-kabelezes\\\/szerelt-patch-kabel\\\/fibraindata-premium-szerelt-patchkabel-s-ftp-cat-6a-szurke-kabel-fekete-toresgatlo-05m-2\\\/#primaryimage\"},\"image\":{\"@id\":\"https:\\\/\\\/networkmarket.sk\\\/hu\\\/shop\\\/strukturalt-kabelezes\\\/szerelt-patch-kabel\\\/fibraindata-premium-szerelt-patchkabel-s-ftp-cat-6a-szurke-kabel-fekete-toresgatlo-05m-2\\\/#primaryimage\"},\"thumbnailUrl\":\"https:\\\/\\\/networkmarket.sk\\\/wp-content\\\/uploads\\\/2023\\\/03\\\/FibrainDATA_Premium_szerelt_patchkabel_SFTP_cat6A_szurke_kabel_fekete_toresgatlo_05m-i12474.png\",\"datePublished\":\"2023-03-06T09:39:52+00:00\",\"dateModified\":\"2026-04-16T09:56:48+00:00\",\"breadcrumb\":{\"@id\":\"https:\\\/\\\/networkmarket.sk\\\/hu\\\/shop\\\/strukturalt-kabelezes\\\/szerelt-patch-kabel\\\/fibraindata-premium-szerelt-patchkabel-s-ftp-cat-6a-szurke-kabel-fekete-toresgatlo-05m-2\\\/#breadcrumb\"},\"inLanguage\":\"hu\",\"potentialAction\":[{\"@type\":\"ReadAction\",\"target\":[\"https:\\\/\\\/networkmarket.sk\\\/hu\\\/shop\\\/strukturalt-kabelezes\\\/szerelt-patch-kabel\\\/fibraindata-premium-szerelt-patchkabel-s-ftp-cat-6a-szurke-kabel-fekete-toresgatlo-05m-2\\\/\"]}]},{\"@type\":\"ImageObject\",\"inLanguage\":\"hu\",\"@id\":\"https:\\\/\\\/networkmarket.sk\\\/hu\\\/shop\\\/strukturalt-kabelezes\\\/szerelt-patch-kabel\\\/fibraindata-premium-szerelt-patchkabel-s-ftp-cat-6a-szurke-kabel-fekete-toresgatlo-05m-2\\\/#primaryimage\",\"url\":\"https:\\\/\\\/networkmarket.sk\\\/wp-content\\\/uploads\\\/2023\\\/03\\\/FibrainDATA_Premium_szerelt_patchkabel_SFTP_cat6A_szurke_kabel_fekete_toresgatlo_05m-i12474.png\",\"contentUrl\":\"https:\\\/\\\/networkmarket.sk\\\/wp-content\\\/uploads\\\/2023\\\/03\\\/FibrainDATA_Premium_szerelt_patchkabel_SFTP_cat6A_szurke_kabel_fekete_toresgatlo_05m-i12474.png\",\"width\":1024,\"height\":768},{\"@type\":\"BreadcrumbList\",\"@id\":\"https:\\\/\\\/networkmarket.sk\\\/hu\\\/shop\\\/strukturalt-kabelezes\\\/szerelt-patch-kabel\\\/fibraindata-premium-szerelt-patchkabel-s-ftp-cat-6a-szurke-kabel-fekete-toresgatlo-05m-2\\\/#breadcrumb\",\"itemListElement\":[{\"@type\":\"ListItem\",\"position\":1,\"name\":\"Home\",\"item\":\"https:\\\/\\\/networkmarket.sk\\\/hu\\\/\"},{\"@type\":\"ListItem\",\"position\":2,\"name\":\"Term\u00e9kek\",\"item\":\"https:\\\/\\\/networkmarket.sk\\\/hu\\\/termekek\\\/\"},{\"@type\":\"ListItem\",\"position\":3,\"name\":\"FibrainDATA Premium szerelt patchk\u00e1bel, S\\\/FTP cat.6A, sz\u00fcrke k\u00e1bel, fekete t\u00f6r\u00e9sg\u00e1tl\u00f3, 0,5m\"}]},{\"@type\":\"WebSite\",\"@id\":\"https:\\\/\\\/networkmarket.sk\\\/hu\\\/#website\",\"url\":\"https:\\\/\\\/networkmarket.sk\\\/hu\\\/\",\"name\":\"Network Market\",\"description\":\"\",\"potentialAction\":[{\"@type\":\"SearchAction\",\"target\":{\"@type\":\"EntryPoint\",\"urlTemplate\":\"https:\\\/\\\/networkmarket.sk\\\/hu\\\/?s={search_term_string}\"},\"query-input\":{\"@type\":\"PropertyValueSpecification\",\"valueRequired\":true,\"valueName\":\"search_term_string\"}}],\"inLanguage\":\"hu\"}]}<\/script>\n<!-- \/ Yoast SEO plugin. -->","yoast_head_json":{"title":"FibrainDATA Premium szerelt patchk\u00e1bel, S\/FTP cat.6A, sz\u00fcrke k\u00e1bel, fekete t\u00f6r\u00e9sg\u00e1tl\u00f3, 0,5m - Network Market","robots":{"index":"index","follow":"follow","max-snippet":"max-snippet:-1","max-image-preview":"max-image-preview:large","max-video-preview":"max-video-preview:-1"},"canonical":"https:\/\/networkmarket.sk\/hu\/shop\/strukturalt-kabelezes\/szerelt-patch-kabel\/fibraindata-premium-szerelt-patchkabel-s-ftp-cat-6a-szurke-kabel-fekete-toresgatlo-05m-2\/","og_locale":"hu_HU","og_type":"article","og_title":"FibrainDATA Premium szerelt patchk\u00e1bel, S\/FTP cat.6A, sz\u00fcrke k\u00e1bel, fekete t\u00f6r\u00e9sg\u00e1tl\u00f3, 0,5m - Network Market","og_url":"https:\/\/networkmarket.sk\/hu\/shop\/strukturalt-kabelezes\/szerelt-patch-kabel\/fibraindata-premium-szerelt-patchkabel-s-ftp-cat-6a-szurke-kabel-fekete-toresgatlo-05m-2\/","og_site_name":"Network Market","article_modified_time":"2026-04-16T09:56:48+00:00","og_image":[{"width":1024,"height":768,"url":"https:\/\/networkmarket.sk\/wp-content\/uploads\/2023\/03\/FibrainDATA_Premium_szerelt_patchkabel_SFTP_cat6A_szurke_kabel_fekete_toresgatlo_05m-i12474.png","type":"image\/png"}],"twitter_card":"summary_large_image","schema":{"@context":"https:\/\/schema.org","@graph":[{"@type":"WebPage","@id":"https:\/\/networkmarket.sk\/hu\/shop\/strukturalt-kabelezes\/szerelt-patch-kabel\/fibraindata-premium-szerelt-patchkabel-s-ftp-cat-6a-szurke-kabel-fekete-toresgatlo-05m-2\/","url":"https:\/\/networkmarket.sk\/hu\/shop\/strukturalt-kabelezes\/szerelt-patch-kabel\/fibraindata-premium-szerelt-patchkabel-s-ftp-cat-6a-szurke-kabel-fekete-toresgatlo-05m-2\/","name":"FibrainDATA Premium szerelt patchk\u00e1bel, S\/FTP cat.6A, sz\u00fcrke k\u00e1bel, fekete t\u00f6r\u00e9sg\u00e1tl\u00f3, 0,5m - Network Market","isPartOf":{"@id":"https:\/\/networkmarket.sk\/hu\/#website"},"primaryImageOfPage":{"@id":"https:\/\/networkmarket.sk\/hu\/shop\/strukturalt-kabelezes\/szerelt-patch-kabel\/fibraindata-premium-szerelt-patchkabel-s-ftp-cat-6a-szurke-kabel-fekete-toresgatlo-05m-2\/#primaryimage"},"image":{"@id":"https:\/\/networkmarket.sk\/hu\/shop\/strukturalt-kabelezes\/szerelt-patch-kabel\/fibraindata-premium-szerelt-patchkabel-s-ftp-cat-6a-szurke-kabel-fekete-toresgatlo-05m-2\/#primaryimage"},"thumbnailUrl":"https:\/\/networkmarket.sk\/wp-content\/uploads\/2023\/03\/FibrainDATA_Premium_szerelt_patchkabel_SFTP_cat6A_szurke_kabel_fekete_toresgatlo_05m-i12474.png","datePublished":"2023-03-06T09:39:52+00:00","dateModified":"2026-04-16T09:56:48+00:00","breadcrumb":{"@id":"https:\/\/networkmarket.sk\/hu\/shop\/strukturalt-kabelezes\/szerelt-patch-kabel\/fibraindata-premium-szerelt-patchkabel-s-ftp-cat-6a-szurke-kabel-fekete-toresgatlo-05m-2\/#breadcrumb"},"inLanguage":"hu","potentialAction":[{"@type":"ReadAction","target":["https:\/\/networkmarket.sk\/hu\/shop\/strukturalt-kabelezes\/szerelt-patch-kabel\/fibraindata-premium-szerelt-patchkabel-s-ftp-cat-6a-szurke-kabel-fekete-toresgatlo-05m-2\/"]}]},{"@type":"ImageObject","inLanguage":"hu","@id":"https:\/\/networkmarket.sk\/hu\/shop\/strukturalt-kabelezes\/szerelt-patch-kabel\/fibraindata-premium-szerelt-patchkabel-s-ftp-cat-6a-szurke-kabel-fekete-toresgatlo-05m-2\/#primaryimage","url":"https:\/\/networkmarket.sk\/wp-content\/uploads\/2023\/03\/FibrainDATA_Premium_szerelt_patchkabel_SFTP_cat6A_szurke_kabel_fekete_toresgatlo_05m-i12474.png","contentUrl":"https:\/\/networkmarket.sk\/wp-content\/uploads\/2023\/03\/FibrainDATA_Premium_szerelt_patchkabel_SFTP_cat6A_szurke_kabel_fekete_toresgatlo_05m-i12474.png","width":1024,"height":768},{"@type":"BreadcrumbList","@id":"https:\/\/networkmarket.sk\/hu\/shop\/strukturalt-kabelezes\/szerelt-patch-kabel\/fibraindata-premium-szerelt-patchkabel-s-ftp-cat-6a-szurke-kabel-fekete-toresgatlo-05m-2\/#breadcrumb","itemListElement":[{"@type":"ListItem","position":1,"name":"Home","item":"https:\/\/networkmarket.sk\/hu\/"},{"@type":"ListItem","position":2,"name":"Term\u00e9kek","item":"https:\/\/networkmarket.sk\/hu\/termekek\/"},{"@type":"ListItem","position":3,"name":"FibrainDATA Premium szerelt patchk\u00e1bel, S\/FTP cat.6A, sz\u00fcrke k\u00e1bel, fekete t\u00f6r\u00e9sg\u00e1tl\u00f3, 0,5m"}]},{"@type":"WebSite","@id":"https:\/\/networkmarket.sk\/hu\/#website","url":"https:\/\/networkmarket.sk\/hu\/","name":"Network Market","description":"","potentialAction":[{"@type":"SearchAction","target":{"@type":"EntryPoint","urlTemplate":"https:\/\/networkmarket.sk\/hu\/?s={search_term_string}"},"query-input":{"@type":"PropertyValueSpecification","valueRequired":true,"valueName":"search_term_string"}}],"inLanguage":"hu"}]}},"_links":{"self":[{"href":"https:\/\/networkmarket.sk\/hu\/wp-json\/wp\/v2\/product\/6488","targetHints":{"allow":["GET"]}}],"collection":[{"href":"https:\/\/networkmarket.sk\/hu\/wp-json\/wp\/v2\/product"}],"about":[{"href":"https:\/\/networkmarket.sk\/hu\/wp-json\/wp\/v2\/types\/product"}],"wp:featuredmedia":[{"embeddable":true,"href":"https:\/\/networkmarket.sk\/hu\/wp-json\/wp\/v2\/media\/9361"}],"wp:attachment":[{"href":"https:\/\/networkmarket.sk\/hu\/wp-json\/wp\/v2\/media?parent=6488"}],"wp:term":[{"taxonomy":"product_brand","embeddable":true,"href":"https:\/\/networkmarket.sk\/hu\/wp-json\/wp\/v2\/product_brand?post=6488"},{"taxonomy":"product_cat","embeddable":true,"href":"https:\/\/networkmarket.sk\/hu\/wp-json\/wp\/v2\/product_cat?post=6488"},{"taxonomy":"product_tag","embeddable":true,"href":"https:\/\/networkmarket.sk\/hu\/wp-json\/wp\/v2\/product_tag?post=6488"}],"curies":[{"name":"wp","href":"https:\/\/api.w.org\/{rel}","templated":true}]}}