{"id":6416,"date":"2023-03-06T10:38:38","date_gmt":"2023-03-06T09:38:38","guid":{"rendered":"https:\/\/networkmarket.sk\/shop\/nem-kategorizalt\/fibrain-s-ftp-cat-6a-kulteri-foldkabel-lsohpe-500mhz-500m-dob-xr100-197-helyett\/"},"modified":"2024-02-23T09:21:19","modified_gmt":"2024-02-23T08:21:19","slug":"fibrain-s-ftp-cat-6a-kulteri-foldkabel-lsohpe-500mhz-500m-dob-xr100-197-helyett","status":"publish","type":"product","link":"https:\/\/networkmarket.sk\/hu\/shop\/optika\/kabel\/fibrain-s-ftp-cat-6a-kulteri-foldkabel-lsohpe-500mhz-500m-dob-xr100-197-helyett\/","title":{"rendered":"Fibrain, S\/FTP cat.6A k\u00fclt\u00e9ri f\u00f6ldk\u00e1bel, LSOH+PE 500MHZ (500m\/dob) (XR100.197 helyett)"},"content":{"rendered":"","protected":false},"excerpt":{"rendered":"","protected":false},"featured_media":14117,"template":"","meta":[],"product_brand":[],"product_cat":[141,146],"product_tag":[],"class_list":{"0":"post-6416","1":"product","2":"type-product","3":"status-publish","4":"has-post-thumbnail","6":"product_cat-kabel","7":"product_cat-strukturalt-kabelezes","8":"pa_alap_mennyisegi_egyseg-m","9":"pa_gyarto-fibrain","10":"pa_kshszam-150","11":"pa_mennyisegi_egyseg-m","13":"first","14":"outofstock","15":"taxable","16":"shipping-taxable","17":"product-type-simple"},"yoast_head":"<!-- This site is optimized with the Yoast SEO plugin v27.3 - https:\/\/yoast.com\/product\/yoast-seo-wordpress\/ -->\n<title>Fibrain, S\/FTP cat.6A k\u00fclt\u00e9ri f\u00f6ldk\u00e1bel, LSOH+PE 500MHZ (500m\/dob) (XR100.197 helyett) - Network Market<\/title>\n<meta name=\"robots\" content=\"index, follow, max-snippet:-1, max-image-preview:large, max-video-preview:-1\" \/>\n<link rel=\"canonical\" href=\"https:\/\/networkmarket.sk\/hu\/shop\/optika\/kabel\/fibrain-s-ftp-cat-6a-kulteri-foldkabel-lsohpe-500mhz-500m-dob-xr100-197-helyett\/\" \/>\n<meta property=\"og:locale\" content=\"hu_HU\" \/>\n<meta property=\"og:type\" content=\"article\" \/>\n<meta property=\"og:title\" content=\"Fibrain, S\/FTP cat.6A k\u00fclt\u00e9ri f\u00f6ldk\u00e1bel, LSOH+PE 500MHZ (500m\/dob) (XR100.197 helyett) - Network Market\" \/>\n<meta property=\"og:url\" content=\"https:\/\/networkmarket.sk\/hu\/shop\/optika\/kabel\/fibrain-s-ftp-cat-6a-kulteri-foldkabel-lsohpe-500mhz-500m-dob-xr100-197-helyett\/\" \/>\n<meta property=\"og:site_name\" content=\"Network Market\" \/>\n<meta property=\"article:modified_time\" content=\"2024-02-23T08:21:19+00:00\" \/>\n<meta name=\"twitter:card\" content=\"summary_large_image\" \/>\n<script type=\"application\/ld+json\" class=\"yoast-schema-graph\">{\"@context\":\"https:\\\/\\\/schema.org\",\"@graph\":[{\"@type\":\"WebPage\",\"@id\":\"https:\\\/\\\/networkmarket.sk\\\/hu\\\/shop\\\/optika\\\/kabel\\\/fibrain-s-ftp-cat-6a-kulteri-foldkabel-lsohpe-500mhz-500m-dob-xr100-197-helyett\\\/\",\"url\":\"https:\\\/\\\/networkmarket.sk\\\/hu\\\/shop\\\/optika\\\/kabel\\\/fibrain-s-ftp-cat-6a-kulteri-foldkabel-lsohpe-500mhz-500m-dob-xr100-197-helyett\\\/\",\"name\":\"Fibrain, S\\\/FTP cat.6A k\u00fclt\u00e9ri f\u00f6ldk\u00e1bel, LSOH+PE 500MHZ (500m\\\/dob) (XR100.197 helyett) - Network Market\",\"isPartOf\":{\"@id\":\"https:\\\/\\\/networkmarket.sk\\\/hu\\\/#website\"},\"primaryImageOfPage\":{\"@id\":\"https:\\\/\\\/networkmarket.sk\\\/hu\\\/shop\\\/optika\\\/kabel\\\/fibrain-s-ftp-cat-6a-kulteri-foldkabel-lsohpe-500mhz-500m-dob-xr100-197-helyett\\\/#primaryimage\"},\"image\":{\"@id\":\"https:\\\/\\\/networkmarket.sk\\\/hu\\\/shop\\\/optika\\\/kabel\\\/fibrain-s-ftp-cat-6a-kulteri-foldkabel-lsohpe-500mhz-500m-dob-xr100-197-helyett\\\/#primaryimage\"},\"thumbnailUrl\":\"https:\\\/\\\/networkmarket.sk\\\/wp-content\\\/uploads\\\/2023\\\/08\\\/Fibrain_SFTP_cat6A_kulteri_foldkabel_LSOH_PE_500MHZ_500mdob_XR100197_helyett-i16929.jpg\",\"datePublished\":\"2023-03-06T09:38:38+00:00\",\"dateModified\":\"2024-02-23T08:21:19+00:00\",\"breadcrumb\":{\"@id\":\"https:\\\/\\\/networkmarket.sk\\\/hu\\\/shop\\\/optika\\\/kabel\\\/fibrain-s-ftp-cat-6a-kulteri-foldkabel-lsohpe-500mhz-500m-dob-xr100-197-helyett\\\/#breadcrumb\"},\"inLanguage\":\"hu\",\"potentialAction\":[{\"@type\":\"ReadAction\",\"target\":[\"https:\\\/\\\/networkmarket.sk\\\/hu\\\/shop\\\/optika\\\/kabel\\\/fibrain-s-ftp-cat-6a-kulteri-foldkabel-lsohpe-500mhz-500m-dob-xr100-197-helyett\\\/\"]}]},{\"@type\":\"ImageObject\",\"inLanguage\":\"hu\",\"@id\":\"https:\\\/\\\/networkmarket.sk\\\/hu\\\/shop\\\/optika\\\/kabel\\\/fibrain-s-ftp-cat-6a-kulteri-foldkabel-lsohpe-500mhz-500m-dob-xr100-197-helyett\\\/#primaryimage\",\"url\":\"https:\\\/\\\/networkmarket.sk\\\/wp-content\\\/uploads\\\/2023\\\/08\\\/Fibrain_SFTP_cat6A_kulteri_foldkabel_LSOH_PE_500MHZ_500mdob_XR100197_helyett-i16929.jpg\",\"contentUrl\":\"https:\\\/\\\/networkmarket.sk\\\/wp-content\\\/uploads\\\/2023\\\/08\\\/Fibrain_SFTP_cat6A_kulteri_foldkabel_LSOH_PE_500MHZ_500mdob_XR100197_helyett-i16929.jpg\",\"width\":1024,\"height\":768},{\"@type\":\"BreadcrumbList\",\"@id\":\"https:\\\/\\\/networkmarket.sk\\\/hu\\\/shop\\\/optika\\\/kabel\\\/fibrain-s-ftp-cat-6a-kulteri-foldkabel-lsohpe-500mhz-500m-dob-xr100-197-helyett\\\/#breadcrumb\",\"itemListElement\":[{\"@type\":\"ListItem\",\"position\":1,\"name\":\"Home\",\"item\":\"https:\\\/\\\/networkmarket.sk\\\/hu\\\/\"},{\"@type\":\"ListItem\",\"position\":2,\"name\":\"Term\u00e9kek\",\"item\":\"https:\\\/\\\/networkmarket.sk\\\/hu\\\/termekek\\\/\"},{\"@type\":\"ListItem\",\"position\":3,\"name\":\"Fibrain, S\\\/FTP cat.6A k\u00fclt\u00e9ri f\u00f6ldk\u00e1bel, LSOH+PE 500MHZ (500m\\\/dob) (XR100.197 helyett)\"}]},{\"@type\":\"WebSite\",\"@id\":\"https:\\\/\\\/networkmarket.sk\\\/hu\\\/#website\",\"url\":\"https:\\\/\\\/networkmarket.sk\\\/hu\\\/\",\"name\":\"Network Market\",\"description\":\"\",\"potentialAction\":[{\"@type\":\"SearchAction\",\"target\":{\"@type\":\"EntryPoint\",\"urlTemplate\":\"https:\\\/\\\/networkmarket.sk\\\/hu\\\/?s={search_term_string}\"},\"query-input\":{\"@type\":\"PropertyValueSpecification\",\"valueRequired\":true,\"valueName\":\"search_term_string\"}}],\"inLanguage\":\"hu\"}]}<\/script>\n<!-- \/ Yoast SEO plugin. -->","yoast_head_json":{"title":"Fibrain, S\/FTP cat.6A k\u00fclt\u00e9ri f\u00f6ldk\u00e1bel, LSOH+PE 500MHZ (500m\/dob) (XR100.197 helyett) - Network Market","robots":{"index":"index","follow":"follow","max-snippet":"max-snippet:-1","max-image-preview":"max-image-preview:large","max-video-preview":"max-video-preview:-1"},"canonical":"https:\/\/networkmarket.sk\/hu\/shop\/optika\/kabel\/fibrain-s-ftp-cat-6a-kulteri-foldkabel-lsohpe-500mhz-500m-dob-xr100-197-helyett\/","og_locale":"hu_HU","og_type":"article","og_title":"Fibrain, S\/FTP cat.6A k\u00fclt\u00e9ri f\u00f6ldk\u00e1bel, LSOH+PE 500MHZ (500m\/dob) (XR100.197 helyett) - Network Market","og_url":"https:\/\/networkmarket.sk\/hu\/shop\/optika\/kabel\/fibrain-s-ftp-cat-6a-kulteri-foldkabel-lsohpe-500mhz-500m-dob-xr100-197-helyett\/","og_site_name":"Network Market","article_modified_time":"2024-02-23T08:21:19+00:00","twitter_card":"summary_large_image","schema":{"@context":"https:\/\/schema.org","@graph":[{"@type":"WebPage","@id":"https:\/\/networkmarket.sk\/hu\/shop\/optika\/kabel\/fibrain-s-ftp-cat-6a-kulteri-foldkabel-lsohpe-500mhz-500m-dob-xr100-197-helyett\/","url":"https:\/\/networkmarket.sk\/hu\/shop\/optika\/kabel\/fibrain-s-ftp-cat-6a-kulteri-foldkabel-lsohpe-500mhz-500m-dob-xr100-197-helyett\/","name":"Fibrain, S\/FTP cat.6A k\u00fclt\u00e9ri f\u00f6ldk\u00e1bel, LSOH+PE 500MHZ (500m\/dob) (XR100.197 helyett) - Network Market","isPartOf":{"@id":"https:\/\/networkmarket.sk\/hu\/#website"},"primaryImageOfPage":{"@id":"https:\/\/networkmarket.sk\/hu\/shop\/optika\/kabel\/fibrain-s-ftp-cat-6a-kulteri-foldkabel-lsohpe-500mhz-500m-dob-xr100-197-helyett\/#primaryimage"},"image":{"@id":"https:\/\/networkmarket.sk\/hu\/shop\/optika\/kabel\/fibrain-s-ftp-cat-6a-kulteri-foldkabel-lsohpe-500mhz-500m-dob-xr100-197-helyett\/#primaryimage"},"thumbnailUrl":"https:\/\/networkmarket.sk\/wp-content\/uploads\/2023\/08\/Fibrain_SFTP_cat6A_kulteri_foldkabel_LSOH_PE_500MHZ_500mdob_XR100197_helyett-i16929.jpg","datePublished":"2023-03-06T09:38:38+00:00","dateModified":"2024-02-23T08:21:19+00:00","breadcrumb":{"@id":"https:\/\/networkmarket.sk\/hu\/shop\/optika\/kabel\/fibrain-s-ftp-cat-6a-kulteri-foldkabel-lsohpe-500mhz-500m-dob-xr100-197-helyett\/#breadcrumb"},"inLanguage":"hu","potentialAction":[{"@type":"ReadAction","target":["https:\/\/networkmarket.sk\/hu\/shop\/optika\/kabel\/fibrain-s-ftp-cat-6a-kulteri-foldkabel-lsohpe-500mhz-500m-dob-xr100-197-helyett\/"]}]},{"@type":"ImageObject","inLanguage":"hu","@id":"https:\/\/networkmarket.sk\/hu\/shop\/optika\/kabel\/fibrain-s-ftp-cat-6a-kulteri-foldkabel-lsohpe-500mhz-500m-dob-xr100-197-helyett\/#primaryimage","url":"https:\/\/networkmarket.sk\/wp-content\/uploads\/2023\/08\/Fibrain_SFTP_cat6A_kulteri_foldkabel_LSOH_PE_500MHZ_500mdob_XR100197_helyett-i16929.jpg","contentUrl":"https:\/\/networkmarket.sk\/wp-content\/uploads\/2023\/08\/Fibrain_SFTP_cat6A_kulteri_foldkabel_LSOH_PE_500MHZ_500mdob_XR100197_helyett-i16929.jpg","width":1024,"height":768},{"@type":"BreadcrumbList","@id":"https:\/\/networkmarket.sk\/hu\/shop\/optika\/kabel\/fibrain-s-ftp-cat-6a-kulteri-foldkabel-lsohpe-500mhz-500m-dob-xr100-197-helyett\/#breadcrumb","itemListElement":[{"@type":"ListItem","position":1,"name":"Home","item":"https:\/\/networkmarket.sk\/hu\/"},{"@type":"ListItem","position":2,"name":"Term\u00e9kek","item":"https:\/\/networkmarket.sk\/hu\/termekek\/"},{"@type":"ListItem","position":3,"name":"Fibrain, S\/FTP cat.6A k\u00fclt\u00e9ri f\u00f6ldk\u00e1bel, LSOH+PE 500MHZ (500m\/dob) (XR100.197 helyett)"}]},{"@type":"WebSite","@id":"https:\/\/networkmarket.sk\/hu\/#website","url":"https:\/\/networkmarket.sk\/hu\/","name":"Network Market","description":"","potentialAction":[{"@type":"SearchAction","target":{"@type":"EntryPoint","urlTemplate":"https:\/\/networkmarket.sk\/hu\/?s={search_term_string}"},"query-input":{"@type":"PropertyValueSpecification","valueRequired":true,"valueName":"search_term_string"}}],"inLanguage":"hu"}]}},"_links":{"self":[{"href":"https:\/\/networkmarket.sk\/hu\/wp-json\/wp\/v2\/product\/6416","targetHints":{"allow":["GET"]}}],"collection":[{"href":"https:\/\/networkmarket.sk\/hu\/wp-json\/wp\/v2\/product"}],"about":[{"href":"https:\/\/networkmarket.sk\/hu\/wp-json\/wp\/v2\/types\/product"}],"wp:featuredmedia":[{"embeddable":true,"href":"https:\/\/networkmarket.sk\/hu\/wp-json\/wp\/v2\/media\/14117"}],"wp:attachment":[{"href":"https:\/\/networkmarket.sk\/hu\/wp-json\/wp\/v2\/media?parent=6416"}],"wp:term":[{"taxonomy":"product_brand","embeddable":true,"href":"https:\/\/networkmarket.sk\/hu\/wp-json\/wp\/v2\/product_brand?post=6416"},{"taxonomy":"product_cat","embeddable":true,"href":"https:\/\/networkmarket.sk\/hu\/wp-json\/wp\/v2\/product_cat?post=6416"},{"taxonomy":"product_tag","embeddable":true,"href":"https:\/\/networkmarket.sk\/hu\/wp-json\/wp\/v2\/product_tag?post=6416"}],"curies":[{"name":"wp","href":"https:\/\/api.w.org\/{rel}","templated":true}]}}