{"id":5484,"date":"2023-03-06T10:26:52","date_gmt":"2023-03-06T09:26:52","guid":{"rendered":"https:\/\/networkmarket.sk\/shop\/nem-kategorizalt\/zsugorcso-keszlet-4db-gerinc-kabelhez-1-oval-porthoz-fibrain-fobp-kotestartohoz\/"},"modified":"2024-02-23T09:20:54","modified_gmt":"2024-02-23T08:20:54","slug":"zsugorcso-keszlet-4db-gerinc-kabelhez-1-oval-porthoz-fibrain-fobp-kotestartohoz","status":"publish","type":"product","link":"https:\/\/networkmarket.sk\/hu\/shop\/optika\/kotestaro-es-elofizetoi-doboz\/zsugorcso-keszlet-4db-gerinc-kabelhez-1-oval-porthoz-fibrain-fobp-kotestartohoz\/","title":{"rendered":"Zsugorcs\u0151 k\u00e9szlet (4db gerinc k\u00e1belhez + 1 ov\u00e1l porthoz) Fibrain FOBP k\u00f6t\u00e9start\u00f3hoz"},"content":{"rendered":"","protected":false},"excerpt":{"rendered":"","protected":false},"featured_media":14006,"template":"","meta":[],"product_brand":[],"product_cat":[875,138],"product_tag":[],"class_list":{"0":"post-5484","1":"product","2":"type-product","3":"status-publish","4":"has-post-thumbnail","6":"product_cat-kotestaro-es-elofizetoi-doboz","7":"product_cat-optika","8":"pa_alap_mennyisegi_egyseg-db","9":"pa_gyarto-fibrain","10":"pa_kshszam-836","11":"pa_mennyisegi_egyseg-db","13":"first","14":"outofstock","15":"taxable","16":"shipping-taxable","17":"product-type-simple"},"yoast_head":"<!-- This site is optimized with the Yoast SEO plugin v27.4 - https:\/\/yoast.com\/product\/yoast-seo-wordpress\/ -->\n<title>Zsugorcs\u0151 k\u00e9szlet (4db gerinc k\u00e1belhez + 1 ov\u00e1l porthoz) Fibrain FOBP k\u00f6t\u00e9start\u00f3hoz - Network Market<\/title>\n<meta name=\"robots\" content=\"index, follow, max-snippet:-1, max-image-preview:large, max-video-preview:-1\" \/>\n<link rel=\"canonical\" href=\"https:\/\/networkmarket.sk\/hu\/shop\/optika\/kotestaro-es-elofizetoi-doboz\/zsugorcso-keszlet-4db-gerinc-kabelhez-1-oval-porthoz-fibrain-fobp-kotestartohoz\/\" \/>\n<meta property=\"og:locale\" content=\"hu_HU\" \/>\n<meta property=\"og:type\" content=\"article\" \/>\n<meta property=\"og:title\" content=\"Zsugorcs\u0151 k\u00e9szlet (4db gerinc k\u00e1belhez + 1 ov\u00e1l porthoz) Fibrain FOBP k\u00f6t\u00e9start\u00f3hoz - Network Market\" \/>\n<meta property=\"og:url\" content=\"https:\/\/networkmarket.sk\/hu\/shop\/optika\/kotestaro-es-elofizetoi-doboz\/zsugorcso-keszlet-4db-gerinc-kabelhez-1-oval-porthoz-fibrain-fobp-kotestartohoz\/\" \/>\n<meta property=\"og:site_name\" content=\"Network Market\" \/>\n<meta property=\"article:modified_time\" content=\"2024-02-23T08:20:54+00:00\" \/>\n<meta name=\"twitter:card\" content=\"summary_large_image\" \/>\n<script type=\"application\/ld+json\" class=\"yoast-schema-graph\">{\"@context\":\"https:\\\/\\\/schema.org\",\"@graph\":[{\"@type\":\"WebPage\",\"@id\":\"https:\\\/\\\/networkmarket.sk\\\/hu\\\/shop\\\/optika\\\/kotestaro-es-elofizetoi-doboz\\\/zsugorcso-keszlet-4db-gerinc-kabelhez-1-oval-porthoz-fibrain-fobp-kotestartohoz\\\/\",\"url\":\"https:\\\/\\\/networkmarket.sk\\\/hu\\\/shop\\\/optika\\\/kotestaro-es-elofizetoi-doboz\\\/zsugorcso-keszlet-4db-gerinc-kabelhez-1-oval-porthoz-fibrain-fobp-kotestartohoz\\\/\",\"name\":\"Zsugorcs\u0151 k\u00e9szlet (4db gerinc k\u00e1belhez + 1 ov\u00e1l porthoz) Fibrain FOBP k\u00f6t\u00e9start\u00f3hoz - Network Market\",\"isPartOf\":{\"@id\":\"https:\\\/\\\/networkmarket.sk\\\/hu\\\/#website\"},\"primaryImageOfPage\":{\"@id\":\"https:\\\/\\\/networkmarket.sk\\\/hu\\\/shop\\\/optika\\\/kotestaro-es-elofizetoi-doboz\\\/zsugorcso-keszlet-4db-gerinc-kabelhez-1-oval-porthoz-fibrain-fobp-kotestartohoz\\\/#primaryimage\"},\"image\":{\"@id\":\"https:\\\/\\\/networkmarket.sk\\\/hu\\\/shop\\\/optika\\\/kotestaro-es-elofizetoi-doboz\\\/zsugorcso-keszlet-4db-gerinc-kabelhez-1-oval-porthoz-fibrain-fobp-kotestartohoz\\\/#primaryimage\"},\"thumbnailUrl\":\"https:\\\/\\\/networkmarket.sk\\\/wp-content\\\/uploads\\\/2023\\\/08\\\/Zsugorcso_keszlet_4db_gerinc_kabelhez_1_oval_porthoz_Fibrain_FOBP_kotestartohoz-i16929.jpg\",\"datePublished\":\"2023-03-06T09:26:52+00:00\",\"dateModified\":\"2024-02-23T08:20:54+00:00\",\"breadcrumb\":{\"@id\":\"https:\\\/\\\/networkmarket.sk\\\/hu\\\/shop\\\/optika\\\/kotestaro-es-elofizetoi-doboz\\\/zsugorcso-keszlet-4db-gerinc-kabelhez-1-oval-porthoz-fibrain-fobp-kotestartohoz\\\/#breadcrumb\"},\"inLanguage\":\"hu\",\"potentialAction\":[{\"@type\":\"ReadAction\",\"target\":[\"https:\\\/\\\/networkmarket.sk\\\/hu\\\/shop\\\/optika\\\/kotestaro-es-elofizetoi-doboz\\\/zsugorcso-keszlet-4db-gerinc-kabelhez-1-oval-porthoz-fibrain-fobp-kotestartohoz\\\/\"]}]},{\"@type\":\"ImageObject\",\"inLanguage\":\"hu\",\"@id\":\"https:\\\/\\\/networkmarket.sk\\\/hu\\\/shop\\\/optika\\\/kotestaro-es-elofizetoi-doboz\\\/zsugorcso-keszlet-4db-gerinc-kabelhez-1-oval-porthoz-fibrain-fobp-kotestartohoz\\\/#primaryimage\",\"url\":\"https:\\\/\\\/networkmarket.sk\\\/wp-content\\\/uploads\\\/2023\\\/08\\\/Zsugorcso_keszlet_4db_gerinc_kabelhez_1_oval_porthoz_Fibrain_FOBP_kotestartohoz-i16929.jpg\",\"contentUrl\":\"https:\\\/\\\/networkmarket.sk\\\/wp-content\\\/uploads\\\/2023\\\/08\\\/Zsugorcso_keszlet_4db_gerinc_kabelhez_1_oval_porthoz_Fibrain_FOBP_kotestartohoz-i16929.jpg\",\"width\":1024,\"height\":768},{\"@type\":\"BreadcrumbList\",\"@id\":\"https:\\\/\\\/networkmarket.sk\\\/hu\\\/shop\\\/optika\\\/kotestaro-es-elofizetoi-doboz\\\/zsugorcso-keszlet-4db-gerinc-kabelhez-1-oval-porthoz-fibrain-fobp-kotestartohoz\\\/#breadcrumb\",\"itemListElement\":[{\"@type\":\"ListItem\",\"position\":1,\"name\":\"Home\",\"item\":\"https:\\\/\\\/networkmarket.sk\\\/hu\\\/\"},{\"@type\":\"ListItem\",\"position\":2,\"name\":\"Term\u00e9kek\",\"item\":\"https:\\\/\\\/networkmarket.sk\\\/hu\\\/termekek\\\/\"},{\"@type\":\"ListItem\",\"position\":3,\"name\":\"Zsugorcs\u0151 k\u00e9szlet (4db gerinc k\u00e1belhez + 1 ov\u00e1l porthoz) Fibrain FOBP k\u00f6t\u00e9start\u00f3hoz\"}]},{\"@type\":\"WebSite\",\"@id\":\"https:\\\/\\\/networkmarket.sk\\\/hu\\\/#website\",\"url\":\"https:\\\/\\\/networkmarket.sk\\\/hu\\\/\",\"name\":\"Network Market\",\"description\":\"\",\"potentialAction\":[{\"@type\":\"SearchAction\",\"target\":{\"@type\":\"EntryPoint\",\"urlTemplate\":\"https:\\\/\\\/networkmarket.sk\\\/hu\\\/?s={search_term_string}\"},\"query-input\":{\"@type\":\"PropertyValueSpecification\",\"valueRequired\":true,\"valueName\":\"search_term_string\"}}],\"inLanguage\":\"hu\"}]}<\/script>\n<!-- \/ Yoast SEO plugin. -->","yoast_head_json":{"title":"Zsugorcs\u0151 k\u00e9szlet (4db gerinc k\u00e1belhez + 1 ov\u00e1l porthoz) Fibrain FOBP k\u00f6t\u00e9start\u00f3hoz - Network Market","robots":{"index":"index","follow":"follow","max-snippet":"max-snippet:-1","max-image-preview":"max-image-preview:large","max-video-preview":"max-video-preview:-1"},"canonical":"https:\/\/networkmarket.sk\/hu\/shop\/optika\/kotestaro-es-elofizetoi-doboz\/zsugorcso-keszlet-4db-gerinc-kabelhez-1-oval-porthoz-fibrain-fobp-kotestartohoz\/","og_locale":"hu_HU","og_type":"article","og_title":"Zsugorcs\u0151 k\u00e9szlet (4db gerinc k\u00e1belhez + 1 ov\u00e1l porthoz) Fibrain FOBP k\u00f6t\u00e9start\u00f3hoz - Network Market","og_url":"https:\/\/networkmarket.sk\/hu\/shop\/optika\/kotestaro-es-elofizetoi-doboz\/zsugorcso-keszlet-4db-gerinc-kabelhez-1-oval-porthoz-fibrain-fobp-kotestartohoz\/","og_site_name":"Network Market","article_modified_time":"2024-02-23T08:20:54+00:00","twitter_card":"summary_large_image","schema":{"@context":"https:\/\/schema.org","@graph":[{"@type":"WebPage","@id":"https:\/\/networkmarket.sk\/hu\/shop\/optika\/kotestaro-es-elofizetoi-doboz\/zsugorcso-keszlet-4db-gerinc-kabelhez-1-oval-porthoz-fibrain-fobp-kotestartohoz\/","url":"https:\/\/networkmarket.sk\/hu\/shop\/optika\/kotestaro-es-elofizetoi-doboz\/zsugorcso-keszlet-4db-gerinc-kabelhez-1-oval-porthoz-fibrain-fobp-kotestartohoz\/","name":"Zsugorcs\u0151 k\u00e9szlet (4db gerinc k\u00e1belhez + 1 ov\u00e1l porthoz) Fibrain FOBP k\u00f6t\u00e9start\u00f3hoz - Network Market","isPartOf":{"@id":"https:\/\/networkmarket.sk\/hu\/#website"},"primaryImageOfPage":{"@id":"https:\/\/networkmarket.sk\/hu\/shop\/optika\/kotestaro-es-elofizetoi-doboz\/zsugorcso-keszlet-4db-gerinc-kabelhez-1-oval-porthoz-fibrain-fobp-kotestartohoz\/#primaryimage"},"image":{"@id":"https:\/\/networkmarket.sk\/hu\/shop\/optika\/kotestaro-es-elofizetoi-doboz\/zsugorcso-keszlet-4db-gerinc-kabelhez-1-oval-porthoz-fibrain-fobp-kotestartohoz\/#primaryimage"},"thumbnailUrl":"https:\/\/networkmarket.sk\/wp-content\/uploads\/2023\/08\/Zsugorcso_keszlet_4db_gerinc_kabelhez_1_oval_porthoz_Fibrain_FOBP_kotestartohoz-i16929.jpg","datePublished":"2023-03-06T09:26:52+00:00","dateModified":"2024-02-23T08:20:54+00:00","breadcrumb":{"@id":"https:\/\/networkmarket.sk\/hu\/shop\/optika\/kotestaro-es-elofizetoi-doboz\/zsugorcso-keszlet-4db-gerinc-kabelhez-1-oval-porthoz-fibrain-fobp-kotestartohoz\/#breadcrumb"},"inLanguage":"hu","potentialAction":[{"@type":"ReadAction","target":["https:\/\/networkmarket.sk\/hu\/shop\/optika\/kotestaro-es-elofizetoi-doboz\/zsugorcso-keszlet-4db-gerinc-kabelhez-1-oval-porthoz-fibrain-fobp-kotestartohoz\/"]}]},{"@type":"ImageObject","inLanguage":"hu","@id":"https:\/\/networkmarket.sk\/hu\/shop\/optika\/kotestaro-es-elofizetoi-doboz\/zsugorcso-keszlet-4db-gerinc-kabelhez-1-oval-porthoz-fibrain-fobp-kotestartohoz\/#primaryimage","url":"https:\/\/networkmarket.sk\/wp-content\/uploads\/2023\/08\/Zsugorcso_keszlet_4db_gerinc_kabelhez_1_oval_porthoz_Fibrain_FOBP_kotestartohoz-i16929.jpg","contentUrl":"https:\/\/networkmarket.sk\/wp-content\/uploads\/2023\/08\/Zsugorcso_keszlet_4db_gerinc_kabelhez_1_oval_porthoz_Fibrain_FOBP_kotestartohoz-i16929.jpg","width":1024,"height":768},{"@type":"BreadcrumbList","@id":"https:\/\/networkmarket.sk\/hu\/shop\/optika\/kotestaro-es-elofizetoi-doboz\/zsugorcso-keszlet-4db-gerinc-kabelhez-1-oval-porthoz-fibrain-fobp-kotestartohoz\/#breadcrumb","itemListElement":[{"@type":"ListItem","position":1,"name":"Home","item":"https:\/\/networkmarket.sk\/hu\/"},{"@type":"ListItem","position":2,"name":"Term\u00e9kek","item":"https:\/\/networkmarket.sk\/hu\/termekek\/"},{"@type":"ListItem","position":3,"name":"Zsugorcs\u0151 k\u00e9szlet (4db gerinc k\u00e1belhez + 1 ov\u00e1l porthoz) Fibrain FOBP k\u00f6t\u00e9start\u00f3hoz"}]},{"@type":"WebSite","@id":"https:\/\/networkmarket.sk\/hu\/#website","url":"https:\/\/networkmarket.sk\/hu\/","name":"Network Market","description":"","potentialAction":[{"@type":"SearchAction","target":{"@type":"EntryPoint","urlTemplate":"https:\/\/networkmarket.sk\/hu\/?s={search_term_string}"},"query-input":{"@type":"PropertyValueSpecification","valueRequired":true,"valueName":"search_term_string"}}],"inLanguage":"hu"}]}},"_links":{"self":[{"href":"https:\/\/networkmarket.sk\/hu\/wp-json\/wp\/v2\/product\/5484","targetHints":{"allow":["GET"]}}],"collection":[{"href":"https:\/\/networkmarket.sk\/hu\/wp-json\/wp\/v2\/product"}],"about":[{"href":"https:\/\/networkmarket.sk\/hu\/wp-json\/wp\/v2\/types\/product"}],"wp:featuredmedia":[{"embeddable":true,"href":"https:\/\/networkmarket.sk\/hu\/wp-json\/wp\/v2\/media\/14006"}],"wp:attachment":[{"href":"https:\/\/networkmarket.sk\/hu\/wp-json\/wp\/v2\/media?parent=5484"}],"wp:term":[{"taxonomy":"product_brand","embeddable":true,"href":"https:\/\/networkmarket.sk\/hu\/wp-json\/wp\/v2\/product_brand?post=5484"},{"taxonomy":"product_cat","embeddable":true,"href":"https:\/\/networkmarket.sk\/hu\/wp-json\/wp\/v2\/product_cat?post=5484"},{"taxonomy":"product_tag","embeddable":true,"href":"https:\/\/networkmarket.sk\/hu\/wp-json\/wp\/v2\/product_tag?post=5484"}],"curies":[{"name":"wp","href":"https:\/\/api.w.org\/{rel}","templated":true}]}}