{"id":12856,"date":"2023-04-06T11:56:38","date_gmt":"2023-04-06T09:56:38","guid":{"rendered":"https:\/\/networkmarket.sk\/shop\/nem-kategorizalt\/fibrain-19-1u-gyurus-panel-nyithato-gyurukkel-fekete10-db-csomag\/"},"modified":"2023-06-30T11:57:14","modified_gmt":"2023-06-30T09:57:14","slug":"fibrain-19-1u-gyurus-panel-nyithato-gyurukkel-fekete10-db-csomag","status":"publish","type":"product","link":"https:\/\/networkmarket.sk\/hu\/shop\/rack-szekreny\/tartozek\/fibrain-19-1u-gyurus-panel-nyithato-gyurukkel-fekete10-db-csomag\/","title":{"rendered":"Fibrain, 19&#8243; 1U gy\u0171r\u0171s panel nyithat\u00f3 gy\u0171r\u0171kkel, fekete (10 db\/csomag)"},"content":{"rendered":"","protected":false},"excerpt":{"rendered":"","protected":false},"featured_media":0,"template":"","meta":[],"product_brand":[],"product_cat":[142,892],"product_tag":[],"class_list":{"0":"post-12856","1":"product","2":"type-product","3":"status-publish","5":"product_cat-rack-szekreny","6":"product_cat-tartozek","7":"pa_alap_mennyisegi_egyseg-csomag","8":"pa_gyarto-fibrain","9":"pa_kshszam-893","10":"pa_mennyisegi_egyseg-db","12":"first","13":"outofstock","14":"taxable","15":"shipping-taxable","16":"product-type-simple"},"yoast_head":"<!-- This site is optimized with the Yoast SEO plugin v27.4 - https:\/\/yoast.com\/product\/yoast-seo-wordpress\/ -->\n<title>Fibrain, 19&quot; 1U gy\u0171r\u0171s panel nyithat\u00f3 gy\u0171r\u0171kkel, fekete (10 db\/csomag) - Network Market<\/title>\n<meta name=\"robots\" content=\"index, follow, max-snippet:-1, max-image-preview:large, max-video-preview:-1\" \/>\n<link rel=\"canonical\" href=\"https:\/\/networkmarket.sk\/hu\/shop\/rack-szekreny\/tartozek\/fibrain-19-1u-gyurus-panel-nyithato-gyurukkel-fekete10-db-csomag\/\" \/>\n<meta property=\"og:locale\" content=\"hu_HU\" \/>\n<meta property=\"og:type\" content=\"article\" \/>\n<meta property=\"og:title\" content=\"Fibrain, 19&quot; 1U gy\u0171r\u0171s panel nyithat\u00f3 gy\u0171r\u0171kkel, fekete (10 db\/csomag) - Network Market\" \/>\n<meta property=\"og:url\" content=\"https:\/\/networkmarket.sk\/hu\/shop\/rack-szekreny\/tartozek\/fibrain-19-1u-gyurus-panel-nyithato-gyurukkel-fekete10-db-csomag\/\" \/>\n<meta property=\"og:site_name\" content=\"Network Market\" \/>\n<meta property=\"article:modified_time\" content=\"2023-06-30T09:57:14+00:00\" \/>\n<meta name=\"twitter:card\" content=\"summary_large_image\" \/>\n<script type=\"application\/ld+json\" class=\"yoast-schema-graph\">{\"@context\":\"https:\\\/\\\/schema.org\",\"@graph\":[{\"@type\":\"WebPage\",\"@id\":\"https:\\\/\\\/networkmarket.sk\\\/hu\\\/shop\\\/rack-szekreny\\\/tartozek\\\/fibrain-19-1u-gyurus-panel-nyithato-gyurukkel-fekete10-db-csomag\\\/\",\"url\":\"https:\\\/\\\/networkmarket.sk\\\/hu\\\/shop\\\/rack-szekreny\\\/tartozek\\\/fibrain-19-1u-gyurus-panel-nyithato-gyurukkel-fekete10-db-csomag\\\/\",\"name\":\"Fibrain, 19\\\" 1U gy\u0171r\u0171s panel nyithat\u00f3 gy\u0171r\u0171kkel, fekete (10 db\\\/csomag) - Network Market\",\"isPartOf\":{\"@id\":\"https:\\\/\\\/networkmarket.sk\\\/hu\\\/#website\"},\"datePublished\":\"2023-04-06T09:56:38+00:00\",\"dateModified\":\"2023-06-30T09:57:14+00:00\",\"breadcrumb\":{\"@id\":\"https:\\\/\\\/networkmarket.sk\\\/hu\\\/shop\\\/rack-szekreny\\\/tartozek\\\/fibrain-19-1u-gyurus-panel-nyithato-gyurukkel-fekete10-db-csomag\\\/#breadcrumb\"},\"inLanguage\":\"hu\",\"potentialAction\":[{\"@type\":\"ReadAction\",\"target\":[\"https:\\\/\\\/networkmarket.sk\\\/hu\\\/shop\\\/rack-szekreny\\\/tartozek\\\/fibrain-19-1u-gyurus-panel-nyithato-gyurukkel-fekete10-db-csomag\\\/\"]}]},{\"@type\":\"BreadcrumbList\",\"@id\":\"https:\\\/\\\/networkmarket.sk\\\/hu\\\/shop\\\/rack-szekreny\\\/tartozek\\\/fibrain-19-1u-gyurus-panel-nyithato-gyurukkel-fekete10-db-csomag\\\/#breadcrumb\",\"itemListElement\":[{\"@type\":\"ListItem\",\"position\":1,\"name\":\"Home\",\"item\":\"https:\\\/\\\/networkmarket.sk\\\/hu\\\/\"},{\"@type\":\"ListItem\",\"position\":2,\"name\":\"Term\u00e9kek\",\"item\":\"https:\\\/\\\/networkmarket.sk\\\/hu\\\/termekek\\\/\"},{\"@type\":\"ListItem\",\"position\":3,\"name\":\"Fibrain, 19&#8243; 1U gy\u0171r\u0171s panel nyithat\u00f3 gy\u0171r\u0171kkel, fekete (10 db\\\/csomag)\"}]},{\"@type\":\"WebSite\",\"@id\":\"https:\\\/\\\/networkmarket.sk\\\/hu\\\/#website\",\"url\":\"https:\\\/\\\/networkmarket.sk\\\/hu\\\/\",\"name\":\"Network Market\",\"description\":\"\",\"potentialAction\":[{\"@type\":\"SearchAction\",\"target\":{\"@type\":\"EntryPoint\",\"urlTemplate\":\"https:\\\/\\\/networkmarket.sk\\\/hu\\\/?s={search_term_string}\"},\"query-input\":{\"@type\":\"PropertyValueSpecification\",\"valueRequired\":true,\"valueName\":\"search_term_string\"}}],\"inLanguage\":\"hu\"}]}<\/script>\n<!-- \/ Yoast SEO plugin. -->","yoast_head_json":{"title":"Fibrain, 19\" 1U gy\u0171r\u0171s panel nyithat\u00f3 gy\u0171r\u0171kkel, fekete (10 db\/csomag) - Network Market","robots":{"index":"index","follow":"follow","max-snippet":"max-snippet:-1","max-image-preview":"max-image-preview:large","max-video-preview":"max-video-preview:-1"},"canonical":"https:\/\/networkmarket.sk\/hu\/shop\/rack-szekreny\/tartozek\/fibrain-19-1u-gyurus-panel-nyithato-gyurukkel-fekete10-db-csomag\/","og_locale":"hu_HU","og_type":"article","og_title":"Fibrain, 19\" 1U gy\u0171r\u0171s panel nyithat\u00f3 gy\u0171r\u0171kkel, fekete (10 db\/csomag) - Network Market","og_url":"https:\/\/networkmarket.sk\/hu\/shop\/rack-szekreny\/tartozek\/fibrain-19-1u-gyurus-panel-nyithato-gyurukkel-fekete10-db-csomag\/","og_site_name":"Network Market","article_modified_time":"2023-06-30T09:57:14+00:00","twitter_card":"summary_large_image","schema":{"@context":"https:\/\/schema.org","@graph":[{"@type":"WebPage","@id":"https:\/\/networkmarket.sk\/hu\/shop\/rack-szekreny\/tartozek\/fibrain-19-1u-gyurus-panel-nyithato-gyurukkel-fekete10-db-csomag\/","url":"https:\/\/networkmarket.sk\/hu\/shop\/rack-szekreny\/tartozek\/fibrain-19-1u-gyurus-panel-nyithato-gyurukkel-fekete10-db-csomag\/","name":"Fibrain, 19\" 1U gy\u0171r\u0171s panel nyithat\u00f3 gy\u0171r\u0171kkel, fekete (10 db\/csomag) - Network Market","isPartOf":{"@id":"https:\/\/networkmarket.sk\/hu\/#website"},"datePublished":"2023-04-06T09:56:38+00:00","dateModified":"2023-06-30T09:57:14+00:00","breadcrumb":{"@id":"https:\/\/networkmarket.sk\/hu\/shop\/rack-szekreny\/tartozek\/fibrain-19-1u-gyurus-panel-nyithato-gyurukkel-fekete10-db-csomag\/#breadcrumb"},"inLanguage":"hu","potentialAction":[{"@type":"ReadAction","target":["https:\/\/networkmarket.sk\/hu\/shop\/rack-szekreny\/tartozek\/fibrain-19-1u-gyurus-panel-nyithato-gyurukkel-fekete10-db-csomag\/"]}]},{"@type":"BreadcrumbList","@id":"https:\/\/networkmarket.sk\/hu\/shop\/rack-szekreny\/tartozek\/fibrain-19-1u-gyurus-panel-nyithato-gyurukkel-fekete10-db-csomag\/#breadcrumb","itemListElement":[{"@type":"ListItem","position":1,"name":"Home","item":"https:\/\/networkmarket.sk\/hu\/"},{"@type":"ListItem","position":2,"name":"Term\u00e9kek","item":"https:\/\/networkmarket.sk\/hu\/termekek\/"},{"@type":"ListItem","position":3,"name":"Fibrain, 19&#8243; 1U gy\u0171r\u0171s panel nyithat\u00f3 gy\u0171r\u0171kkel, fekete (10 db\/csomag)"}]},{"@type":"WebSite","@id":"https:\/\/networkmarket.sk\/hu\/#website","url":"https:\/\/networkmarket.sk\/hu\/","name":"Network Market","description":"","potentialAction":[{"@type":"SearchAction","target":{"@type":"EntryPoint","urlTemplate":"https:\/\/networkmarket.sk\/hu\/?s={search_term_string}"},"query-input":{"@type":"PropertyValueSpecification","valueRequired":true,"valueName":"search_term_string"}}],"inLanguage":"hu"}]}},"_links":{"self":[{"href":"https:\/\/networkmarket.sk\/hu\/wp-json\/wp\/v2\/product\/12856","targetHints":{"allow":["GET"]}}],"collection":[{"href":"https:\/\/networkmarket.sk\/hu\/wp-json\/wp\/v2\/product"}],"about":[{"href":"https:\/\/networkmarket.sk\/hu\/wp-json\/wp\/v2\/types\/product"}],"wp:attachment":[{"href":"https:\/\/networkmarket.sk\/hu\/wp-json\/wp\/v2\/media?parent=12856"}],"wp:term":[{"taxonomy":"product_brand","embeddable":true,"href":"https:\/\/networkmarket.sk\/hu\/wp-json\/wp\/v2\/product_brand?post=12856"},{"taxonomy":"product_cat","embeddable":true,"href":"https:\/\/networkmarket.sk\/hu\/wp-json\/wp\/v2\/product_cat?post=12856"},{"taxonomy":"product_tag","embeddable":true,"href":"https:\/\/networkmarket.sk\/hu\/wp-json\/wp\/v2\/product_tag?post=12856"}],"curies":[{"name":"wp","href":"https:\/\/api.w.org\/{rel}","templated":true}]}}