{"id":1174,"date":"2023-02-16T11:10:05","date_gmt":"2023-02-16T10:10:05","guid":{"rendered":"https:\/\/networkmarket.sk\/shop\/nem-kategorizalt\/hasznalt-ubiquiti-nanostationloco2-tapegyseg-nelkul\/"},"modified":"2025-07-31T11:56:40","modified_gmt":"2025-07-31T09:56:40","slug":"hasznalt-ubiquiti-nanostationloco2-tapegyseg-nelkul","status":"publish","type":"product","link":"https:\/\/networkmarket.sk\/hu\/shop\/halozati-eszkoz\/kliens-ptp\/hasznalt-ubiquiti-nanostationloco2-tapegyseg-nelkul\/","title":{"rendered":"Haszn\u00e1lt, Ubiquiti, NanoStationLoco2 (T\u00e1pegys\u00e9g n\u00e9lk\u00fcl)"},"content":{"rendered":"","protected":false},"excerpt":{"rendered":"","protected":false},"featured_media":0,"template":"","meta":[],"product_brand":[],"product_cat":[29,63],"product_tag":[],"class_list":{"0":"post-1174","1":"product","2":"type-product","3":"status-publish","5":"product_cat-halozati-eszkoz","6":"product_cat-kliens-ptp","7":"pa_alap_mennyisegi_egyseg-db","8":"pa_gyarto-ubiquiti","9":"pa_kshszam-37","10":"pa_mennyisegi_egyseg-db","12":"first","13":"instock","14":"taxable","15":"shipping-taxable","16":"product-type-simple"},"yoast_head":"<!-- This site is optimized with the Yoast SEO plugin v27.3 - https:\/\/yoast.com\/product\/yoast-seo-wordpress\/ -->\n<title>Haszn\u00e1lt, Ubiquiti, NanoStationLoco2 (T\u00e1pegys\u00e9g n\u00e9lk\u00fcl) - Network Market<\/title>\n<meta name=\"robots\" content=\"index, follow, max-snippet:-1, max-image-preview:large, max-video-preview:-1\" \/>\n<link rel=\"canonical\" href=\"https:\/\/networkmarket.sk\/hu\/shop\/halozati-eszkoz\/kliens-ptp\/hasznalt-ubiquiti-nanostationloco2-tapegyseg-nelkul\/\" \/>\n<meta property=\"og:locale\" content=\"hu_HU\" \/>\n<meta property=\"og:type\" content=\"article\" \/>\n<meta property=\"og:title\" content=\"Haszn\u00e1lt, Ubiquiti, NanoStationLoco2 (T\u00e1pegys\u00e9g n\u00e9lk\u00fcl) - Network Market\" \/>\n<meta property=\"og:url\" content=\"https:\/\/networkmarket.sk\/hu\/shop\/halozati-eszkoz\/kliens-ptp\/hasznalt-ubiquiti-nanostationloco2-tapegyseg-nelkul\/\" \/>\n<meta property=\"og:site_name\" content=\"Network Market\" \/>\n<meta property=\"article:modified_time\" content=\"2025-07-31T09:56:40+00:00\" \/>\n<meta name=\"twitter:card\" content=\"summary_large_image\" \/>\n<script type=\"application\/ld+json\" class=\"yoast-schema-graph\">{\"@context\":\"https:\\\/\\\/schema.org\",\"@graph\":[{\"@type\":\"WebPage\",\"@id\":\"https:\\\/\\\/networkmarket.sk\\\/hu\\\/shop\\\/halozati-eszkoz\\\/kliens-ptp\\\/hasznalt-ubiquiti-nanostationloco2-tapegyseg-nelkul\\\/\",\"url\":\"https:\\\/\\\/networkmarket.sk\\\/hu\\\/shop\\\/halozati-eszkoz\\\/kliens-ptp\\\/hasznalt-ubiquiti-nanostationloco2-tapegyseg-nelkul\\\/\",\"name\":\"Haszn\u00e1lt, Ubiquiti, NanoStationLoco2 (T\u00e1pegys\u00e9g n\u00e9lk\u00fcl) - Network Market\",\"isPartOf\":{\"@id\":\"https:\\\/\\\/networkmarket.sk\\\/hu\\\/#website\"},\"datePublished\":\"2023-02-16T10:10:05+00:00\",\"dateModified\":\"2025-07-31T09:56:40+00:00\",\"breadcrumb\":{\"@id\":\"https:\\\/\\\/networkmarket.sk\\\/hu\\\/shop\\\/halozati-eszkoz\\\/kliens-ptp\\\/hasznalt-ubiquiti-nanostationloco2-tapegyseg-nelkul\\\/#breadcrumb\"},\"inLanguage\":\"hu\",\"potentialAction\":[{\"@type\":\"ReadAction\",\"target\":[\"https:\\\/\\\/networkmarket.sk\\\/hu\\\/shop\\\/halozati-eszkoz\\\/kliens-ptp\\\/hasznalt-ubiquiti-nanostationloco2-tapegyseg-nelkul\\\/\"]}]},{\"@type\":\"BreadcrumbList\",\"@id\":\"https:\\\/\\\/networkmarket.sk\\\/hu\\\/shop\\\/halozati-eszkoz\\\/kliens-ptp\\\/hasznalt-ubiquiti-nanostationloco2-tapegyseg-nelkul\\\/#breadcrumb\",\"itemListElement\":[{\"@type\":\"ListItem\",\"position\":1,\"name\":\"Home\",\"item\":\"https:\\\/\\\/networkmarket.sk\\\/hu\\\/\"},{\"@type\":\"ListItem\",\"position\":2,\"name\":\"Term\u00e9kek\",\"item\":\"https:\\\/\\\/networkmarket.sk\\\/hu\\\/termekek\\\/\"},{\"@type\":\"ListItem\",\"position\":3,\"name\":\"Haszn\u00e1lt, Ubiquiti, NanoStationLoco2 (T\u00e1pegys\u00e9g n\u00e9lk\u00fcl)\"}]},{\"@type\":\"WebSite\",\"@id\":\"https:\\\/\\\/networkmarket.sk\\\/hu\\\/#website\",\"url\":\"https:\\\/\\\/networkmarket.sk\\\/hu\\\/\",\"name\":\"Network Market\",\"description\":\"\",\"potentialAction\":[{\"@type\":\"SearchAction\",\"target\":{\"@type\":\"EntryPoint\",\"urlTemplate\":\"https:\\\/\\\/networkmarket.sk\\\/hu\\\/?s={search_term_string}\"},\"query-input\":{\"@type\":\"PropertyValueSpecification\",\"valueRequired\":true,\"valueName\":\"search_term_string\"}}],\"inLanguage\":\"hu\"}]}<\/script>\n<!-- \/ Yoast SEO plugin. -->","yoast_head_json":{"title":"Haszn\u00e1lt, Ubiquiti, NanoStationLoco2 (T\u00e1pegys\u00e9g n\u00e9lk\u00fcl) - Network Market","robots":{"index":"index","follow":"follow","max-snippet":"max-snippet:-1","max-image-preview":"max-image-preview:large","max-video-preview":"max-video-preview:-1"},"canonical":"https:\/\/networkmarket.sk\/hu\/shop\/halozati-eszkoz\/kliens-ptp\/hasznalt-ubiquiti-nanostationloco2-tapegyseg-nelkul\/","og_locale":"hu_HU","og_type":"article","og_title":"Haszn\u00e1lt, Ubiquiti, NanoStationLoco2 (T\u00e1pegys\u00e9g n\u00e9lk\u00fcl) - Network Market","og_url":"https:\/\/networkmarket.sk\/hu\/shop\/halozati-eszkoz\/kliens-ptp\/hasznalt-ubiquiti-nanostationloco2-tapegyseg-nelkul\/","og_site_name":"Network Market","article_modified_time":"2025-07-31T09:56:40+00:00","twitter_card":"summary_large_image","schema":{"@context":"https:\/\/schema.org","@graph":[{"@type":"WebPage","@id":"https:\/\/networkmarket.sk\/hu\/shop\/halozati-eszkoz\/kliens-ptp\/hasznalt-ubiquiti-nanostationloco2-tapegyseg-nelkul\/","url":"https:\/\/networkmarket.sk\/hu\/shop\/halozati-eszkoz\/kliens-ptp\/hasznalt-ubiquiti-nanostationloco2-tapegyseg-nelkul\/","name":"Haszn\u00e1lt, Ubiquiti, NanoStationLoco2 (T\u00e1pegys\u00e9g n\u00e9lk\u00fcl) - Network Market","isPartOf":{"@id":"https:\/\/networkmarket.sk\/hu\/#website"},"datePublished":"2023-02-16T10:10:05+00:00","dateModified":"2025-07-31T09:56:40+00:00","breadcrumb":{"@id":"https:\/\/networkmarket.sk\/hu\/shop\/halozati-eszkoz\/kliens-ptp\/hasznalt-ubiquiti-nanostationloco2-tapegyseg-nelkul\/#breadcrumb"},"inLanguage":"hu","potentialAction":[{"@type":"ReadAction","target":["https:\/\/networkmarket.sk\/hu\/shop\/halozati-eszkoz\/kliens-ptp\/hasznalt-ubiquiti-nanostationloco2-tapegyseg-nelkul\/"]}]},{"@type":"BreadcrumbList","@id":"https:\/\/networkmarket.sk\/hu\/shop\/halozati-eszkoz\/kliens-ptp\/hasznalt-ubiquiti-nanostationloco2-tapegyseg-nelkul\/#breadcrumb","itemListElement":[{"@type":"ListItem","position":1,"name":"Home","item":"https:\/\/networkmarket.sk\/hu\/"},{"@type":"ListItem","position":2,"name":"Term\u00e9kek","item":"https:\/\/networkmarket.sk\/hu\/termekek\/"},{"@type":"ListItem","position":3,"name":"Haszn\u00e1lt, Ubiquiti, NanoStationLoco2 (T\u00e1pegys\u00e9g n\u00e9lk\u00fcl)"}]},{"@type":"WebSite","@id":"https:\/\/networkmarket.sk\/hu\/#website","url":"https:\/\/networkmarket.sk\/hu\/","name":"Network Market","description":"","potentialAction":[{"@type":"SearchAction","target":{"@type":"EntryPoint","urlTemplate":"https:\/\/networkmarket.sk\/hu\/?s={search_term_string}"},"query-input":{"@type":"PropertyValueSpecification","valueRequired":true,"valueName":"search_term_string"}}],"inLanguage":"hu"}]}},"_links":{"self":[{"href":"https:\/\/networkmarket.sk\/hu\/wp-json\/wp\/v2\/product\/1174","targetHints":{"allow":["GET"]}}],"collection":[{"href":"https:\/\/networkmarket.sk\/hu\/wp-json\/wp\/v2\/product"}],"about":[{"href":"https:\/\/networkmarket.sk\/hu\/wp-json\/wp\/v2\/types\/product"}],"wp:attachment":[{"href":"https:\/\/networkmarket.sk\/hu\/wp-json\/wp\/v2\/media?parent=1174"}],"wp:term":[{"taxonomy":"product_brand","embeddable":true,"href":"https:\/\/networkmarket.sk\/hu\/wp-json\/wp\/v2\/product_brand?post=1174"},{"taxonomy":"product_cat","embeddable":true,"href":"https:\/\/networkmarket.sk\/hu\/wp-json\/wp\/v2\/product_cat?post=1174"},{"taxonomy":"product_tag","embeddable":true,"href":"https:\/\/networkmarket.sk\/hu\/wp-json\/wp\/v2\/product_tag?post=1174"}],"curies":[{"name":"wp","href":"https:\/\/api.w.org\/{rel}","templated":true}]}}