{"id":960,"date":"2023-02-16T11:08:01","date_gmt":"2023-02-16T10:08:01","guid":{"rendered":"https:\/\/networkmarket.sk\/shop\/nem-kategorizalt\/ubiquiti-ufiber-loco-gpon-cpe-20-pack-huszasaval-rendelheto-ar-db\/"},"modified":"2023-06-19T10:25:40","modified_gmt":"2023-06-19T08:25:40","slug":"ubiquiti-ufiber-loco-gpon-cpe-20-pack-huszasaval-rendelheto-ar-db","status":"publish","type":"product","link":"https:\/\/networkmarket.sk\/en\/shop\/halozati-eszkoz\/onu-ont\/ubiquiti-ufiber-loco-gpon-cpe-20-pack-huszasaval-rendelheto-ar-db\/","title":{"rendered":"Ubiquiti, UFiber, Loco, GPON CPE &#8211; 20 pack HUSZAS\u00c1VAL RENDELHET\u0150 (\u00c1r \/ db"},"content":{"rendered":"","protected":false},"excerpt":{"rendered":"","protected":false},"featured_media":2357,"template":"","meta":[],"product_brand":[],"product_cat":[29,120],"product_tag":[],"class_list":{"0":"post-960","1":"product","2":"type-product","3":"status-publish","4":"has-post-thumbnail","6":"product_cat-halozati-eszkoz","7":"product_cat-onu-ont","8":"pa_alap_mennyisegi_egyseg-db","9":"pa_eth-portok-szama-287","10":"pa_gyarto-ubiquiti","11":"pa_kialakitas-bridge-router","12":"pa_kshszam-37","13":"pa_mennyisegi_egyseg-db","14":"pa_voip-portok-szama-nincs","15":"pa_wi-fi-nincs","17":"first","18":"outofstock","19":"taxable","20":"shipping-taxable","21":"product-type-simple"},"yoast_head":"<!-- This site is optimized with the Yoast SEO plugin v27.6 - https:\/\/yoast.com\/product\/yoast-seo-wordpress\/ -->\n<title>Ubiquiti, UFiber, Loco, GPON CPE - 20 pack HUSZAS\u00c1VAL RENDELHET\u0150 (\u00c1r \/ db - Network Market<\/title>\n<meta name=\"robots\" content=\"index, follow, max-snippet:-1, max-image-preview:large, max-video-preview:-1\" \/>\n<link rel=\"canonical\" href=\"https:\/\/networkmarket.sk\/en\/shop\/halozati-eszkoz\/onu-ont\/ubiquiti-ufiber-loco-gpon-cpe-20-pack-huszasaval-rendelheto-ar-db\/\" \/>\n<meta property=\"og:locale\" content=\"en_US\" \/>\n<meta property=\"og:type\" content=\"article\" \/>\n<meta property=\"og:title\" content=\"Ubiquiti, UFiber, Loco, GPON CPE - 20 pack HUSZAS\u00c1VAL RENDELHET\u0150 (\u00c1r \/ db - Network Market\" \/>\n<meta property=\"og:url\" content=\"https:\/\/networkmarket.sk\/en\/shop\/halozati-eszkoz\/onu-ont\/ubiquiti-ufiber-loco-gpon-cpe-20-pack-huszasaval-rendelheto-ar-db\/\" \/>\n<meta property=\"og:site_name\" content=\"Network Market\" \/>\n<meta property=\"article:modified_time\" content=\"2023-06-19T08:25:40+00:00\" \/>\n<meta property=\"og:image\" content=\"https:\/\/networkmarket.sk\/wp-content\/uploads\/2023\/02\/Ubiquiti_UFiber_Loco_GPON_CPE_-_20_pack_HUSZASAVAL_RENDELHETO-i5516.png\" \/>\n\t<meta property=\"og:image:width\" content=\"1024\" \/>\n\t<meta property=\"og:image:height\" content=\"768\" \/>\n\t<meta property=\"og:image:type\" content=\"image\/png\" \/>\n<meta name=\"twitter:card\" content=\"summary_large_image\" \/>\n<script type=\"application\/ld+json\" class=\"yoast-schema-graph\">{\"@context\":\"https:\\\/\\\/schema.org\",\"@graph\":[{\"@type\":\"WebPage\",\"@id\":\"https:\\\/\\\/networkmarket.sk\\\/en\\\/shop\\\/halozati-eszkoz\\\/onu-ont\\\/ubiquiti-ufiber-loco-gpon-cpe-20-pack-huszasaval-rendelheto-ar-db\\\/\",\"url\":\"https:\\\/\\\/networkmarket.sk\\\/en\\\/shop\\\/halozati-eszkoz\\\/onu-ont\\\/ubiquiti-ufiber-loco-gpon-cpe-20-pack-huszasaval-rendelheto-ar-db\\\/\",\"name\":\"Ubiquiti, UFiber, Loco, GPON CPE - 20 pack HUSZAS\u00c1VAL RENDELHET\u0150 (\u00c1r \\\/ db - Network Market\",\"isPartOf\":{\"@id\":\"https:\\\/\\\/networkmarket.sk\\\/en\\\/#website\"},\"primaryImageOfPage\":{\"@id\":\"https:\\\/\\\/networkmarket.sk\\\/en\\\/shop\\\/halozati-eszkoz\\\/onu-ont\\\/ubiquiti-ufiber-loco-gpon-cpe-20-pack-huszasaval-rendelheto-ar-db\\\/#primaryimage\"},\"image\":{\"@id\":\"https:\\\/\\\/networkmarket.sk\\\/en\\\/shop\\\/halozati-eszkoz\\\/onu-ont\\\/ubiquiti-ufiber-loco-gpon-cpe-20-pack-huszasaval-rendelheto-ar-db\\\/#primaryimage\"},\"thumbnailUrl\":\"https:\\\/\\\/networkmarket.sk\\\/wp-content\\\/uploads\\\/2023\\\/02\\\/Ubiquiti_UFiber_Loco_GPON_CPE_-_20_pack_HUSZASAVAL_RENDELHETO-i5516.png\",\"datePublished\":\"2023-02-16T10:08:01+00:00\",\"dateModified\":\"2023-06-19T08:25:40+00:00\",\"breadcrumb\":{\"@id\":\"https:\\\/\\\/networkmarket.sk\\\/en\\\/shop\\\/halozati-eszkoz\\\/onu-ont\\\/ubiquiti-ufiber-loco-gpon-cpe-20-pack-huszasaval-rendelheto-ar-db\\\/#breadcrumb\"},\"inLanguage\":\"en-US\",\"potentialAction\":[{\"@type\":\"ReadAction\",\"target\":[\"https:\\\/\\\/networkmarket.sk\\\/en\\\/shop\\\/halozati-eszkoz\\\/onu-ont\\\/ubiquiti-ufiber-loco-gpon-cpe-20-pack-huszasaval-rendelheto-ar-db\\\/\"]}]},{\"@type\":\"ImageObject\",\"inLanguage\":\"en-US\",\"@id\":\"https:\\\/\\\/networkmarket.sk\\\/en\\\/shop\\\/halozati-eszkoz\\\/onu-ont\\\/ubiquiti-ufiber-loco-gpon-cpe-20-pack-huszasaval-rendelheto-ar-db\\\/#primaryimage\",\"url\":\"https:\\\/\\\/networkmarket.sk\\\/wp-content\\\/uploads\\\/2023\\\/02\\\/Ubiquiti_UFiber_Loco_GPON_CPE_-_20_pack_HUSZASAVAL_RENDELHETO-i5516.png\",\"contentUrl\":\"https:\\\/\\\/networkmarket.sk\\\/wp-content\\\/uploads\\\/2023\\\/02\\\/Ubiquiti_UFiber_Loco_GPON_CPE_-_20_pack_HUSZASAVAL_RENDELHETO-i5516.png\",\"width\":1024,\"height\":768},{\"@type\":\"BreadcrumbList\",\"@id\":\"https:\\\/\\\/networkmarket.sk\\\/en\\\/shop\\\/halozati-eszkoz\\\/onu-ont\\\/ubiquiti-ufiber-loco-gpon-cpe-20-pack-huszasaval-rendelheto-ar-db\\\/#breadcrumb\",\"itemListElement\":[{\"@type\":\"ListItem\",\"position\":1,\"name\":\"Home\",\"item\":\"https:\\\/\\\/networkmarket.sk\\\/en\\\/\"},{\"@type\":\"ListItem\",\"position\":2,\"name\":\"Shop\",\"item\":\"https:\\\/\\\/networkmarket.sk\\\/en\\\/shop\\\/\"},{\"@type\":\"ListItem\",\"position\":3,\"name\":\"Ubiquiti, UFiber, Loco, GPON CPE &#8211; 20 pack HUSZAS\u00c1VAL RENDELHET\u0150 (\u00c1r \\\/ db\"}]},{\"@type\":\"WebSite\",\"@id\":\"https:\\\/\\\/networkmarket.sk\\\/en\\\/#website\",\"url\":\"https:\\\/\\\/networkmarket.sk\\\/en\\\/\",\"name\":\"Network Market\",\"description\":\"\",\"potentialAction\":[{\"@type\":\"SearchAction\",\"target\":{\"@type\":\"EntryPoint\",\"urlTemplate\":\"https:\\\/\\\/networkmarket.sk\\\/en\\\/?s={search_term_string}\"},\"query-input\":{\"@type\":\"PropertyValueSpecification\",\"valueRequired\":true,\"valueName\":\"search_term_string\"}}],\"inLanguage\":\"en-US\"}]}<\/script>\n<!-- \/ Yoast SEO plugin. -->","yoast_head_json":{"title":"Ubiquiti, UFiber, Loco, GPON CPE - 20 pack HUSZAS\u00c1VAL RENDELHET\u0150 (\u00c1r \/ db - Network Market","robots":{"index":"index","follow":"follow","max-snippet":"max-snippet:-1","max-image-preview":"max-image-preview:large","max-video-preview":"max-video-preview:-1"},"canonical":"https:\/\/networkmarket.sk\/en\/shop\/halozati-eszkoz\/onu-ont\/ubiquiti-ufiber-loco-gpon-cpe-20-pack-huszasaval-rendelheto-ar-db\/","og_locale":"en_US","og_type":"article","og_title":"Ubiquiti, UFiber, Loco, GPON CPE - 20 pack HUSZAS\u00c1VAL RENDELHET\u0150 (\u00c1r \/ db - Network Market","og_url":"https:\/\/networkmarket.sk\/en\/shop\/halozati-eszkoz\/onu-ont\/ubiquiti-ufiber-loco-gpon-cpe-20-pack-huszasaval-rendelheto-ar-db\/","og_site_name":"Network Market","article_modified_time":"2023-06-19T08:25:40+00:00","og_image":[{"width":1024,"height":768,"url":"https:\/\/networkmarket.sk\/wp-content\/uploads\/2023\/02\/Ubiquiti_UFiber_Loco_GPON_CPE_-_20_pack_HUSZASAVAL_RENDELHETO-i5516.png","type":"image\/png"}],"twitter_card":"summary_large_image","schema":{"@context":"https:\/\/schema.org","@graph":[{"@type":"WebPage","@id":"https:\/\/networkmarket.sk\/en\/shop\/halozati-eszkoz\/onu-ont\/ubiquiti-ufiber-loco-gpon-cpe-20-pack-huszasaval-rendelheto-ar-db\/","url":"https:\/\/networkmarket.sk\/en\/shop\/halozati-eszkoz\/onu-ont\/ubiquiti-ufiber-loco-gpon-cpe-20-pack-huszasaval-rendelheto-ar-db\/","name":"Ubiquiti, UFiber, Loco, GPON CPE - 20 pack HUSZAS\u00c1VAL RENDELHET\u0150 (\u00c1r \/ db - Network Market","isPartOf":{"@id":"https:\/\/networkmarket.sk\/en\/#website"},"primaryImageOfPage":{"@id":"https:\/\/networkmarket.sk\/en\/shop\/halozati-eszkoz\/onu-ont\/ubiquiti-ufiber-loco-gpon-cpe-20-pack-huszasaval-rendelheto-ar-db\/#primaryimage"},"image":{"@id":"https:\/\/networkmarket.sk\/en\/shop\/halozati-eszkoz\/onu-ont\/ubiquiti-ufiber-loco-gpon-cpe-20-pack-huszasaval-rendelheto-ar-db\/#primaryimage"},"thumbnailUrl":"https:\/\/networkmarket.sk\/wp-content\/uploads\/2023\/02\/Ubiquiti_UFiber_Loco_GPON_CPE_-_20_pack_HUSZASAVAL_RENDELHETO-i5516.png","datePublished":"2023-02-16T10:08:01+00:00","dateModified":"2023-06-19T08:25:40+00:00","breadcrumb":{"@id":"https:\/\/networkmarket.sk\/en\/shop\/halozati-eszkoz\/onu-ont\/ubiquiti-ufiber-loco-gpon-cpe-20-pack-huszasaval-rendelheto-ar-db\/#breadcrumb"},"inLanguage":"en-US","potentialAction":[{"@type":"ReadAction","target":["https:\/\/networkmarket.sk\/en\/shop\/halozati-eszkoz\/onu-ont\/ubiquiti-ufiber-loco-gpon-cpe-20-pack-huszasaval-rendelheto-ar-db\/"]}]},{"@type":"ImageObject","inLanguage":"en-US","@id":"https:\/\/networkmarket.sk\/en\/shop\/halozati-eszkoz\/onu-ont\/ubiquiti-ufiber-loco-gpon-cpe-20-pack-huszasaval-rendelheto-ar-db\/#primaryimage","url":"https:\/\/networkmarket.sk\/wp-content\/uploads\/2023\/02\/Ubiquiti_UFiber_Loco_GPON_CPE_-_20_pack_HUSZASAVAL_RENDELHETO-i5516.png","contentUrl":"https:\/\/networkmarket.sk\/wp-content\/uploads\/2023\/02\/Ubiquiti_UFiber_Loco_GPON_CPE_-_20_pack_HUSZASAVAL_RENDELHETO-i5516.png","width":1024,"height":768},{"@type":"BreadcrumbList","@id":"https:\/\/networkmarket.sk\/en\/shop\/halozati-eszkoz\/onu-ont\/ubiquiti-ufiber-loco-gpon-cpe-20-pack-huszasaval-rendelheto-ar-db\/#breadcrumb","itemListElement":[{"@type":"ListItem","position":1,"name":"Home","item":"https:\/\/networkmarket.sk\/en\/"},{"@type":"ListItem","position":2,"name":"Shop","item":"https:\/\/networkmarket.sk\/en\/shop\/"},{"@type":"ListItem","position":3,"name":"Ubiquiti, UFiber, Loco, GPON CPE &#8211; 20 pack HUSZAS\u00c1VAL RENDELHET\u0150 (\u00c1r \/ db"}]},{"@type":"WebSite","@id":"https:\/\/networkmarket.sk\/en\/#website","url":"https:\/\/networkmarket.sk\/en\/","name":"Network Market","description":"","potentialAction":[{"@type":"SearchAction","target":{"@type":"EntryPoint","urlTemplate":"https:\/\/networkmarket.sk\/en\/?s={search_term_string}"},"query-input":{"@type":"PropertyValueSpecification","valueRequired":true,"valueName":"search_term_string"}}],"inLanguage":"en-US"}]}},"_links":{"self":[{"href":"https:\/\/networkmarket.sk\/en\/wp-json\/wp\/v2\/product\/960","targetHints":{"allow":["GET"]}}],"collection":[{"href":"https:\/\/networkmarket.sk\/en\/wp-json\/wp\/v2\/product"}],"about":[{"href":"https:\/\/networkmarket.sk\/en\/wp-json\/wp\/v2\/types\/product"}],"wp:featuredmedia":[{"embeddable":true,"href":"https:\/\/networkmarket.sk\/en\/wp-json\/wp\/v2\/media\/2357"}],"wp:attachment":[{"href":"https:\/\/networkmarket.sk\/en\/wp-json\/wp\/v2\/media?parent=960"}],"wp:term":[{"taxonomy":"product_brand","embeddable":true,"href":"https:\/\/networkmarket.sk\/en\/wp-json\/wp\/v2\/product_brand?post=960"},{"taxonomy":"product_cat","embeddable":true,"href":"https:\/\/networkmarket.sk\/en\/wp-json\/wp\/v2\/product_cat?post=960"},{"taxonomy":"product_tag","embeddable":true,"href":"https:\/\/networkmarket.sk\/en\/wp-json\/wp\/v2\/product_tag?post=960"}],"curies":[{"name":"wp","href":"https:\/\/api.w.org\/{rel}","templated":true}]}}