{"id":5774,"date":"2023-03-06T10:31:11","date_gmt":"2023-03-06T09:31:11","guid":{"rendered":"https:\/\/networkmarket.sk\/shop\/nem-kategorizalt\/fibrain-szerver-rack-szekreny-47u-800x1200-fekete-perforalt-ajtokkal\/"},"modified":"2023-03-06T11:52:37","modified_gmt":"2023-03-06T10:52:37","slug":"fibrain-szerver-rack-szekreny-47u-800x1200-fekete-perforalt-ajtokkal","status":"publish","type":"product","link":"https:\/\/networkmarket.sk\/en\/shop\/rack-szekreny\/allo\/fibrain-szerver-rack-szekreny-47u-800x1200-fekete-perforalt-ajtokkal\/","title":{"rendered":"Fibrain szerver rack szekr\u00e9ny, 47U 800&#215;1200, fekete, perfor\u00e1lt ajt\u00f3kkal"},"content":{"rendered":"","protected":false},"excerpt":{"rendered":"","protected":false},"featured_media":8345,"template":"","meta":[],"product_brand":[],"product_cat":[143,142],"product_tag":[],"class_list":{"0":"post-5774","1":"product","2":"type-product","3":"status-publish","4":"has-post-thumbnail","6":"product_cat-allo","7":"product_cat-rack-szekreny","8":"pa_alap_mennyisegi_egyseg-db","9":"pa_gyarto-fibrain","10":"pa_kshszam-136","11":"pa_mennyisegi_egyseg-db","13":"first","14":"outofstock","15":"taxable","16":"shipping-taxable","17":"product-type-simple"},"yoast_head":"<!-- This site is optimized with the Yoast SEO plugin v27.3 - https:\/\/yoast.com\/product\/yoast-seo-wordpress\/ -->\n<title>Fibrain szerver rack szekr\u00e9ny, 47U 800x1200, fekete, perfor\u00e1lt ajt\u00f3kkal - Network Market<\/title>\n<meta name=\"robots\" content=\"index, follow, max-snippet:-1, max-image-preview:large, max-video-preview:-1\" \/>\n<link rel=\"canonical\" href=\"https:\/\/networkmarket.sk\/en\/shop\/rack-szekreny\/allo\/fibrain-szerver-rack-szekreny-47u-800x1200-fekete-perforalt-ajtokkal\/\" \/>\n<meta property=\"og:locale\" content=\"en_US\" \/>\n<meta property=\"og:type\" content=\"article\" \/>\n<meta property=\"og:title\" content=\"Fibrain szerver rack szekr\u00e9ny, 47U 800x1200, fekete, perfor\u00e1lt ajt\u00f3kkal - Network Market\" \/>\n<meta property=\"og:url\" content=\"https:\/\/networkmarket.sk\/en\/shop\/rack-szekreny\/allo\/fibrain-szerver-rack-szekreny-47u-800x1200-fekete-perforalt-ajtokkal\/\" \/>\n<meta property=\"og:site_name\" content=\"Network Market\" \/>\n<meta property=\"article:modified_time\" content=\"2023-03-06T10:52:37+00:00\" \/>\n<meta property=\"og:image\" content=\"https:\/\/networkmarket.sk\/wp-content\/uploads\/2023\/03\/Fibrain_szerver_rack_szekreny_47U_800x1200_fekete_perforalt_ajtokkal-i10148.jpg\" \/>\n\t<meta property=\"og:image:width\" content=\"1024\" \/>\n\t<meta property=\"og:image:height\" content=\"768\" \/>\n\t<meta property=\"og:image:type\" content=\"image\/jpeg\" \/>\n<meta name=\"twitter:card\" content=\"summary_large_image\" \/>\n<script type=\"application\/ld+json\" class=\"yoast-schema-graph\">{\"@context\":\"https:\\\/\\\/schema.org\",\"@graph\":[{\"@type\":\"WebPage\",\"@id\":\"https:\\\/\\\/networkmarket.sk\\\/en\\\/shop\\\/rack-szekreny\\\/allo\\\/fibrain-szerver-rack-szekreny-47u-800x1200-fekete-perforalt-ajtokkal\\\/\",\"url\":\"https:\\\/\\\/networkmarket.sk\\\/en\\\/shop\\\/rack-szekreny\\\/allo\\\/fibrain-szerver-rack-szekreny-47u-800x1200-fekete-perforalt-ajtokkal\\\/\",\"name\":\"Fibrain szerver rack szekr\u00e9ny, 47U 800x1200, fekete, perfor\u00e1lt ajt\u00f3kkal - Network Market\",\"isPartOf\":{\"@id\":\"https:\\\/\\\/networkmarket.sk\\\/en\\\/#website\"},\"primaryImageOfPage\":{\"@id\":\"https:\\\/\\\/networkmarket.sk\\\/en\\\/shop\\\/rack-szekreny\\\/allo\\\/fibrain-szerver-rack-szekreny-47u-800x1200-fekete-perforalt-ajtokkal\\\/#primaryimage\"},\"image\":{\"@id\":\"https:\\\/\\\/networkmarket.sk\\\/en\\\/shop\\\/rack-szekreny\\\/allo\\\/fibrain-szerver-rack-szekreny-47u-800x1200-fekete-perforalt-ajtokkal\\\/#primaryimage\"},\"thumbnailUrl\":\"https:\\\/\\\/networkmarket.sk\\\/wp-content\\\/uploads\\\/2023\\\/03\\\/Fibrain_szerver_rack_szekreny_47U_800x1200_fekete_perforalt_ajtokkal-i10148.jpg\",\"datePublished\":\"2023-03-06T09:31:11+00:00\",\"dateModified\":\"2023-03-06T10:52:37+00:00\",\"breadcrumb\":{\"@id\":\"https:\\\/\\\/networkmarket.sk\\\/en\\\/shop\\\/rack-szekreny\\\/allo\\\/fibrain-szerver-rack-szekreny-47u-800x1200-fekete-perforalt-ajtokkal\\\/#breadcrumb\"},\"inLanguage\":\"en-US\",\"potentialAction\":[{\"@type\":\"ReadAction\",\"target\":[\"https:\\\/\\\/networkmarket.sk\\\/en\\\/shop\\\/rack-szekreny\\\/allo\\\/fibrain-szerver-rack-szekreny-47u-800x1200-fekete-perforalt-ajtokkal\\\/\"]}]},{\"@type\":\"ImageObject\",\"inLanguage\":\"en-US\",\"@id\":\"https:\\\/\\\/networkmarket.sk\\\/en\\\/shop\\\/rack-szekreny\\\/allo\\\/fibrain-szerver-rack-szekreny-47u-800x1200-fekete-perforalt-ajtokkal\\\/#primaryimage\",\"url\":\"https:\\\/\\\/networkmarket.sk\\\/wp-content\\\/uploads\\\/2023\\\/03\\\/Fibrain_szerver_rack_szekreny_47U_800x1200_fekete_perforalt_ajtokkal-i10148.jpg\",\"contentUrl\":\"https:\\\/\\\/networkmarket.sk\\\/wp-content\\\/uploads\\\/2023\\\/03\\\/Fibrain_szerver_rack_szekreny_47U_800x1200_fekete_perforalt_ajtokkal-i10148.jpg\",\"width\":1024,\"height\":768},{\"@type\":\"BreadcrumbList\",\"@id\":\"https:\\\/\\\/networkmarket.sk\\\/en\\\/shop\\\/rack-szekreny\\\/allo\\\/fibrain-szerver-rack-szekreny-47u-800x1200-fekete-perforalt-ajtokkal\\\/#breadcrumb\",\"itemListElement\":[{\"@type\":\"ListItem\",\"position\":1,\"name\":\"Home\",\"item\":\"https:\\\/\\\/networkmarket.sk\\\/en\\\/\"},{\"@type\":\"ListItem\",\"position\":2,\"name\":\"Shop\",\"item\":\"https:\\\/\\\/networkmarket.sk\\\/en\\\/shop\\\/\"},{\"@type\":\"ListItem\",\"position\":3,\"name\":\"Fibrain szerver rack szekr\u00e9ny, 47U 800&#215;1200, fekete, perfor\u00e1lt ajt\u00f3kkal\"}]},{\"@type\":\"WebSite\",\"@id\":\"https:\\\/\\\/networkmarket.sk\\\/en\\\/#website\",\"url\":\"https:\\\/\\\/networkmarket.sk\\\/en\\\/\",\"name\":\"Network Market\",\"description\":\"\",\"potentialAction\":[{\"@type\":\"SearchAction\",\"target\":{\"@type\":\"EntryPoint\",\"urlTemplate\":\"https:\\\/\\\/networkmarket.sk\\\/en\\\/?s={search_term_string}\"},\"query-input\":{\"@type\":\"PropertyValueSpecification\",\"valueRequired\":true,\"valueName\":\"search_term_string\"}}],\"inLanguage\":\"en-US\"}]}<\/script>\n<!-- \/ Yoast SEO plugin. -->","yoast_head_json":{"title":"Fibrain szerver rack szekr\u00e9ny, 47U 800x1200, fekete, perfor\u00e1lt ajt\u00f3kkal - Network Market","robots":{"index":"index","follow":"follow","max-snippet":"max-snippet:-1","max-image-preview":"max-image-preview:large","max-video-preview":"max-video-preview:-1"},"canonical":"https:\/\/networkmarket.sk\/en\/shop\/rack-szekreny\/allo\/fibrain-szerver-rack-szekreny-47u-800x1200-fekete-perforalt-ajtokkal\/","og_locale":"en_US","og_type":"article","og_title":"Fibrain szerver rack szekr\u00e9ny, 47U 800x1200, fekete, perfor\u00e1lt ajt\u00f3kkal - Network Market","og_url":"https:\/\/networkmarket.sk\/en\/shop\/rack-szekreny\/allo\/fibrain-szerver-rack-szekreny-47u-800x1200-fekete-perforalt-ajtokkal\/","og_site_name":"Network Market","article_modified_time":"2023-03-06T10:52:37+00:00","og_image":[{"width":1024,"height":768,"url":"https:\/\/networkmarket.sk\/wp-content\/uploads\/2023\/03\/Fibrain_szerver_rack_szekreny_47U_800x1200_fekete_perforalt_ajtokkal-i10148.jpg","type":"image\/jpeg"}],"twitter_card":"summary_large_image","schema":{"@context":"https:\/\/schema.org","@graph":[{"@type":"WebPage","@id":"https:\/\/networkmarket.sk\/en\/shop\/rack-szekreny\/allo\/fibrain-szerver-rack-szekreny-47u-800x1200-fekete-perforalt-ajtokkal\/","url":"https:\/\/networkmarket.sk\/en\/shop\/rack-szekreny\/allo\/fibrain-szerver-rack-szekreny-47u-800x1200-fekete-perforalt-ajtokkal\/","name":"Fibrain szerver rack szekr\u00e9ny, 47U 800x1200, fekete, perfor\u00e1lt ajt\u00f3kkal - Network Market","isPartOf":{"@id":"https:\/\/networkmarket.sk\/en\/#website"},"primaryImageOfPage":{"@id":"https:\/\/networkmarket.sk\/en\/shop\/rack-szekreny\/allo\/fibrain-szerver-rack-szekreny-47u-800x1200-fekete-perforalt-ajtokkal\/#primaryimage"},"image":{"@id":"https:\/\/networkmarket.sk\/en\/shop\/rack-szekreny\/allo\/fibrain-szerver-rack-szekreny-47u-800x1200-fekete-perforalt-ajtokkal\/#primaryimage"},"thumbnailUrl":"https:\/\/networkmarket.sk\/wp-content\/uploads\/2023\/03\/Fibrain_szerver_rack_szekreny_47U_800x1200_fekete_perforalt_ajtokkal-i10148.jpg","datePublished":"2023-03-06T09:31:11+00:00","dateModified":"2023-03-06T10:52:37+00:00","breadcrumb":{"@id":"https:\/\/networkmarket.sk\/en\/shop\/rack-szekreny\/allo\/fibrain-szerver-rack-szekreny-47u-800x1200-fekete-perforalt-ajtokkal\/#breadcrumb"},"inLanguage":"en-US","potentialAction":[{"@type":"ReadAction","target":["https:\/\/networkmarket.sk\/en\/shop\/rack-szekreny\/allo\/fibrain-szerver-rack-szekreny-47u-800x1200-fekete-perforalt-ajtokkal\/"]}]},{"@type":"ImageObject","inLanguage":"en-US","@id":"https:\/\/networkmarket.sk\/en\/shop\/rack-szekreny\/allo\/fibrain-szerver-rack-szekreny-47u-800x1200-fekete-perforalt-ajtokkal\/#primaryimage","url":"https:\/\/networkmarket.sk\/wp-content\/uploads\/2023\/03\/Fibrain_szerver_rack_szekreny_47U_800x1200_fekete_perforalt_ajtokkal-i10148.jpg","contentUrl":"https:\/\/networkmarket.sk\/wp-content\/uploads\/2023\/03\/Fibrain_szerver_rack_szekreny_47U_800x1200_fekete_perforalt_ajtokkal-i10148.jpg","width":1024,"height":768},{"@type":"BreadcrumbList","@id":"https:\/\/networkmarket.sk\/en\/shop\/rack-szekreny\/allo\/fibrain-szerver-rack-szekreny-47u-800x1200-fekete-perforalt-ajtokkal\/#breadcrumb","itemListElement":[{"@type":"ListItem","position":1,"name":"Home","item":"https:\/\/networkmarket.sk\/en\/"},{"@type":"ListItem","position":2,"name":"Shop","item":"https:\/\/networkmarket.sk\/en\/shop\/"},{"@type":"ListItem","position":3,"name":"Fibrain szerver rack szekr\u00e9ny, 47U 800&#215;1200, fekete, perfor\u00e1lt ajt\u00f3kkal"}]},{"@type":"WebSite","@id":"https:\/\/networkmarket.sk\/en\/#website","url":"https:\/\/networkmarket.sk\/en\/","name":"Network Market","description":"","potentialAction":[{"@type":"SearchAction","target":{"@type":"EntryPoint","urlTemplate":"https:\/\/networkmarket.sk\/en\/?s={search_term_string}"},"query-input":{"@type":"PropertyValueSpecification","valueRequired":true,"valueName":"search_term_string"}}],"inLanguage":"en-US"}]}},"_links":{"self":[{"href":"https:\/\/networkmarket.sk\/en\/wp-json\/wp\/v2\/product\/5774","targetHints":{"allow":["GET"]}}],"collection":[{"href":"https:\/\/networkmarket.sk\/en\/wp-json\/wp\/v2\/product"}],"about":[{"href":"https:\/\/networkmarket.sk\/en\/wp-json\/wp\/v2\/types\/product"}],"wp:featuredmedia":[{"embeddable":true,"href":"https:\/\/networkmarket.sk\/en\/wp-json\/wp\/v2\/media\/8345"}],"wp:attachment":[{"href":"https:\/\/networkmarket.sk\/en\/wp-json\/wp\/v2\/media?parent=5774"}],"wp:term":[{"taxonomy":"product_brand","embeddable":true,"href":"https:\/\/networkmarket.sk\/en\/wp-json\/wp\/v2\/product_brand?post=5774"},{"taxonomy":"product_cat","embeddable":true,"href":"https:\/\/networkmarket.sk\/en\/wp-json\/wp\/v2\/product_cat?post=5774"},{"taxonomy":"product_tag","embeddable":true,"href":"https:\/\/networkmarket.sk\/en\/wp-json\/wp\/v2\/product_tag?post=5774"}],"curies":[{"name":"wp","href":"https:\/\/api.w.org\/{rel}","templated":true}]}}