{"id":5607,"date":"2023-03-06T10:29:19","date_gmt":"2023-03-06T09:29:19","guid":{"rendered":"https:\/\/networkmarket.sk\/shop\/nem-kategorizalt\/fibrain-tartalektarto-keret-optikai-kabelhez-600mm\/"},"modified":"2024-02-23T08:22:04","modified_gmt":"2024-02-23T07:22:04","slug":"fibrain-tartalektarto-keret-optikai-kabelhez-600mm","status":"publish","type":"product","link":"https:\/\/networkmarket.sk\/en\/shop\/optika\/kotestaro-es-elofizetoi-doboz\/fibrain-tartalektarto-keret-optikai-kabelhez-600mm\/","title":{"rendered":"Fibrain tartal\u00e9ktart\u00f3 keret optikai k\u00e1belhez, 600mm"},"content":{"rendered":"","protected":false},"excerpt":{"rendered":"","protected":false},"featured_media":12974,"template":"","meta":[],"product_brand":[],"product_cat":[875,138],"product_tag":[],"class_list":{"0":"post-5607","1":"product","2":"type-product","3":"status-publish","4":"has-post-thumbnail","6":"product_cat-kotestaro-es-elofizetoi-doboz","7":"product_cat-optika","8":"pa_alap_mennyisegi_egyseg-db","9":"pa_gyarto-fibrain","10":"pa_kshszam-845","11":"pa_mennyisegi_egyseg-db","13":"first","14":"outofstock","15":"taxable","16":"shipping-taxable","17":"product-type-simple"},"yoast_head":"<!-- This site is optimized with the Yoast SEO plugin v27.3 - https:\/\/yoast.com\/product\/yoast-seo-wordpress\/ -->\n<title>Fibrain tartal\u00e9ktart\u00f3 keret optikai k\u00e1belhez, 600mm - Network Market<\/title>\n<meta name=\"robots\" content=\"index, follow, max-snippet:-1, max-image-preview:large, max-video-preview:-1\" \/>\n<link rel=\"canonical\" href=\"https:\/\/networkmarket.sk\/en\/shop\/optika\/kotestaro-es-elofizetoi-doboz\/fibrain-tartalektarto-keret-optikai-kabelhez-600mm\/\" \/>\n<meta property=\"og:locale\" content=\"en_US\" \/>\n<meta property=\"og:type\" content=\"article\" \/>\n<meta property=\"og:title\" content=\"Fibrain tartal\u00e9ktart\u00f3 keret optikai k\u00e1belhez, 600mm - Network Market\" \/>\n<meta property=\"og:url\" content=\"https:\/\/networkmarket.sk\/en\/shop\/optika\/kotestaro-es-elofizetoi-doboz\/fibrain-tartalektarto-keret-optikai-kabelhez-600mm\/\" \/>\n<meta property=\"og:site_name\" content=\"Network Market\" \/>\n<meta property=\"article:modified_time\" content=\"2024-02-23T07:22:04+00:00\" \/>\n<meta name=\"twitter:card\" content=\"summary_large_image\" \/>\n<script type=\"application\/ld+json\" class=\"yoast-schema-graph\">{\"@context\":\"https:\\\/\\\/schema.org\",\"@graph\":[{\"@type\":\"WebPage\",\"@id\":\"https:\\\/\\\/networkmarket.sk\\\/en\\\/shop\\\/optika\\\/kotestaro-es-elofizetoi-doboz\\\/fibrain-tartalektarto-keret-optikai-kabelhez-600mm\\\/\",\"url\":\"https:\\\/\\\/networkmarket.sk\\\/en\\\/shop\\\/optika\\\/kotestaro-es-elofizetoi-doboz\\\/fibrain-tartalektarto-keret-optikai-kabelhez-600mm\\\/\",\"name\":\"Fibrain tartal\u00e9ktart\u00f3 keret optikai k\u00e1belhez, 600mm - Network Market\",\"isPartOf\":{\"@id\":\"https:\\\/\\\/networkmarket.sk\\\/en\\\/#website\"},\"primaryImageOfPage\":{\"@id\":\"https:\\\/\\\/networkmarket.sk\\\/en\\\/shop\\\/optika\\\/kotestaro-es-elofizetoi-doboz\\\/fibrain-tartalektarto-keret-optikai-kabelhez-600mm\\\/#primaryimage\"},\"image\":{\"@id\":\"https:\\\/\\\/networkmarket.sk\\\/en\\\/shop\\\/optika\\\/kotestaro-es-elofizetoi-doboz\\\/fibrain-tartalektarto-keret-optikai-kabelhez-600mm\\\/#primaryimage\"},\"thumbnailUrl\":\"https:\\\/\\\/networkmarket.sk\\\/wp-content\\\/uploads\\\/2023\\\/04\\\/Fibrain_tartalektarto_keret_optikai_kabelhez_600mm-i6716.png\",\"datePublished\":\"2023-03-06T09:29:19+00:00\",\"dateModified\":\"2024-02-23T07:22:04+00:00\",\"breadcrumb\":{\"@id\":\"https:\\\/\\\/networkmarket.sk\\\/en\\\/shop\\\/optika\\\/kotestaro-es-elofizetoi-doboz\\\/fibrain-tartalektarto-keret-optikai-kabelhez-600mm\\\/#breadcrumb\"},\"inLanguage\":\"en-US\",\"potentialAction\":[{\"@type\":\"ReadAction\",\"target\":[\"https:\\\/\\\/networkmarket.sk\\\/en\\\/shop\\\/optika\\\/kotestaro-es-elofizetoi-doboz\\\/fibrain-tartalektarto-keret-optikai-kabelhez-600mm\\\/\"]}]},{\"@type\":\"ImageObject\",\"inLanguage\":\"en-US\",\"@id\":\"https:\\\/\\\/networkmarket.sk\\\/en\\\/shop\\\/optika\\\/kotestaro-es-elofizetoi-doboz\\\/fibrain-tartalektarto-keret-optikai-kabelhez-600mm\\\/#primaryimage\",\"url\":\"https:\\\/\\\/networkmarket.sk\\\/wp-content\\\/uploads\\\/2023\\\/04\\\/Fibrain_tartalektarto_keret_optikai_kabelhez_600mm-i6716.png\",\"contentUrl\":\"https:\\\/\\\/networkmarket.sk\\\/wp-content\\\/uploads\\\/2023\\\/04\\\/Fibrain_tartalektarto_keret_optikai_kabelhez_600mm-i6716.png\",\"width\":1024,\"height\":768},{\"@type\":\"BreadcrumbList\",\"@id\":\"https:\\\/\\\/networkmarket.sk\\\/en\\\/shop\\\/optika\\\/kotestaro-es-elofizetoi-doboz\\\/fibrain-tartalektarto-keret-optikai-kabelhez-600mm\\\/#breadcrumb\",\"itemListElement\":[{\"@type\":\"ListItem\",\"position\":1,\"name\":\"Home\",\"item\":\"https:\\\/\\\/networkmarket.sk\\\/en\\\/\"},{\"@type\":\"ListItem\",\"position\":2,\"name\":\"Shop\",\"item\":\"https:\\\/\\\/networkmarket.sk\\\/en\\\/shop\\\/\"},{\"@type\":\"ListItem\",\"position\":3,\"name\":\"Fibrain tartal\u00e9ktart\u00f3 keret optikai k\u00e1belhez, 600mm\"}]},{\"@type\":\"WebSite\",\"@id\":\"https:\\\/\\\/networkmarket.sk\\\/en\\\/#website\",\"url\":\"https:\\\/\\\/networkmarket.sk\\\/en\\\/\",\"name\":\"Network Market\",\"description\":\"\",\"potentialAction\":[{\"@type\":\"SearchAction\",\"target\":{\"@type\":\"EntryPoint\",\"urlTemplate\":\"https:\\\/\\\/networkmarket.sk\\\/en\\\/?s={search_term_string}\"},\"query-input\":{\"@type\":\"PropertyValueSpecification\",\"valueRequired\":true,\"valueName\":\"search_term_string\"}}],\"inLanguage\":\"en-US\"}]}<\/script>\n<!-- \/ Yoast SEO plugin. -->","yoast_head_json":{"title":"Fibrain tartal\u00e9ktart\u00f3 keret optikai k\u00e1belhez, 600mm - Network Market","robots":{"index":"index","follow":"follow","max-snippet":"max-snippet:-1","max-image-preview":"max-image-preview:large","max-video-preview":"max-video-preview:-1"},"canonical":"https:\/\/networkmarket.sk\/en\/shop\/optika\/kotestaro-es-elofizetoi-doboz\/fibrain-tartalektarto-keret-optikai-kabelhez-600mm\/","og_locale":"en_US","og_type":"article","og_title":"Fibrain tartal\u00e9ktart\u00f3 keret optikai k\u00e1belhez, 600mm - Network Market","og_url":"https:\/\/networkmarket.sk\/en\/shop\/optika\/kotestaro-es-elofizetoi-doboz\/fibrain-tartalektarto-keret-optikai-kabelhez-600mm\/","og_site_name":"Network Market","article_modified_time":"2024-02-23T07:22:04+00:00","twitter_card":"summary_large_image","schema":{"@context":"https:\/\/schema.org","@graph":[{"@type":"WebPage","@id":"https:\/\/networkmarket.sk\/en\/shop\/optika\/kotestaro-es-elofizetoi-doboz\/fibrain-tartalektarto-keret-optikai-kabelhez-600mm\/","url":"https:\/\/networkmarket.sk\/en\/shop\/optika\/kotestaro-es-elofizetoi-doboz\/fibrain-tartalektarto-keret-optikai-kabelhez-600mm\/","name":"Fibrain tartal\u00e9ktart\u00f3 keret optikai k\u00e1belhez, 600mm - Network Market","isPartOf":{"@id":"https:\/\/networkmarket.sk\/en\/#website"},"primaryImageOfPage":{"@id":"https:\/\/networkmarket.sk\/en\/shop\/optika\/kotestaro-es-elofizetoi-doboz\/fibrain-tartalektarto-keret-optikai-kabelhez-600mm\/#primaryimage"},"image":{"@id":"https:\/\/networkmarket.sk\/en\/shop\/optika\/kotestaro-es-elofizetoi-doboz\/fibrain-tartalektarto-keret-optikai-kabelhez-600mm\/#primaryimage"},"thumbnailUrl":"https:\/\/networkmarket.sk\/wp-content\/uploads\/2023\/04\/Fibrain_tartalektarto_keret_optikai_kabelhez_600mm-i6716.png","datePublished":"2023-03-06T09:29:19+00:00","dateModified":"2024-02-23T07:22:04+00:00","breadcrumb":{"@id":"https:\/\/networkmarket.sk\/en\/shop\/optika\/kotestaro-es-elofizetoi-doboz\/fibrain-tartalektarto-keret-optikai-kabelhez-600mm\/#breadcrumb"},"inLanguage":"en-US","potentialAction":[{"@type":"ReadAction","target":["https:\/\/networkmarket.sk\/en\/shop\/optika\/kotestaro-es-elofizetoi-doboz\/fibrain-tartalektarto-keret-optikai-kabelhez-600mm\/"]}]},{"@type":"ImageObject","inLanguage":"en-US","@id":"https:\/\/networkmarket.sk\/en\/shop\/optika\/kotestaro-es-elofizetoi-doboz\/fibrain-tartalektarto-keret-optikai-kabelhez-600mm\/#primaryimage","url":"https:\/\/networkmarket.sk\/wp-content\/uploads\/2023\/04\/Fibrain_tartalektarto_keret_optikai_kabelhez_600mm-i6716.png","contentUrl":"https:\/\/networkmarket.sk\/wp-content\/uploads\/2023\/04\/Fibrain_tartalektarto_keret_optikai_kabelhez_600mm-i6716.png","width":1024,"height":768},{"@type":"BreadcrumbList","@id":"https:\/\/networkmarket.sk\/en\/shop\/optika\/kotestaro-es-elofizetoi-doboz\/fibrain-tartalektarto-keret-optikai-kabelhez-600mm\/#breadcrumb","itemListElement":[{"@type":"ListItem","position":1,"name":"Home","item":"https:\/\/networkmarket.sk\/en\/"},{"@type":"ListItem","position":2,"name":"Shop","item":"https:\/\/networkmarket.sk\/en\/shop\/"},{"@type":"ListItem","position":3,"name":"Fibrain tartal\u00e9ktart\u00f3 keret optikai k\u00e1belhez, 600mm"}]},{"@type":"WebSite","@id":"https:\/\/networkmarket.sk\/en\/#website","url":"https:\/\/networkmarket.sk\/en\/","name":"Network Market","description":"","potentialAction":[{"@type":"SearchAction","target":{"@type":"EntryPoint","urlTemplate":"https:\/\/networkmarket.sk\/en\/?s={search_term_string}"},"query-input":{"@type":"PropertyValueSpecification","valueRequired":true,"valueName":"search_term_string"}}],"inLanguage":"en-US"}]}},"_links":{"self":[{"href":"https:\/\/networkmarket.sk\/en\/wp-json\/wp\/v2\/product\/5607","targetHints":{"allow":["GET"]}}],"collection":[{"href":"https:\/\/networkmarket.sk\/en\/wp-json\/wp\/v2\/product"}],"about":[{"href":"https:\/\/networkmarket.sk\/en\/wp-json\/wp\/v2\/types\/product"}],"wp:featuredmedia":[{"embeddable":true,"href":"https:\/\/networkmarket.sk\/en\/wp-json\/wp\/v2\/media\/12974"}],"wp:attachment":[{"href":"https:\/\/networkmarket.sk\/en\/wp-json\/wp\/v2\/media?parent=5607"}],"wp:term":[{"taxonomy":"product_brand","embeddable":true,"href":"https:\/\/networkmarket.sk\/en\/wp-json\/wp\/v2\/product_brand?post=5607"},{"taxonomy":"product_cat","embeddable":true,"href":"https:\/\/networkmarket.sk\/en\/wp-json\/wp\/v2\/product_cat?post=5607"},{"taxonomy":"product_tag","embeddable":true,"href":"https:\/\/networkmarket.sk\/en\/wp-json\/wp\/v2\/product_tag?post=5607"}],"curies":[{"name":"wp","href":"https:\/\/api.w.org\/{rel}","templated":true}]}}