{"id":5470,"date":"2023-03-06T10:26:45","date_gmt":"2023-03-06T09:26:45","guid":{"rendered":"https:\/\/networkmarket.sk\/shop\/nem-kategorizalt\/fibrain-bu-xn-belteri-falidoboz-stackelheto-ures\/"},"modified":"2024-02-23T09:20:59","modified_gmt":"2024-02-23T08:20:59","slug":"fibrain-bu-xn-belteri-falidoboz-stackelheto-ures","status":"publish","type":"product","link":"https:\/\/networkmarket.sk\/en\/shop\/optika\/belteri-kotestarto\/fibrain-bu-xn-belteri-falidoboz-stackelheto-ures\/","title":{"rendered":"Fibrain BU-xN belt\u00e9ri falidoboz, stackelhet\u0151, \u00fcres"},"content":{"rendered":"","protected":false},"excerpt":{"rendered":"","protected":false},"featured_media":14036,"template":"","meta":[],"product_brand":[],"product_cat":[884,138],"product_tag":[],"class_list":{"0":"post-5470","1":"product","2":"type-product","3":"status-publish","4":"has-post-thumbnail","6":"product_cat-belteri-kotestarto","7":"product_cat-optika","8":"pa_alap_mennyisegi_egyseg-db","9":"pa_gyarto-fibrain","10":"pa_kshszam-152","11":"pa_mennyisegi_egyseg-db","13":"first","14":"instock","15":"taxable","16":"shipping-taxable","17":"product-type-simple"},"yoast_head":"<!-- This site is optimized with the Yoast SEO plugin v27.3 - https:\/\/yoast.com\/product\/yoast-seo-wordpress\/ -->\n<title>Fibrain BU-xN belt\u00e9ri falidoboz, stackelhet\u0151, \u00fcres - Network Market<\/title>\n<meta name=\"robots\" content=\"index, follow, max-snippet:-1, max-image-preview:large, max-video-preview:-1\" \/>\n<link rel=\"canonical\" href=\"https:\/\/networkmarket.sk\/en\/shop\/optika\/belteri-kotestarto\/fibrain-bu-xn-belteri-falidoboz-stackelheto-ures\/\" \/>\n<meta property=\"og:locale\" content=\"en_US\" \/>\n<meta property=\"og:type\" content=\"article\" \/>\n<meta property=\"og:title\" content=\"Fibrain BU-xN belt\u00e9ri falidoboz, stackelhet\u0151, \u00fcres - Network Market\" \/>\n<meta property=\"og:url\" content=\"https:\/\/networkmarket.sk\/en\/shop\/optika\/belteri-kotestarto\/fibrain-bu-xn-belteri-falidoboz-stackelheto-ures\/\" \/>\n<meta property=\"og:site_name\" content=\"Network Market\" \/>\n<meta property=\"article:modified_time\" content=\"2024-02-23T08:20:59+00:00\" \/>\n<meta name=\"twitter:card\" content=\"summary_large_image\" \/>\n<script type=\"application\/ld+json\" class=\"yoast-schema-graph\">{\"@context\":\"https:\\\/\\\/schema.org\",\"@graph\":[{\"@type\":\"WebPage\",\"@id\":\"https:\\\/\\\/networkmarket.sk\\\/en\\\/shop\\\/optika\\\/belteri-kotestarto\\\/fibrain-bu-xn-belteri-falidoboz-stackelheto-ures\\\/\",\"url\":\"https:\\\/\\\/networkmarket.sk\\\/en\\\/shop\\\/optika\\\/belteri-kotestarto\\\/fibrain-bu-xn-belteri-falidoboz-stackelheto-ures\\\/\",\"name\":\"Fibrain BU-xN belt\u00e9ri falidoboz, stackelhet\u0151, \u00fcres - Network Market\",\"isPartOf\":{\"@id\":\"https:\\\/\\\/networkmarket.sk\\\/en\\\/#website\"},\"primaryImageOfPage\":{\"@id\":\"https:\\\/\\\/networkmarket.sk\\\/en\\\/shop\\\/optika\\\/belteri-kotestarto\\\/fibrain-bu-xn-belteri-falidoboz-stackelheto-ures\\\/#primaryimage\"},\"image\":{\"@id\":\"https:\\\/\\\/networkmarket.sk\\\/en\\\/shop\\\/optika\\\/belteri-kotestarto\\\/fibrain-bu-xn-belteri-falidoboz-stackelheto-ures\\\/#primaryimage\"},\"thumbnailUrl\":\"https:\\\/\\\/networkmarket.sk\\\/wp-content\\\/uploads\\\/2023\\\/08\\\/Fibrain_BU-xN_belteri_falidoboz_stackelheto_ures-i10671.png\",\"datePublished\":\"2023-03-06T09:26:45+00:00\",\"dateModified\":\"2024-02-23T08:20:59+00:00\",\"breadcrumb\":{\"@id\":\"https:\\\/\\\/networkmarket.sk\\\/en\\\/shop\\\/optika\\\/belteri-kotestarto\\\/fibrain-bu-xn-belteri-falidoboz-stackelheto-ures\\\/#breadcrumb\"},\"inLanguage\":\"en-US\",\"potentialAction\":[{\"@type\":\"ReadAction\",\"target\":[\"https:\\\/\\\/networkmarket.sk\\\/en\\\/shop\\\/optika\\\/belteri-kotestarto\\\/fibrain-bu-xn-belteri-falidoboz-stackelheto-ures\\\/\"]}]},{\"@type\":\"ImageObject\",\"inLanguage\":\"en-US\",\"@id\":\"https:\\\/\\\/networkmarket.sk\\\/en\\\/shop\\\/optika\\\/belteri-kotestarto\\\/fibrain-bu-xn-belteri-falidoboz-stackelheto-ures\\\/#primaryimage\",\"url\":\"https:\\\/\\\/networkmarket.sk\\\/wp-content\\\/uploads\\\/2023\\\/08\\\/Fibrain_BU-xN_belteri_falidoboz_stackelheto_ures-i10671.png\",\"contentUrl\":\"https:\\\/\\\/networkmarket.sk\\\/wp-content\\\/uploads\\\/2023\\\/08\\\/Fibrain_BU-xN_belteri_falidoboz_stackelheto_ures-i10671.png\",\"width\":1024,\"height\":768},{\"@type\":\"BreadcrumbList\",\"@id\":\"https:\\\/\\\/networkmarket.sk\\\/en\\\/shop\\\/optika\\\/belteri-kotestarto\\\/fibrain-bu-xn-belteri-falidoboz-stackelheto-ures\\\/#breadcrumb\",\"itemListElement\":[{\"@type\":\"ListItem\",\"position\":1,\"name\":\"Home\",\"item\":\"https:\\\/\\\/networkmarket.sk\\\/en\\\/\"},{\"@type\":\"ListItem\",\"position\":2,\"name\":\"Shop\",\"item\":\"https:\\\/\\\/networkmarket.sk\\\/en\\\/shop\\\/\"},{\"@type\":\"ListItem\",\"position\":3,\"name\":\"Fibrain BU-xN belt\u00e9ri falidoboz, stackelhet\u0151, \u00fcres\"}]},{\"@type\":\"WebSite\",\"@id\":\"https:\\\/\\\/networkmarket.sk\\\/en\\\/#website\",\"url\":\"https:\\\/\\\/networkmarket.sk\\\/en\\\/\",\"name\":\"Network Market\",\"description\":\"\",\"potentialAction\":[{\"@type\":\"SearchAction\",\"target\":{\"@type\":\"EntryPoint\",\"urlTemplate\":\"https:\\\/\\\/networkmarket.sk\\\/en\\\/?s={search_term_string}\"},\"query-input\":{\"@type\":\"PropertyValueSpecification\",\"valueRequired\":true,\"valueName\":\"search_term_string\"}}],\"inLanguage\":\"en-US\"}]}<\/script>\n<!-- \/ Yoast SEO plugin. -->","yoast_head_json":{"title":"Fibrain BU-xN belt\u00e9ri falidoboz, stackelhet\u0151, \u00fcres - Network Market","robots":{"index":"index","follow":"follow","max-snippet":"max-snippet:-1","max-image-preview":"max-image-preview:large","max-video-preview":"max-video-preview:-1"},"canonical":"https:\/\/networkmarket.sk\/en\/shop\/optika\/belteri-kotestarto\/fibrain-bu-xn-belteri-falidoboz-stackelheto-ures\/","og_locale":"en_US","og_type":"article","og_title":"Fibrain BU-xN belt\u00e9ri falidoboz, stackelhet\u0151, \u00fcres - Network Market","og_url":"https:\/\/networkmarket.sk\/en\/shop\/optika\/belteri-kotestarto\/fibrain-bu-xn-belteri-falidoboz-stackelheto-ures\/","og_site_name":"Network Market","article_modified_time":"2024-02-23T08:20:59+00:00","twitter_card":"summary_large_image","schema":{"@context":"https:\/\/schema.org","@graph":[{"@type":"WebPage","@id":"https:\/\/networkmarket.sk\/en\/shop\/optika\/belteri-kotestarto\/fibrain-bu-xn-belteri-falidoboz-stackelheto-ures\/","url":"https:\/\/networkmarket.sk\/en\/shop\/optika\/belteri-kotestarto\/fibrain-bu-xn-belteri-falidoboz-stackelheto-ures\/","name":"Fibrain BU-xN belt\u00e9ri falidoboz, stackelhet\u0151, \u00fcres - Network Market","isPartOf":{"@id":"https:\/\/networkmarket.sk\/en\/#website"},"primaryImageOfPage":{"@id":"https:\/\/networkmarket.sk\/en\/shop\/optika\/belteri-kotestarto\/fibrain-bu-xn-belteri-falidoboz-stackelheto-ures\/#primaryimage"},"image":{"@id":"https:\/\/networkmarket.sk\/en\/shop\/optika\/belteri-kotestarto\/fibrain-bu-xn-belteri-falidoboz-stackelheto-ures\/#primaryimage"},"thumbnailUrl":"https:\/\/networkmarket.sk\/wp-content\/uploads\/2023\/08\/Fibrain_BU-xN_belteri_falidoboz_stackelheto_ures-i10671.png","datePublished":"2023-03-06T09:26:45+00:00","dateModified":"2024-02-23T08:20:59+00:00","breadcrumb":{"@id":"https:\/\/networkmarket.sk\/en\/shop\/optika\/belteri-kotestarto\/fibrain-bu-xn-belteri-falidoboz-stackelheto-ures\/#breadcrumb"},"inLanguage":"en-US","potentialAction":[{"@type":"ReadAction","target":["https:\/\/networkmarket.sk\/en\/shop\/optika\/belteri-kotestarto\/fibrain-bu-xn-belteri-falidoboz-stackelheto-ures\/"]}]},{"@type":"ImageObject","inLanguage":"en-US","@id":"https:\/\/networkmarket.sk\/en\/shop\/optika\/belteri-kotestarto\/fibrain-bu-xn-belteri-falidoboz-stackelheto-ures\/#primaryimage","url":"https:\/\/networkmarket.sk\/wp-content\/uploads\/2023\/08\/Fibrain_BU-xN_belteri_falidoboz_stackelheto_ures-i10671.png","contentUrl":"https:\/\/networkmarket.sk\/wp-content\/uploads\/2023\/08\/Fibrain_BU-xN_belteri_falidoboz_stackelheto_ures-i10671.png","width":1024,"height":768},{"@type":"BreadcrumbList","@id":"https:\/\/networkmarket.sk\/en\/shop\/optika\/belteri-kotestarto\/fibrain-bu-xn-belteri-falidoboz-stackelheto-ures\/#breadcrumb","itemListElement":[{"@type":"ListItem","position":1,"name":"Home","item":"https:\/\/networkmarket.sk\/en\/"},{"@type":"ListItem","position":2,"name":"Shop","item":"https:\/\/networkmarket.sk\/en\/shop\/"},{"@type":"ListItem","position":3,"name":"Fibrain BU-xN belt\u00e9ri falidoboz, stackelhet\u0151, \u00fcres"}]},{"@type":"WebSite","@id":"https:\/\/networkmarket.sk\/en\/#website","url":"https:\/\/networkmarket.sk\/en\/","name":"Network Market","description":"","potentialAction":[{"@type":"SearchAction","target":{"@type":"EntryPoint","urlTemplate":"https:\/\/networkmarket.sk\/en\/?s={search_term_string}"},"query-input":{"@type":"PropertyValueSpecification","valueRequired":true,"valueName":"search_term_string"}}],"inLanguage":"en-US"}]}},"_links":{"self":[{"href":"https:\/\/networkmarket.sk\/en\/wp-json\/wp\/v2\/product\/5470","targetHints":{"allow":["GET"]}}],"collection":[{"href":"https:\/\/networkmarket.sk\/en\/wp-json\/wp\/v2\/product"}],"about":[{"href":"https:\/\/networkmarket.sk\/en\/wp-json\/wp\/v2\/types\/product"}],"wp:featuredmedia":[{"embeddable":true,"href":"https:\/\/networkmarket.sk\/en\/wp-json\/wp\/v2\/media\/14036"}],"wp:attachment":[{"href":"https:\/\/networkmarket.sk\/en\/wp-json\/wp\/v2\/media?parent=5470"}],"wp:term":[{"taxonomy":"product_brand","embeddable":true,"href":"https:\/\/networkmarket.sk\/en\/wp-json\/wp\/v2\/product_brand?post=5470"},{"taxonomy":"product_cat","embeddable":true,"href":"https:\/\/networkmarket.sk\/en\/wp-json\/wp\/v2\/product_cat?post=5470"},{"taxonomy":"product_tag","embeddable":true,"href":"https:\/\/networkmarket.sk\/en\/wp-json\/wp\/v2\/product_tag?post=5470"}],"curies":[{"name":"wp","href":"https:\/\/api.w.org\/{rel}","templated":true}]}}