{"id":5394,"date":"2023-03-06T10:26:14","date_gmt":"2023-03-06T09:26:14","guid":{"rendered":"https:\/\/networkmarket.sk\/shop\/nem-kategorizalt\/optikai-kul-belteri-kabel-lsoh-mm-50-125-om24-szal\/"},"modified":"2023-03-06T10:46:43","modified_gmt":"2023-03-06T09:46:43","slug":"optikai-kul-belteri-kabel-lsoh-mm-50-125-om24-szal","status":"publish","type":"product","link":"https:\/\/networkmarket.sk\/en\/shop\/optika\/unvierzalis-kul-belteri-kabel\/optikai-kul-belteri-kabel-lsoh-mm-50-125-om24-szal\/","title":{"rendered":"optikai k\u00fcl-belt\u00e9ri k\u00e1bel, LSOH MM 50\/125 (OM2),4 sz\u00e1l"},"content":{"rendered":"","protected":false},"excerpt":{"rendered":"","protected":false},"featured_media":0,"template":"","meta":[],"product_brand":[],"product_cat":[138,872],"product_tag":[],"class_list":{"0":"post-5394","1":"product","2":"type-product","3":"status-publish","5":"product_cat-optika","6":"product_cat-unvierzalis-kul-belteri-kabel","7":"pa_alap_mennyisegi_egyseg-m","8":"pa_gyarto-fibrain","9":"pa_kshszam-76","10":"pa_mennyisegi_egyseg-m","12":"first","13":"outofstock","14":"taxable","15":"shipping-taxable","16":"product-type-simple"},"yoast_head":"<!-- This site is optimized with the Yoast SEO plugin v27.3 - https:\/\/yoast.com\/product\/yoast-seo-wordpress\/ -->\n<title>optikai k\u00fcl-belt\u00e9ri k\u00e1bel, LSOH MM 50\/125 (OM2),4 sz\u00e1l - Network Market<\/title>\n<meta name=\"robots\" content=\"index, follow, max-snippet:-1, max-image-preview:large, max-video-preview:-1\" \/>\n<link rel=\"canonical\" href=\"https:\/\/networkmarket.sk\/en\/shop\/optika\/unvierzalis-kul-belteri-kabel\/optikai-kul-belteri-kabel-lsoh-mm-50-125-om24-szal\/\" \/>\n<meta property=\"og:locale\" content=\"en_US\" \/>\n<meta property=\"og:type\" content=\"article\" \/>\n<meta property=\"og:title\" content=\"optikai k\u00fcl-belt\u00e9ri k\u00e1bel, LSOH MM 50\/125 (OM2),4 sz\u00e1l - Network Market\" \/>\n<meta property=\"og:url\" content=\"https:\/\/networkmarket.sk\/en\/shop\/optika\/unvierzalis-kul-belteri-kabel\/optikai-kul-belteri-kabel-lsoh-mm-50-125-om24-szal\/\" \/>\n<meta property=\"og:site_name\" content=\"Network Market\" \/>\n<meta property=\"article:modified_time\" content=\"2023-03-06T09:46:43+00:00\" \/>\n<meta name=\"twitter:card\" content=\"summary_large_image\" \/>\n<script type=\"application\/ld+json\" class=\"yoast-schema-graph\">{\"@context\":\"https:\\\/\\\/schema.org\",\"@graph\":[{\"@type\":\"WebPage\",\"@id\":\"https:\\\/\\\/networkmarket.sk\\\/en\\\/shop\\\/optika\\\/unvierzalis-kul-belteri-kabel\\\/optikai-kul-belteri-kabel-lsoh-mm-50-125-om24-szal\\\/\",\"url\":\"https:\\\/\\\/networkmarket.sk\\\/en\\\/shop\\\/optika\\\/unvierzalis-kul-belteri-kabel\\\/optikai-kul-belteri-kabel-lsoh-mm-50-125-om24-szal\\\/\",\"name\":\"optikai k\u00fcl-belt\u00e9ri k\u00e1bel, LSOH MM 50\\\/125 (OM2),4 sz\u00e1l - Network Market\",\"isPartOf\":{\"@id\":\"https:\\\/\\\/networkmarket.sk\\\/en\\\/#website\"},\"datePublished\":\"2023-03-06T09:26:14+00:00\",\"dateModified\":\"2023-03-06T09:46:43+00:00\",\"breadcrumb\":{\"@id\":\"https:\\\/\\\/networkmarket.sk\\\/en\\\/shop\\\/optika\\\/unvierzalis-kul-belteri-kabel\\\/optikai-kul-belteri-kabel-lsoh-mm-50-125-om24-szal\\\/#breadcrumb\"},\"inLanguage\":\"en-US\",\"potentialAction\":[{\"@type\":\"ReadAction\",\"target\":[\"https:\\\/\\\/networkmarket.sk\\\/en\\\/shop\\\/optika\\\/unvierzalis-kul-belteri-kabel\\\/optikai-kul-belteri-kabel-lsoh-mm-50-125-om24-szal\\\/\"]}]},{\"@type\":\"BreadcrumbList\",\"@id\":\"https:\\\/\\\/networkmarket.sk\\\/en\\\/shop\\\/optika\\\/unvierzalis-kul-belteri-kabel\\\/optikai-kul-belteri-kabel-lsoh-mm-50-125-om24-szal\\\/#breadcrumb\",\"itemListElement\":[{\"@type\":\"ListItem\",\"position\":1,\"name\":\"Home\",\"item\":\"https:\\\/\\\/networkmarket.sk\\\/en\\\/\"},{\"@type\":\"ListItem\",\"position\":2,\"name\":\"Shop\",\"item\":\"https:\\\/\\\/networkmarket.sk\\\/en\\\/shop\\\/\"},{\"@type\":\"ListItem\",\"position\":3,\"name\":\"optikai k\u00fcl-belt\u00e9ri k\u00e1bel, LSOH MM 50\\\/125 (OM2),4 sz\u00e1l\"}]},{\"@type\":\"WebSite\",\"@id\":\"https:\\\/\\\/networkmarket.sk\\\/en\\\/#website\",\"url\":\"https:\\\/\\\/networkmarket.sk\\\/en\\\/\",\"name\":\"Network Market\",\"description\":\"\",\"potentialAction\":[{\"@type\":\"SearchAction\",\"target\":{\"@type\":\"EntryPoint\",\"urlTemplate\":\"https:\\\/\\\/networkmarket.sk\\\/en\\\/?s={search_term_string}\"},\"query-input\":{\"@type\":\"PropertyValueSpecification\",\"valueRequired\":true,\"valueName\":\"search_term_string\"}}],\"inLanguage\":\"en-US\"}]}<\/script>\n<!-- \/ Yoast SEO plugin. -->","yoast_head_json":{"title":"optikai k\u00fcl-belt\u00e9ri k\u00e1bel, LSOH MM 50\/125 (OM2),4 sz\u00e1l - Network Market","robots":{"index":"index","follow":"follow","max-snippet":"max-snippet:-1","max-image-preview":"max-image-preview:large","max-video-preview":"max-video-preview:-1"},"canonical":"https:\/\/networkmarket.sk\/en\/shop\/optika\/unvierzalis-kul-belteri-kabel\/optikai-kul-belteri-kabel-lsoh-mm-50-125-om24-szal\/","og_locale":"en_US","og_type":"article","og_title":"optikai k\u00fcl-belt\u00e9ri k\u00e1bel, LSOH MM 50\/125 (OM2),4 sz\u00e1l - Network Market","og_url":"https:\/\/networkmarket.sk\/en\/shop\/optika\/unvierzalis-kul-belteri-kabel\/optikai-kul-belteri-kabel-lsoh-mm-50-125-om24-szal\/","og_site_name":"Network Market","article_modified_time":"2023-03-06T09:46:43+00:00","twitter_card":"summary_large_image","schema":{"@context":"https:\/\/schema.org","@graph":[{"@type":"WebPage","@id":"https:\/\/networkmarket.sk\/en\/shop\/optika\/unvierzalis-kul-belteri-kabel\/optikai-kul-belteri-kabel-lsoh-mm-50-125-om24-szal\/","url":"https:\/\/networkmarket.sk\/en\/shop\/optika\/unvierzalis-kul-belteri-kabel\/optikai-kul-belteri-kabel-lsoh-mm-50-125-om24-szal\/","name":"optikai k\u00fcl-belt\u00e9ri k\u00e1bel, LSOH MM 50\/125 (OM2),4 sz\u00e1l - Network Market","isPartOf":{"@id":"https:\/\/networkmarket.sk\/en\/#website"},"datePublished":"2023-03-06T09:26:14+00:00","dateModified":"2023-03-06T09:46:43+00:00","breadcrumb":{"@id":"https:\/\/networkmarket.sk\/en\/shop\/optika\/unvierzalis-kul-belteri-kabel\/optikai-kul-belteri-kabel-lsoh-mm-50-125-om24-szal\/#breadcrumb"},"inLanguage":"en-US","potentialAction":[{"@type":"ReadAction","target":["https:\/\/networkmarket.sk\/en\/shop\/optika\/unvierzalis-kul-belteri-kabel\/optikai-kul-belteri-kabel-lsoh-mm-50-125-om24-szal\/"]}]},{"@type":"BreadcrumbList","@id":"https:\/\/networkmarket.sk\/en\/shop\/optika\/unvierzalis-kul-belteri-kabel\/optikai-kul-belteri-kabel-lsoh-mm-50-125-om24-szal\/#breadcrumb","itemListElement":[{"@type":"ListItem","position":1,"name":"Home","item":"https:\/\/networkmarket.sk\/en\/"},{"@type":"ListItem","position":2,"name":"Shop","item":"https:\/\/networkmarket.sk\/en\/shop\/"},{"@type":"ListItem","position":3,"name":"optikai k\u00fcl-belt\u00e9ri k\u00e1bel, LSOH MM 50\/125 (OM2),4 sz\u00e1l"}]},{"@type":"WebSite","@id":"https:\/\/networkmarket.sk\/en\/#website","url":"https:\/\/networkmarket.sk\/en\/","name":"Network Market","description":"","potentialAction":[{"@type":"SearchAction","target":{"@type":"EntryPoint","urlTemplate":"https:\/\/networkmarket.sk\/en\/?s={search_term_string}"},"query-input":{"@type":"PropertyValueSpecification","valueRequired":true,"valueName":"search_term_string"}}],"inLanguage":"en-US"}]}},"_links":{"self":[{"href":"https:\/\/networkmarket.sk\/en\/wp-json\/wp\/v2\/product\/5394","targetHints":{"allow":["GET"]}}],"collection":[{"href":"https:\/\/networkmarket.sk\/en\/wp-json\/wp\/v2\/product"}],"about":[{"href":"https:\/\/networkmarket.sk\/en\/wp-json\/wp\/v2\/types\/product"}],"wp:attachment":[{"href":"https:\/\/networkmarket.sk\/en\/wp-json\/wp\/v2\/media?parent=5394"}],"wp:term":[{"taxonomy":"product_brand","embeddable":true,"href":"https:\/\/networkmarket.sk\/en\/wp-json\/wp\/v2\/product_brand?post=5394"},{"taxonomy":"product_cat","embeddable":true,"href":"https:\/\/networkmarket.sk\/en\/wp-json\/wp\/v2\/product_cat?post=5394"},{"taxonomy":"product_tag","embeddable":true,"href":"https:\/\/networkmarket.sk\/en\/wp-json\/wp\/v2\/product_tag?post=5394"}],"curies":[{"name":"wp","href":"https:\/\/api.w.org\/{rel}","templated":true}]}}