{"id":4358,"date":"2023-03-06T09:33:51","date_gmt":"2023-03-06T08:33:51","guid":{"rendered":"https:\/\/networkmarket.sk\/shop\/nem-kategorizalt\/belden-ye03958-00500-kabel-2x0-5mm2-szurke-kopeny-500m\/"},"modified":"2024-02-23T08:20:56","modified_gmt":"2024-02-23T07:20:56","slug":"belden-ye03958-00500-kabel-2x0-5mm2-szurke-kopeny-500m","status":"publish","type":"product","link":"https:\/\/networkmarket.sk\/en\/shop\/egyeb\/belden\/belden-ye03958-00500-kabel-2x0-5mm2-szurke-kopeny-500m\/","title":{"rendered":"Belden YE03958.00500 k\u00e1bel, 2&#215;0.5mm2, sz\u00fcrke k\u00f6peny (500m)"},"content":{"rendered":"","protected":false},"excerpt":{"rendered":"","protected":false},"featured_media":12929,"template":"","meta":[],"product_brand":[],"product_cat":[837,26],"product_tag":[],"class_list":{"0":"post-4358","1":"product","2":"type-product","3":"status-publish","4":"has-post-thumbnail","6":"product_cat-belden","7":"product_cat-egyeb","8":"pa_alap_mennyisegi_egyseg-m","9":"pa_gyarto-belden","10":"pa_kshszam-150","11":"pa_mennyisegi_egyseg-m","13":"first","14":"outofstock","15":"taxable","16":"shipping-taxable","17":"product-type-simple"},"yoast_head":"<!-- This site is optimized with the Yoast SEO plugin v27.3 - https:\/\/yoast.com\/product\/yoast-seo-wordpress\/ -->\n<title>Belden YE03958.00500 k\u00e1bel, 2x0.5mm2, sz\u00fcrke k\u00f6peny (500m) - Network Market<\/title>\n<meta name=\"robots\" content=\"index, follow, max-snippet:-1, max-image-preview:large, max-video-preview:-1\" \/>\n<link rel=\"canonical\" href=\"https:\/\/networkmarket.sk\/en\/shop\/egyeb\/belden\/belden-ye03958-00500-kabel-2x0-5mm2-szurke-kopeny-500m\/\" \/>\n<meta property=\"og:locale\" content=\"en_US\" \/>\n<meta property=\"og:type\" content=\"article\" \/>\n<meta property=\"og:title\" content=\"Belden YE03958.00500 k\u00e1bel, 2x0.5mm2, sz\u00fcrke k\u00f6peny (500m) - Network Market\" \/>\n<meta property=\"og:url\" content=\"https:\/\/networkmarket.sk\/en\/shop\/egyeb\/belden\/belden-ye03958-00500-kabel-2x0-5mm2-szurke-kopeny-500m\/\" \/>\n<meta property=\"og:site_name\" content=\"Network Market\" \/>\n<meta property=\"article:modified_time\" content=\"2024-02-23T07:20:56+00:00\" \/>\n<meta name=\"twitter:card\" content=\"summary_large_image\" \/>\n<script type=\"application\/ld+json\" class=\"yoast-schema-graph\">{\"@context\":\"https:\\\/\\\/schema.org\",\"@graph\":[{\"@type\":\"WebPage\",\"@id\":\"https:\\\/\\\/networkmarket.sk\\\/en\\\/shop\\\/egyeb\\\/belden\\\/belden-ye03958-00500-kabel-2x0-5mm2-szurke-kopeny-500m\\\/\",\"url\":\"https:\\\/\\\/networkmarket.sk\\\/en\\\/shop\\\/egyeb\\\/belden\\\/belden-ye03958-00500-kabel-2x0-5mm2-szurke-kopeny-500m\\\/\",\"name\":\"Belden YE03958.00500 k\u00e1bel, 2x0.5mm2, sz\u00fcrke k\u00f6peny (500m) - Network Market\",\"isPartOf\":{\"@id\":\"https:\\\/\\\/networkmarket.sk\\\/en\\\/#website\"},\"primaryImageOfPage\":{\"@id\":\"https:\\\/\\\/networkmarket.sk\\\/en\\\/shop\\\/egyeb\\\/belden\\\/belden-ye03958-00500-kabel-2x0-5mm2-szurke-kopeny-500m\\\/#primaryimage\"},\"image\":{\"@id\":\"https:\\\/\\\/networkmarket.sk\\\/en\\\/shop\\\/egyeb\\\/belden\\\/belden-ye03958-00500-kabel-2x0-5mm2-szurke-kopeny-500m\\\/#primaryimage\"},\"thumbnailUrl\":\"https:\\\/\\\/networkmarket.sk\\\/wp-content\\\/uploads\\\/2023\\\/04\\\/Belden_YE0395800500_kabel_2x05mm2_szurke_kopeny_500m-i16921.jpg\",\"datePublished\":\"2023-03-06T08:33:51+00:00\",\"dateModified\":\"2024-02-23T07:20:56+00:00\",\"breadcrumb\":{\"@id\":\"https:\\\/\\\/networkmarket.sk\\\/en\\\/shop\\\/egyeb\\\/belden\\\/belden-ye03958-00500-kabel-2x0-5mm2-szurke-kopeny-500m\\\/#breadcrumb\"},\"inLanguage\":\"en-US\",\"potentialAction\":[{\"@type\":\"ReadAction\",\"target\":[\"https:\\\/\\\/networkmarket.sk\\\/en\\\/shop\\\/egyeb\\\/belden\\\/belden-ye03958-00500-kabel-2x0-5mm2-szurke-kopeny-500m\\\/\"]}]},{\"@type\":\"ImageObject\",\"inLanguage\":\"en-US\",\"@id\":\"https:\\\/\\\/networkmarket.sk\\\/en\\\/shop\\\/egyeb\\\/belden\\\/belden-ye03958-00500-kabel-2x0-5mm2-szurke-kopeny-500m\\\/#primaryimage\",\"url\":\"https:\\\/\\\/networkmarket.sk\\\/wp-content\\\/uploads\\\/2023\\\/04\\\/Belden_YE0395800500_kabel_2x05mm2_szurke_kopeny_500m-i16921.jpg\",\"contentUrl\":\"https:\\\/\\\/networkmarket.sk\\\/wp-content\\\/uploads\\\/2023\\\/04\\\/Belden_YE0395800500_kabel_2x05mm2_szurke_kopeny_500m-i16921.jpg\",\"width\":1024,\"height\":768},{\"@type\":\"BreadcrumbList\",\"@id\":\"https:\\\/\\\/networkmarket.sk\\\/en\\\/shop\\\/egyeb\\\/belden\\\/belden-ye03958-00500-kabel-2x0-5mm2-szurke-kopeny-500m\\\/#breadcrumb\",\"itemListElement\":[{\"@type\":\"ListItem\",\"position\":1,\"name\":\"Home\",\"item\":\"https:\\\/\\\/networkmarket.sk\\\/en\\\/\"},{\"@type\":\"ListItem\",\"position\":2,\"name\":\"Shop\",\"item\":\"https:\\\/\\\/networkmarket.sk\\\/en\\\/shop\\\/\"},{\"@type\":\"ListItem\",\"position\":3,\"name\":\"Belden YE03958.00500 k\u00e1bel, 2&#215;0.5mm2, sz\u00fcrke k\u00f6peny (500m)\"}]},{\"@type\":\"WebSite\",\"@id\":\"https:\\\/\\\/networkmarket.sk\\\/en\\\/#website\",\"url\":\"https:\\\/\\\/networkmarket.sk\\\/en\\\/\",\"name\":\"Network Market\",\"description\":\"\",\"potentialAction\":[{\"@type\":\"SearchAction\",\"target\":{\"@type\":\"EntryPoint\",\"urlTemplate\":\"https:\\\/\\\/networkmarket.sk\\\/en\\\/?s={search_term_string}\"},\"query-input\":{\"@type\":\"PropertyValueSpecification\",\"valueRequired\":true,\"valueName\":\"search_term_string\"}}],\"inLanguage\":\"en-US\"}]}<\/script>\n<!-- \/ Yoast SEO plugin. -->","yoast_head_json":{"title":"Belden YE03958.00500 k\u00e1bel, 2x0.5mm2, sz\u00fcrke k\u00f6peny (500m) - Network Market","robots":{"index":"index","follow":"follow","max-snippet":"max-snippet:-1","max-image-preview":"max-image-preview:large","max-video-preview":"max-video-preview:-1"},"canonical":"https:\/\/networkmarket.sk\/en\/shop\/egyeb\/belden\/belden-ye03958-00500-kabel-2x0-5mm2-szurke-kopeny-500m\/","og_locale":"en_US","og_type":"article","og_title":"Belden YE03958.00500 k\u00e1bel, 2x0.5mm2, sz\u00fcrke k\u00f6peny (500m) - Network Market","og_url":"https:\/\/networkmarket.sk\/en\/shop\/egyeb\/belden\/belden-ye03958-00500-kabel-2x0-5mm2-szurke-kopeny-500m\/","og_site_name":"Network Market","article_modified_time":"2024-02-23T07:20:56+00:00","twitter_card":"summary_large_image","schema":{"@context":"https:\/\/schema.org","@graph":[{"@type":"WebPage","@id":"https:\/\/networkmarket.sk\/en\/shop\/egyeb\/belden\/belden-ye03958-00500-kabel-2x0-5mm2-szurke-kopeny-500m\/","url":"https:\/\/networkmarket.sk\/en\/shop\/egyeb\/belden\/belden-ye03958-00500-kabel-2x0-5mm2-szurke-kopeny-500m\/","name":"Belden YE03958.00500 k\u00e1bel, 2x0.5mm2, sz\u00fcrke k\u00f6peny (500m) - Network Market","isPartOf":{"@id":"https:\/\/networkmarket.sk\/en\/#website"},"primaryImageOfPage":{"@id":"https:\/\/networkmarket.sk\/en\/shop\/egyeb\/belden\/belden-ye03958-00500-kabel-2x0-5mm2-szurke-kopeny-500m\/#primaryimage"},"image":{"@id":"https:\/\/networkmarket.sk\/en\/shop\/egyeb\/belden\/belden-ye03958-00500-kabel-2x0-5mm2-szurke-kopeny-500m\/#primaryimage"},"thumbnailUrl":"https:\/\/networkmarket.sk\/wp-content\/uploads\/2023\/04\/Belden_YE0395800500_kabel_2x05mm2_szurke_kopeny_500m-i16921.jpg","datePublished":"2023-03-06T08:33:51+00:00","dateModified":"2024-02-23T07:20:56+00:00","breadcrumb":{"@id":"https:\/\/networkmarket.sk\/en\/shop\/egyeb\/belden\/belden-ye03958-00500-kabel-2x0-5mm2-szurke-kopeny-500m\/#breadcrumb"},"inLanguage":"en-US","potentialAction":[{"@type":"ReadAction","target":["https:\/\/networkmarket.sk\/en\/shop\/egyeb\/belden\/belden-ye03958-00500-kabel-2x0-5mm2-szurke-kopeny-500m\/"]}]},{"@type":"ImageObject","inLanguage":"en-US","@id":"https:\/\/networkmarket.sk\/en\/shop\/egyeb\/belden\/belden-ye03958-00500-kabel-2x0-5mm2-szurke-kopeny-500m\/#primaryimage","url":"https:\/\/networkmarket.sk\/wp-content\/uploads\/2023\/04\/Belden_YE0395800500_kabel_2x05mm2_szurke_kopeny_500m-i16921.jpg","contentUrl":"https:\/\/networkmarket.sk\/wp-content\/uploads\/2023\/04\/Belden_YE0395800500_kabel_2x05mm2_szurke_kopeny_500m-i16921.jpg","width":1024,"height":768},{"@type":"BreadcrumbList","@id":"https:\/\/networkmarket.sk\/en\/shop\/egyeb\/belden\/belden-ye03958-00500-kabel-2x0-5mm2-szurke-kopeny-500m\/#breadcrumb","itemListElement":[{"@type":"ListItem","position":1,"name":"Home","item":"https:\/\/networkmarket.sk\/en\/"},{"@type":"ListItem","position":2,"name":"Shop","item":"https:\/\/networkmarket.sk\/en\/shop\/"},{"@type":"ListItem","position":3,"name":"Belden YE03958.00500 k\u00e1bel, 2&#215;0.5mm2, sz\u00fcrke k\u00f6peny (500m)"}]},{"@type":"WebSite","@id":"https:\/\/networkmarket.sk\/en\/#website","url":"https:\/\/networkmarket.sk\/en\/","name":"Network Market","description":"","potentialAction":[{"@type":"SearchAction","target":{"@type":"EntryPoint","urlTemplate":"https:\/\/networkmarket.sk\/en\/?s={search_term_string}"},"query-input":{"@type":"PropertyValueSpecification","valueRequired":true,"valueName":"search_term_string"}}],"inLanguage":"en-US"}]}},"_links":{"self":[{"href":"https:\/\/networkmarket.sk\/en\/wp-json\/wp\/v2\/product\/4358","targetHints":{"allow":["GET"]}}],"collection":[{"href":"https:\/\/networkmarket.sk\/en\/wp-json\/wp\/v2\/product"}],"about":[{"href":"https:\/\/networkmarket.sk\/en\/wp-json\/wp\/v2\/types\/product"}],"wp:featuredmedia":[{"embeddable":true,"href":"https:\/\/networkmarket.sk\/en\/wp-json\/wp\/v2\/media\/12929"}],"wp:attachment":[{"href":"https:\/\/networkmarket.sk\/en\/wp-json\/wp\/v2\/media?parent=4358"}],"wp:term":[{"taxonomy":"product_brand","embeddable":true,"href":"https:\/\/networkmarket.sk\/en\/wp-json\/wp\/v2\/product_brand?post=4358"},{"taxonomy":"product_cat","embeddable":true,"href":"https:\/\/networkmarket.sk\/en\/wp-json\/wp\/v2\/product_cat?post=4358"},{"taxonomy":"product_tag","embeddable":true,"href":"https:\/\/networkmarket.sk\/en\/wp-json\/wp\/v2\/product_tag?post=4358"}],"curies":[{"name":"wp","href":"https:\/\/api.w.org\/{rel}","templated":true}]}}