{"id":4315,"date":"2023-03-06T09:33:34","date_gmt":"2023-03-06T08:33:34","guid":{"rendered":"https:\/\/networkmarket.sk\/shop\/nem-kategorizalt\/fibrain-optikai-elotetszal-otdr-starter-cube-sm-g-657a1-1000m-sc-apc-sc-apc-masterclass\/"},"modified":"2023-03-06T09:42:33","modified_gmt":"2023-03-06T08:42:33","slug":"fibrain-optikai-elotetszal-otdr-starter-cube-sm-g-657a1-1000m-sc-apc-sc-apc-masterclass","status":"publish","type":"product","link":"https:\/\/networkmarket.sk\/en\/shop\/egyeb\/egyeb-nem-besorolt\/fibrain-optikai-elotetszal-otdr-starter-cube-sm-g-657a1-1000m-sc-apc-sc-apc-masterclass\/","title":{"rendered":"Fibrain optikai el\u0151t\u00e9tsz\u00e1l OTDR Starter Cube, SM (G.657A1) 1000m, SC\/APC &#8211; SC\/APC MasterClass"},"content":{"rendered":"","protected":false},"excerpt":{"rendered":"","protected":false},"featured_media":0,"template":"","meta":[],"product_brand":[],"product_cat":[26,92],"product_tag":[],"class_list":{"0":"post-4315","1":"product","2":"type-product","3":"status-publish","5":"product_cat-egyeb","6":"product_cat-egyeb-nem-besorolt","7":"pa_alap_mennyisegi_egyseg-db","8":"pa_gyarto-fibrain","9":"pa_kshszam-834","10":"pa_mennyisegi_egyseg-db","12":"first","13":"outofstock","14":"taxable","15":"shipping-taxable","16":"product-type-simple"},"yoast_head":"<!-- This site is optimized with the Yoast SEO plugin v27.3 - https:\/\/yoast.com\/product\/yoast-seo-wordpress\/ -->\n<title>Fibrain optikai el\u0151t\u00e9tsz\u00e1l OTDR Starter Cube, SM (G.657A1) 1000m, SC\/APC - SC\/APC MasterClass - Network Market<\/title>\n<meta name=\"robots\" content=\"index, follow, max-snippet:-1, max-image-preview:large, max-video-preview:-1\" \/>\n<link rel=\"canonical\" href=\"https:\/\/networkmarket.sk\/en\/shop\/egyeb\/egyeb-nem-besorolt\/fibrain-optikai-elotetszal-otdr-starter-cube-sm-g-657a1-1000m-sc-apc-sc-apc-masterclass\/\" \/>\n<meta property=\"og:locale\" content=\"en_US\" \/>\n<meta property=\"og:type\" content=\"article\" \/>\n<meta property=\"og:title\" content=\"Fibrain optikai el\u0151t\u00e9tsz\u00e1l OTDR Starter Cube, SM (G.657A1) 1000m, SC\/APC - SC\/APC MasterClass - Network Market\" \/>\n<meta property=\"og:url\" content=\"https:\/\/networkmarket.sk\/en\/shop\/egyeb\/egyeb-nem-besorolt\/fibrain-optikai-elotetszal-otdr-starter-cube-sm-g-657a1-1000m-sc-apc-sc-apc-masterclass\/\" \/>\n<meta property=\"og:site_name\" content=\"Network Market\" \/>\n<meta property=\"article:modified_time\" content=\"2023-03-06T08:42:33+00:00\" \/>\n<meta name=\"twitter:card\" content=\"summary_large_image\" \/>\n<script type=\"application\/ld+json\" class=\"yoast-schema-graph\">{\"@context\":\"https:\\\/\\\/schema.org\",\"@graph\":[{\"@type\":\"WebPage\",\"@id\":\"https:\\\/\\\/networkmarket.sk\\\/en\\\/shop\\\/egyeb\\\/egyeb-nem-besorolt\\\/fibrain-optikai-elotetszal-otdr-starter-cube-sm-g-657a1-1000m-sc-apc-sc-apc-masterclass\\\/\",\"url\":\"https:\\\/\\\/networkmarket.sk\\\/en\\\/shop\\\/egyeb\\\/egyeb-nem-besorolt\\\/fibrain-optikai-elotetszal-otdr-starter-cube-sm-g-657a1-1000m-sc-apc-sc-apc-masterclass\\\/\",\"name\":\"Fibrain optikai el\u0151t\u00e9tsz\u00e1l OTDR Starter Cube, SM (G.657A1) 1000m, SC\\\/APC - SC\\\/APC MasterClass - Network Market\",\"isPartOf\":{\"@id\":\"https:\\\/\\\/networkmarket.sk\\\/en\\\/#website\"},\"datePublished\":\"2023-03-06T08:33:34+00:00\",\"dateModified\":\"2023-03-06T08:42:33+00:00\",\"breadcrumb\":{\"@id\":\"https:\\\/\\\/networkmarket.sk\\\/en\\\/shop\\\/egyeb\\\/egyeb-nem-besorolt\\\/fibrain-optikai-elotetszal-otdr-starter-cube-sm-g-657a1-1000m-sc-apc-sc-apc-masterclass\\\/#breadcrumb\"},\"inLanguage\":\"en-US\",\"potentialAction\":[{\"@type\":\"ReadAction\",\"target\":[\"https:\\\/\\\/networkmarket.sk\\\/en\\\/shop\\\/egyeb\\\/egyeb-nem-besorolt\\\/fibrain-optikai-elotetszal-otdr-starter-cube-sm-g-657a1-1000m-sc-apc-sc-apc-masterclass\\\/\"]}]},{\"@type\":\"BreadcrumbList\",\"@id\":\"https:\\\/\\\/networkmarket.sk\\\/en\\\/shop\\\/egyeb\\\/egyeb-nem-besorolt\\\/fibrain-optikai-elotetszal-otdr-starter-cube-sm-g-657a1-1000m-sc-apc-sc-apc-masterclass\\\/#breadcrumb\",\"itemListElement\":[{\"@type\":\"ListItem\",\"position\":1,\"name\":\"Home\",\"item\":\"https:\\\/\\\/networkmarket.sk\\\/en\\\/\"},{\"@type\":\"ListItem\",\"position\":2,\"name\":\"Shop\",\"item\":\"https:\\\/\\\/networkmarket.sk\\\/en\\\/shop\\\/\"},{\"@type\":\"ListItem\",\"position\":3,\"name\":\"Fibrain optikai el\u0151t\u00e9tsz\u00e1l OTDR Starter Cube, SM (G.657A1) 1000m, SC\\\/APC &#8211; SC\\\/APC MasterClass\"}]},{\"@type\":\"WebSite\",\"@id\":\"https:\\\/\\\/networkmarket.sk\\\/en\\\/#website\",\"url\":\"https:\\\/\\\/networkmarket.sk\\\/en\\\/\",\"name\":\"Network Market\",\"description\":\"\",\"potentialAction\":[{\"@type\":\"SearchAction\",\"target\":{\"@type\":\"EntryPoint\",\"urlTemplate\":\"https:\\\/\\\/networkmarket.sk\\\/en\\\/?s={search_term_string}\"},\"query-input\":{\"@type\":\"PropertyValueSpecification\",\"valueRequired\":true,\"valueName\":\"search_term_string\"}}],\"inLanguage\":\"en-US\"}]}<\/script>\n<!-- \/ Yoast SEO plugin. -->","yoast_head_json":{"title":"Fibrain optikai el\u0151t\u00e9tsz\u00e1l OTDR Starter Cube, SM (G.657A1) 1000m, SC\/APC - SC\/APC MasterClass - Network Market","robots":{"index":"index","follow":"follow","max-snippet":"max-snippet:-1","max-image-preview":"max-image-preview:large","max-video-preview":"max-video-preview:-1"},"canonical":"https:\/\/networkmarket.sk\/en\/shop\/egyeb\/egyeb-nem-besorolt\/fibrain-optikai-elotetszal-otdr-starter-cube-sm-g-657a1-1000m-sc-apc-sc-apc-masterclass\/","og_locale":"en_US","og_type":"article","og_title":"Fibrain optikai el\u0151t\u00e9tsz\u00e1l OTDR Starter Cube, SM (G.657A1) 1000m, SC\/APC - SC\/APC MasterClass - Network Market","og_url":"https:\/\/networkmarket.sk\/en\/shop\/egyeb\/egyeb-nem-besorolt\/fibrain-optikai-elotetszal-otdr-starter-cube-sm-g-657a1-1000m-sc-apc-sc-apc-masterclass\/","og_site_name":"Network Market","article_modified_time":"2023-03-06T08:42:33+00:00","twitter_card":"summary_large_image","schema":{"@context":"https:\/\/schema.org","@graph":[{"@type":"WebPage","@id":"https:\/\/networkmarket.sk\/en\/shop\/egyeb\/egyeb-nem-besorolt\/fibrain-optikai-elotetszal-otdr-starter-cube-sm-g-657a1-1000m-sc-apc-sc-apc-masterclass\/","url":"https:\/\/networkmarket.sk\/en\/shop\/egyeb\/egyeb-nem-besorolt\/fibrain-optikai-elotetszal-otdr-starter-cube-sm-g-657a1-1000m-sc-apc-sc-apc-masterclass\/","name":"Fibrain optikai el\u0151t\u00e9tsz\u00e1l OTDR Starter Cube, SM (G.657A1) 1000m, SC\/APC - SC\/APC MasterClass - Network Market","isPartOf":{"@id":"https:\/\/networkmarket.sk\/en\/#website"},"datePublished":"2023-03-06T08:33:34+00:00","dateModified":"2023-03-06T08:42:33+00:00","breadcrumb":{"@id":"https:\/\/networkmarket.sk\/en\/shop\/egyeb\/egyeb-nem-besorolt\/fibrain-optikai-elotetszal-otdr-starter-cube-sm-g-657a1-1000m-sc-apc-sc-apc-masterclass\/#breadcrumb"},"inLanguage":"en-US","potentialAction":[{"@type":"ReadAction","target":["https:\/\/networkmarket.sk\/en\/shop\/egyeb\/egyeb-nem-besorolt\/fibrain-optikai-elotetszal-otdr-starter-cube-sm-g-657a1-1000m-sc-apc-sc-apc-masterclass\/"]}]},{"@type":"BreadcrumbList","@id":"https:\/\/networkmarket.sk\/en\/shop\/egyeb\/egyeb-nem-besorolt\/fibrain-optikai-elotetszal-otdr-starter-cube-sm-g-657a1-1000m-sc-apc-sc-apc-masterclass\/#breadcrumb","itemListElement":[{"@type":"ListItem","position":1,"name":"Home","item":"https:\/\/networkmarket.sk\/en\/"},{"@type":"ListItem","position":2,"name":"Shop","item":"https:\/\/networkmarket.sk\/en\/shop\/"},{"@type":"ListItem","position":3,"name":"Fibrain optikai el\u0151t\u00e9tsz\u00e1l OTDR Starter Cube, SM (G.657A1) 1000m, SC\/APC &#8211; SC\/APC MasterClass"}]},{"@type":"WebSite","@id":"https:\/\/networkmarket.sk\/en\/#website","url":"https:\/\/networkmarket.sk\/en\/","name":"Network Market","description":"","potentialAction":[{"@type":"SearchAction","target":{"@type":"EntryPoint","urlTemplate":"https:\/\/networkmarket.sk\/en\/?s={search_term_string}"},"query-input":{"@type":"PropertyValueSpecification","valueRequired":true,"valueName":"search_term_string"}}],"inLanguage":"en-US"}]}},"_links":{"self":[{"href":"https:\/\/networkmarket.sk\/en\/wp-json\/wp\/v2\/product\/4315","targetHints":{"allow":["GET"]}}],"collection":[{"href":"https:\/\/networkmarket.sk\/en\/wp-json\/wp\/v2\/product"}],"about":[{"href":"https:\/\/networkmarket.sk\/en\/wp-json\/wp\/v2\/types\/product"}],"wp:attachment":[{"href":"https:\/\/networkmarket.sk\/en\/wp-json\/wp\/v2\/media?parent=4315"}],"wp:term":[{"taxonomy":"product_brand","embeddable":true,"href":"https:\/\/networkmarket.sk\/en\/wp-json\/wp\/v2\/product_brand?post=4315"},{"taxonomy":"product_cat","embeddable":true,"href":"https:\/\/networkmarket.sk\/en\/wp-json\/wp\/v2\/product_cat?post=4315"},{"taxonomy":"product_tag","embeddable":true,"href":"https:\/\/networkmarket.sk\/en\/wp-json\/wp\/v2\/product_tag?post=4315"}],"curies":[{"name":"wp","href":"https:\/\/api.w.org\/{rel}","templated":true}]}}