{"id":4290,"date":"2023-03-06T09:33:24","date_gmt":"2023-03-06T08:33:24","guid":{"rendered":"https:\/\/networkmarket.sk\/shop\/nem-kategorizalt\/fibrain-vfto-e1-elofizetoi-doboz-1db-sc-apc-sx-toldo-kulso-shutter-1db-g-657a1szalpigtailel-szerelve-widenet-logo\/"},"modified":"2023-03-06T09:42:28","modified_gmt":"2023-03-06T08:42:28","slug":"fibrain-vfto-e1-elofizetoi-doboz-1db-sc-apc-sx-toldo-kulso-shutter-1db-g-657a1szalpigtailel-szerelve-widenet-logo","status":"publish","type":"product","link":"https:\/\/networkmarket.sk\/en\/shop\/egyeb\/egyeb-nem-besorolt\/fibrain-vfto-e1-elofizetoi-doboz-1db-sc-apc-sx-toldo-kulso-shutter-1db-g-657a1szalpigtailel-szerelve-widenet-logo\/","title":{"rendered":"Fibrain, VFTO-E1 el\u0151fizet\u0151i doboz 1db SC\/APC SX told\u00f3 (k\u00fcls\u0151 shutter) + 1db G.657A1sz\u00e1lpigtailel szerelve, WideNet logo"},"content":{"rendered":"","protected":false},"excerpt":{"rendered":"","protected":false},"featured_media":0,"template":"","meta":[],"product_brand":[],"product_cat":[26,92],"product_tag":[],"class_list":{"0":"post-4290","1":"product","2":"type-product","3":"status-publish","5":"product_cat-egyeb","6":"product_cat-egyeb-nem-besorolt","7":"pa_alap_mennyisegi_egyseg-db","8":"pa_gyarto-fibrain","9":"pa_kshszam-836","10":"pa_mennyisegi_egyseg-db","12":"first","13":"outofstock","14":"taxable","15":"shipping-taxable","16":"product-type-simple"},"yoast_head":"<!-- This site is optimized with the Yoast SEO plugin v27.3 - https:\/\/yoast.com\/product\/yoast-seo-wordpress\/ -->\n<title>Fibrain, VFTO-E1 el\u0151fizet\u0151i doboz 1db SC\/APC SX told\u00f3 (k\u00fcls\u0151 shutter) + 1db G.657A1sz\u00e1lpigtailel szerelve, WideNet logo - Network Market<\/title>\n<meta name=\"robots\" content=\"index, follow, max-snippet:-1, max-image-preview:large, max-video-preview:-1\" \/>\n<link rel=\"canonical\" href=\"https:\/\/networkmarket.sk\/en\/shop\/egyeb\/egyeb-nem-besorolt\/fibrain-vfto-e1-elofizetoi-doboz-1db-sc-apc-sx-toldo-kulso-shutter-1db-g-657a1szalpigtailel-szerelve-widenet-logo\/\" \/>\n<meta property=\"og:locale\" content=\"en_US\" \/>\n<meta property=\"og:type\" content=\"article\" \/>\n<meta property=\"og:title\" content=\"Fibrain, VFTO-E1 el\u0151fizet\u0151i doboz 1db SC\/APC SX told\u00f3 (k\u00fcls\u0151 shutter) + 1db G.657A1sz\u00e1lpigtailel szerelve, WideNet logo - Network Market\" \/>\n<meta property=\"og:url\" content=\"https:\/\/networkmarket.sk\/en\/shop\/egyeb\/egyeb-nem-besorolt\/fibrain-vfto-e1-elofizetoi-doboz-1db-sc-apc-sx-toldo-kulso-shutter-1db-g-657a1szalpigtailel-szerelve-widenet-logo\/\" \/>\n<meta property=\"og:site_name\" content=\"Network Market\" \/>\n<meta property=\"article:modified_time\" content=\"2023-03-06T08:42:28+00:00\" \/>\n<meta name=\"twitter:card\" content=\"summary_large_image\" \/>\n<script type=\"application\/ld+json\" class=\"yoast-schema-graph\">{\"@context\":\"https:\\\/\\\/schema.org\",\"@graph\":[{\"@type\":\"WebPage\",\"@id\":\"https:\\\/\\\/networkmarket.sk\\\/en\\\/shop\\\/egyeb\\\/egyeb-nem-besorolt\\\/fibrain-vfto-e1-elofizetoi-doboz-1db-sc-apc-sx-toldo-kulso-shutter-1db-g-657a1szalpigtailel-szerelve-widenet-logo\\\/\",\"url\":\"https:\\\/\\\/networkmarket.sk\\\/en\\\/shop\\\/egyeb\\\/egyeb-nem-besorolt\\\/fibrain-vfto-e1-elofizetoi-doboz-1db-sc-apc-sx-toldo-kulso-shutter-1db-g-657a1szalpigtailel-szerelve-widenet-logo\\\/\",\"name\":\"Fibrain, VFTO-E1 el\u0151fizet\u0151i doboz 1db SC\\\/APC SX told\u00f3 (k\u00fcls\u0151 shutter) + 1db G.657A1sz\u00e1lpigtailel szerelve, WideNet logo - Network Market\",\"isPartOf\":{\"@id\":\"https:\\\/\\\/networkmarket.sk\\\/en\\\/#website\"},\"datePublished\":\"2023-03-06T08:33:24+00:00\",\"dateModified\":\"2023-03-06T08:42:28+00:00\",\"breadcrumb\":{\"@id\":\"https:\\\/\\\/networkmarket.sk\\\/en\\\/shop\\\/egyeb\\\/egyeb-nem-besorolt\\\/fibrain-vfto-e1-elofizetoi-doboz-1db-sc-apc-sx-toldo-kulso-shutter-1db-g-657a1szalpigtailel-szerelve-widenet-logo\\\/#breadcrumb\"},\"inLanguage\":\"en-US\",\"potentialAction\":[{\"@type\":\"ReadAction\",\"target\":[\"https:\\\/\\\/networkmarket.sk\\\/en\\\/shop\\\/egyeb\\\/egyeb-nem-besorolt\\\/fibrain-vfto-e1-elofizetoi-doboz-1db-sc-apc-sx-toldo-kulso-shutter-1db-g-657a1szalpigtailel-szerelve-widenet-logo\\\/\"]}]},{\"@type\":\"BreadcrumbList\",\"@id\":\"https:\\\/\\\/networkmarket.sk\\\/en\\\/shop\\\/egyeb\\\/egyeb-nem-besorolt\\\/fibrain-vfto-e1-elofizetoi-doboz-1db-sc-apc-sx-toldo-kulso-shutter-1db-g-657a1szalpigtailel-szerelve-widenet-logo\\\/#breadcrumb\",\"itemListElement\":[{\"@type\":\"ListItem\",\"position\":1,\"name\":\"Home\",\"item\":\"https:\\\/\\\/networkmarket.sk\\\/en\\\/\"},{\"@type\":\"ListItem\",\"position\":2,\"name\":\"Shop\",\"item\":\"https:\\\/\\\/networkmarket.sk\\\/en\\\/shop\\\/\"},{\"@type\":\"ListItem\",\"position\":3,\"name\":\"Fibrain, VFTO-E1 el\u0151fizet\u0151i doboz 1db SC\\\/APC SX told\u00f3 (k\u00fcls\u0151 shutter) + 1db G.657A1sz\u00e1lpigtailel szerelve, WideNet logo\"}]},{\"@type\":\"WebSite\",\"@id\":\"https:\\\/\\\/networkmarket.sk\\\/en\\\/#website\",\"url\":\"https:\\\/\\\/networkmarket.sk\\\/en\\\/\",\"name\":\"Network Market\",\"description\":\"\",\"potentialAction\":[{\"@type\":\"SearchAction\",\"target\":{\"@type\":\"EntryPoint\",\"urlTemplate\":\"https:\\\/\\\/networkmarket.sk\\\/en\\\/?s={search_term_string}\"},\"query-input\":{\"@type\":\"PropertyValueSpecification\",\"valueRequired\":true,\"valueName\":\"search_term_string\"}}],\"inLanguage\":\"en-US\"}]}<\/script>\n<!-- \/ Yoast SEO plugin. -->","yoast_head_json":{"title":"Fibrain, VFTO-E1 el\u0151fizet\u0151i doboz 1db SC\/APC SX told\u00f3 (k\u00fcls\u0151 shutter) + 1db G.657A1sz\u00e1lpigtailel szerelve, WideNet logo - Network Market","robots":{"index":"index","follow":"follow","max-snippet":"max-snippet:-1","max-image-preview":"max-image-preview:large","max-video-preview":"max-video-preview:-1"},"canonical":"https:\/\/networkmarket.sk\/en\/shop\/egyeb\/egyeb-nem-besorolt\/fibrain-vfto-e1-elofizetoi-doboz-1db-sc-apc-sx-toldo-kulso-shutter-1db-g-657a1szalpigtailel-szerelve-widenet-logo\/","og_locale":"en_US","og_type":"article","og_title":"Fibrain, VFTO-E1 el\u0151fizet\u0151i doboz 1db SC\/APC SX told\u00f3 (k\u00fcls\u0151 shutter) + 1db G.657A1sz\u00e1lpigtailel szerelve, WideNet logo - Network Market","og_url":"https:\/\/networkmarket.sk\/en\/shop\/egyeb\/egyeb-nem-besorolt\/fibrain-vfto-e1-elofizetoi-doboz-1db-sc-apc-sx-toldo-kulso-shutter-1db-g-657a1szalpigtailel-szerelve-widenet-logo\/","og_site_name":"Network Market","article_modified_time":"2023-03-06T08:42:28+00:00","twitter_card":"summary_large_image","schema":{"@context":"https:\/\/schema.org","@graph":[{"@type":"WebPage","@id":"https:\/\/networkmarket.sk\/en\/shop\/egyeb\/egyeb-nem-besorolt\/fibrain-vfto-e1-elofizetoi-doboz-1db-sc-apc-sx-toldo-kulso-shutter-1db-g-657a1szalpigtailel-szerelve-widenet-logo\/","url":"https:\/\/networkmarket.sk\/en\/shop\/egyeb\/egyeb-nem-besorolt\/fibrain-vfto-e1-elofizetoi-doboz-1db-sc-apc-sx-toldo-kulso-shutter-1db-g-657a1szalpigtailel-szerelve-widenet-logo\/","name":"Fibrain, VFTO-E1 el\u0151fizet\u0151i doboz 1db SC\/APC SX told\u00f3 (k\u00fcls\u0151 shutter) + 1db G.657A1sz\u00e1lpigtailel szerelve, WideNet logo - Network Market","isPartOf":{"@id":"https:\/\/networkmarket.sk\/en\/#website"},"datePublished":"2023-03-06T08:33:24+00:00","dateModified":"2023-03-06T08:42:28+00:00","breadcrumb":{"@id":"https:\/\/networkmarket.sk\/en\/shop\/egyeb\/egyeb-nem-besorolt\/fibrain-vfto-e1-elofizetoi-doboz-1db-sc-apc-sx-toldo-kulso-shutter-1db-g-657a1szalpigtailel-szerelve-widenet-logo\/#breadcrumb"},"inLanguage":"en-US","potentialAction":[{"@type":"ReadAction","target":["https:\/\/networkmarket.sk\/en\/shop\/egyeb\/egyeb-nem-besorolt\/fibrain-vfto-e1-elofizetoi-doboz-1db-sc-apc-sx-toldo-kulso-shutter-1db-g-657a1szalpigtailel-szerelve-widenet-logo\/"]}]},{"@type":"BreadcrumbList","@id":"https:\/\/networkmarket.sk\/en\/shop\/egyeb\/egyeb-nem-besorolt\/fibrain-vfto-e1-elofizetoi-doboz-1db-sc-apc-sx-toldo-kulso-shutter-1db-g-657a1szalpigtailel-szerelve-widenet-logo\/#breadcrumb","itemListElement":[{"@type":"ListItem","position":1,"name":"Home","item":"https:\/\/networkmarket.sk\/en\/"},{"@type":"ListItem","position":2,"name":"Shop","item":"https:\/\/networkmarket.sk\/en\/shop\/"},{"@type":"ListItem","position":3,"name":"Fibrain, VFTO-E1 el\u0151fizet\u0151i doboz 1db SC\/APC SX told\u00f3 (k\u00fcls\u0151 shutter) + 1db G.657A1sz\u00e1lpigtailel szerelve, WideNet logo"}]},{"@type":"WebSite","@id":"https:\/\/networkmarket.sk\/en\/#website","url":"https:\/\/networkmarket.sk\/en\/","name":"Network Market","description":"","potentialAction":[{"@type":"SearchAction","target":{"@type":"EntryPoint","urlTemplate":"https:\/\/networkmarket.sk\/en\/?s={search_term_string}"},"query-input":{"@type":"PropertyValueSpecification","valueRequired":true,"valueName":"search_term_string"}}],"inLanguage":"en-US"}]}},"_links":{"self":[{"href":"https:\/\/networkmarket.sk\/en\/wp-json\/wp\/v2\/product\/4290","targetHints":{"allow":["GET"]}}],"collection":[{"href":"https:\/\/networkmarket.sk\/en\/wp-json\/wp\/v2\/product"}],"about":[{"href":"https:\/\/networkmarket.sk\/en\/wp-json\/wp\/v2\/types\/product"}],"wp:attachment":[{"href":"https:\/\/networkmarket.sk\/en\/wp-json\/wp\/v2\/media?parent=4290"}],"wp:term":[{"taxonomy":"product_brand","embeddable":true,"href":"https:\/\/networkmarket.sk\/en\/wp-json\/wp\/v2\/product_brand?post=4290"},{"taxonomy":"product_cat","embeddable":true,"href":"https:\/\/networkmarket.sk\/en\/wp-json\/wp\/v2\/product_cat?post=4290"},{"taxonomy":"product_tag","embeddable":true,"href":"https:\/\/networkmarket.sk\/en\/wp-json\/wp\/v2\/product_tag?post=4290"}],"curies":[{"name":"wp","href":"https:\/\/api.w.org\/{rel}","templated":true}]}}