{"id":16199,"date":"2025-04-23T11:56:09","date_gmt":"2025-04-23T09:56:09","guid":{"rendered":"https:\/\/networkmarket.sk\/shop\/nem-kategorizalt\/ubiquiti-unifi-etherlighting-patch-kabel-015m-cat-6a-attetszo\/"},"modified":"2025-05-01T15:20:11","modified_gmt":"2025-05-01T13:20:11","slug":"ubiquiti-unifi-etherlighting-patch-kabel-015m-cat-6a-attetszo","status":"publish","type":"product","link":"https:\/\/networkmarket.sk\/en\/shop\/strukturalt-kabelezes\/szerelt-patch-kabel\/ubiquiti-unifi-etherlighting-patch-kabel-015m-cat-6a-attetszo\/","title":{"rendered":"Ubiquiti, UniFi Etherlighting patch k\u00e1bel, 0,15m, Cat.6A, \u00e1ttetsz\u0151"},"content":{"rendered":"","protected":false},"excerpt":{"rendered":"","protected":false},"featured_media":16243,"template":"","meta":[],"product_brand":[],"product_cat":[146,147],"product_tag":[],"class_list":{"0":"post-16199","1":"product","2":"type-product","3":"status-publish","4":"has-post-thumbnail","6":"product_cat-strukturalt-kabelezes","7":"product_cat-szerelt-patch-kabel","8":"pa_alap_mennyisegi_egyseg-db","9":"pa_gyarto-ubiquiti","10":"pa_hossz-0-15","11":"pa_kategoria-cat-6a","12":"pa_kshszam-116","13":"pa_mennyisegi_egyseg-db","14":"pa_szin-attetszo","16":"first","17":"outofstock","18":"taxable","19":"shipping-taxable","20":"product-type-simple"},"yoast_head":"<!-- This site is optimized with the Yoast SEO plugin v27.3 - https:\/\/yoast.com\/product\/yoast-seo-wordpress\/ -->\n<title>Ubiquiti, UniFi Etherlighting patch k\u00e1bel, 0,15m, Cat.6A, \u00e1ttetsz\u0151 - Network Market<\/title>\n<meta name=\"robots\" content=\"index, follow, max-snippet:-1, max-image-preview:large, max-video-preview:-1\" \/>\n<link rel=\"canonical\" href=\"https:\/\/networkmarket.sk\/en\/shop\/strukturalt-kabelezes\/szerelt-patch-kabel\/ubiquiti-unifi-etherlighting-patch-kabel-015m-cat-6a-attetszo\/\" \/>\n<meta property=\"og:locale\" content=\"en_US\" \/>\n<meta property=\"og:type\" content=\"article\" \/>\n<meta property=\"og:title\" content=\"Ubiquiti, UniFi Etherlighting patch k\u00e1bel, 0,15m, Cat.6A, \u00e1ttetsz\u0151 - Network Market\" \/>\n<meta property=\"og:url\" content=\"https:\/\/networkmarket.sk\/en\/shop\/strukturalt-kabelezes\/szerelt-patch-kabel\/ubiquiti-unifi-etherlighting-patch-kabel-015m-cat-6a-attetszo\/\" \/>\n<meta property=\"og:site_name\" content=\"Network Market\" \/>\n<meta property=\"article:modified_time\" content=\"2025-05-01T13:20:11+00:00\" \/>\n<meta name=\"twitter:card\" content=\"summary_large_image\" \/>\n<script type=\"application\/ld+json\" class=\"yoast-schema-graph\">{\"@context\":\"https:\\\/\\\/schema.org\",\"@graph\":[{\"@type\":\"WebPage\",\"@id\":\"https:\\\/\\\/networkmarket.sk\\\/en\\\/shop\\\/strukturalt-kabelezes\\\/szerelt-patch-kabel\\\/ubiquiti-unifi-etherlighting-patch-kabel-015m-cat-6a-attetszo\\\/\",\"url\":\"https:\\\/\\\/networkmarket.sk\\\/en\\\/shop\\\/strukturalt-kabelezes\\\/szerelt-patch-kabel\\\/ubiquiti-unifi-etherlighting-patch-kabel-015m-cat-6a-attetszo\\\/\",\"name\":\"Ubiquiti, UniFi Etherlighting patch k\u00e1bel, 0,15m, Cat.6A, \u00e1ttetsz\u0151 - Network Market\",\"isPartOf\":{\"@id\":\"https:\\\/\\\/networkmarket.sk\\\/en\\\/#website\"},\"primaryImageOfPage\":{\"@id\":\"https:\\\/\\\/networkmarket.sk\\\/en\\\/shop\\\/strukturalt-kabelezes\\\/szerelt-patch-kabel\\\/ubiquiti-unifi-etherlighting-patch-kabel-015m-cat-6a-attetszo\\\/#primaryimage\"},\"image\":{\"@id\":\"https:\\\/\\\/networkmarket.sk\\\/en\\\/shop\\\/strukturalt-kabelezes\\\/szerelt-patch-kabel\\\/ubiquiti-unifi-etherlighting-patch-kabel-015m-cat-6a-attetszo\\\/#primaryimage\"},\"thumbnailUrl\":\"https:\\\/\\\/networkmarket.sk\\\/wp-content\\\/uploads\\\/2025\\\/04\\\/Ubiquiti_UniFi_Etherlighting_patch_kabel_015m_Cat6A_attetszo-i33078.jpg\",\"datePublished\":\"2025-04-23T09:56:09+00:00\",\"dateModified\":\"2025-05-01T13:20:11+00:00\",\"breadcrumb\":{\"@id\":\"https:\\\/\\\/networkmarket.sk\\\/en\\\/shop\\\/strukturalt-kabelezes\\\/szerelt-patch-kabel\\\/ubiquiti-unifi-etherlighting-patch-kabel-015m-cat-6a-attetszo\\\/#breadcrumb\"},\"inLanguage\":\"en-US\",\"potentialAction\":[{\"@type\":\"ReadAction\",\"target\":[\"https:\\\/\\\/networkmarket.sk\\\/en\\\/shop\\\/strukturalt-kabelezes\\\/szerelt-patch-kabel\\\/ubiquiti-unifi-etherlighting-patch-kabel-015m-cat-6a-attetszo\\\/\"]}]},{\"@type\":\"ImageObject\",\"inLanguage\":\"en-US\",\"@id\":\"https:\\\/\\\/networkmarket.sk\\\/en\\\/shop\\\/strukturalt-kabelezes\\\/szerelt-patch-kabel\\\/ubiquiti-unifi-etherlighting-patch-kabel-015m-cat-6a-attetszo\\\/#primaryimage\",\"url\":\"https:\\\/\\\/networkmarket.sk\\\/wp-content\\\/uploads\\\/2025\\\/04\\\/Ubiquiti_UniFi_Etherlighting_patch_kabel_015m_Cat6A_attetszo-i33078.jpg\",\"contentUrl\":\"https:\\\/\\\/networkmarket.sk\\\/wp-content\\\/uploads\\\/2025\\\/04\\\/Ubiquiti_UniFi_Etherlighting_patch_kabel_015m_Cat6A_attetszo-i33078.jpg\",\"width\":1024,\"height\":768},{\"@type\":\"BreadcrumbList\",\"@id\":\"https:\\\/\\\/networkmarket.sk\\\/en\\\/shop\\\/strukturalt-kabelezes\\\/szerelt-patch-kabel\\\/ubiquiti-unifi-etherlighting-patch-kabel-015m-cat-6a-attetszo\\\/#breadcrumb\",\"itemListElement\":[{\"@type\":\"ListItem\",\"position\":1,\"name\":\"Home\",\"item\":\"https:\\\/\\\/networkmarket.sk\\\/en\\\/\"},{\"@type\":\"ListItem\",\"position\":2,\"name\":\"Shop\",\"item\":\"https:\\\/\\\/networkmarket.sk\\\/en\\\/shop\\\/\"},{\"@type\":\"ListItem\",\"position\":3,\"name\":\"Ubiquiti, UniFi Etherlighting patch k\u00e1bel, 0,15m, Cat.6A, \u00e1ttetsz\u0151\"}]},{\"@type\":\"WebSite\",\"@id\":\"https:\\\/\\\/networkmarket.sk\\\/en\\\/#website\",\"url\":\"https:\\\/\\\/networkmarket.sk\\\/en\\\/\",\"name\":\"Network Market\",\"description\":\"\",\"potentialAction\":[{\"@type\":\"SearchAction\",\"target\":{\"@type\":\"EntryPoint\",\"urlTemplate\":\"https:\\\/\\\/networkmarket.sk\\\/en\\\/?s={search_term_string}\"},\"query-input\":{\"@type\":\"PropertyValueSpecification\",\"valueRequired\":true,\"valueName\":\"search_term_string\"}}],\"inLanguage\":\"en-US\"}]}<\/script>\n<!-- \/ Yoast SEO plugin. -->","yoast_head_json":{"title":"Ubiquiti, UniFi Etherlighting patch k\u00e1bel, 0,15m, Cat.6A, \u00e1ttetsz\u0151 - Network Market","robots":{"index":"index","follow":"follow","max-snippet":"max-snippet:-1","max-image-preview":"max-image-preview:large","max-video-preview":"max-video-preview:-1"},"canonical":"https:\/\/networkmarket.sk\/en\/shop\/strukturalt-kabelezes\/szerelt-patch-kabel\/ubiquiti-unifi-etherlighting-patch-kabel-015m-cat-6a-attetszo\/","og_locale":"en_US","og_type":"article","og_title":"Ubiquiti, UniFi Etherlighting patch k\u00e1bel, 0,15m, Cat.6A, \u00e1ttetsz\u0151 - Network Market","og_url":"https:\/\/networkmarket.sk\/en\/shop\/strukturalt-kabelezes\/szerelt-patch-kabel\/ubiquiti-unifi-etherlighting-patch-kabel-015m-cat-6a-attetszo\/","og_site_name":"Network Market","article_modified_time":"2025-05-01T13:20:11+00:00","twitter_card":"summary_large_image","schema":{"@context":"https:\/\/schema.org","@graph":[{"@type":"WebPage","@id":"https:\/\/networkmarket.sk\/en\/shop\/strukturalt-kabelezes\/szerelt-patch-kabel\/ubiquiti-unifi-etherlighting-patch-kabel-015m-cat-6a-attetszo\/","url":"https:\/\/networkmarket.sk\/en\/shop\/strukturalt-kabelezes\/szerelt-patch-kabel\/ubiquiti-unifi-etherlighting-patch-kabel-015m-cat-6a-attetszo\/","name":"Ubiquiti, UniFi Etherlighting patch k\u00e1bel, 0,15m, Cat.6A, \u00e1ttetsz\u0151 - Network Market","isPartOf":{"@id":"https:\/\/networkmarket.sk\/en\/#website"},"primaryImageOfPage":{"@id":"https:\/\/networkmarket.sk\/en\/shop\/strukturalt-kabelezes\/szerelt-patch-kabel\/ubiquiti-unifi-etherlighting-patch-kabel-015m-cat-6a-attetszo\/#primaryimage"},"image":{"@id":"https:\/\/networkmarket.sk\/en\/shop\/strukturalt-kabelezes\/szerelt-patch-kabel\/ubiquiti-unifi-etherlighting-patch-kabel-015m-cat-6a-attetszo\/#primaryimage"},"thumbnailUrl":"https:\/\/networkmarket.sk\/wp-content\/uploads\/2025\/04\/Ubiquiti_UniFi_Etherlighting_patch_kabel_015m_Cat6A_attetszo-i33078.jpg","datePublished":"2025-04-23T09:56:09+00:00","dateModified":"2025-05-01T13:20:11+00:00","breadcrumb":{"@id":"https:\/\/networkmarket.sk\/en\/shop\/strukturalt-kabelezes\/szerelt-patch-kabel\/ubiquiti-unifi-etherlighting-patch-kabel-015m-cat-6a-attetszo\/#breadcrumb"},"inLanguage":"en-US","potentialAction":[{"@type":"ReadAction","target":["https:\/\/networkmarket.sk\/en\/shop\/strukturalt-kabelezes\/szerelt-patch-kabel\/ubiquiti-unifi-etherlighting-patch-kabel-015m-cat-6a-attetszo\/"]}]},{"@type":"ImageObject","inLanguage":"en-US","@id":"https:\/\/networkmarket.sk\/en\/shop\/strukturalt-kabelezes\/szerelt-patch-kabel\/ubiquiti-unifi-etherlighting-patch-kabel-015m-cat-6a-attetszo\/#primaryimage","url":"https:\/\/networkmarket.sk\/wp-content\/uploads\/2025\/04\/Ubiquiti_UniFi_Etherlighting_patch_kabel_015m_Cat6A_attetszo-i33078.jpg","contentUrl":"https:\/\/networkmarket.sk\/wp-content\/uploads\/2025\/04\/Ubiquiti_UniFi_Etherlighting_patch_kabel_015m_Cat6A_attetszo-i33078.jpg","width":1024,"height":768},{"@type":"BreadcrumbList","@id":"https:\/\/networkmarket.sk\/en\/shop\/strukturalt-kabelezes\/szerelt-patch-kabel\/ubiquiti-unifi-etherlighting-patch-kabel-015m-cat-6a-attetszo\/#breadcrumb","itemListElement":[{"@type":"ListItem","position":1,"name":"Home","item":"https:\/\/networkmarket.sk\/en\/"},{"@type":"ListItem","position":2,"name":"Shop","item":"https:\/\/networkmarket.sk\/en\/shop\/"},{"@type":"ListItem","position":3,"name":"Ubiquiti, UniFi Etherlighting patch k\u00e1bel, 0,15m, Cat.6A, \u00e1ttetsz\u0151"}]},{"@type":"WebSite","@id":"https:\/\/networkmarket.sk\/en\/#website","url":"https:\/\/networkmarket.sk\/en\/","name":"Network Market","description":"","potentialAction":[{"@type":"SearchAction","target":{"@type":"EntryPoint","urlTemplate":"https:\/\/networkmarket.sk\/en\/?s={search_term_string}"},"query-input":{"@type":"PropertyValueSpecification","valueRequired":true,"valueName":"search_term_string"}}],"inLanguage":"en-US"}]}},"_links":{"self":[{"href":"https:\/\/networkmarket.sk\/en\/wp-json\/wp\/v2\/product\/16199","targetHints":{"allow":["GET"]}}],"collection":[{"href":"https:\/\/networkmarket.sk\/en\/wp-json\/wp\/v2\/product"}],"about":[{"href":"https:\/\/networkmarket.sk\/en\/wp-json\/wp\/v2\/types\/product"}],"wp:featuredmedia":[{"embeddable":true,"href":"https:\/\/networkmarket.sk\/en\/wp-json\/wp\/v2\/media\/16243"}],"wp:attachment":[{"href":"https:\/\/networkmarket.sk\/en\/wp-json\/wp\/v2\/media?parent=16199"}],"wp:term":[{"taxonomy":"product_brand","embeddable":true,"href":"https:\/\/networkmarket.sk\/en\/wp-json\/wp\/v2\/product_brand?post=16199"},{"taxonomy":"product_cat","embeddable":true,"href":"https:\/\/networkmarket.sk\/en\/wp-json\/wp\/v2\/product_cat?post=16199"},{"taxonomy":"product_tag","embeddable":true,"href":"https:\/\/networkmarket.sk\/en\/wp-json\/wp\/v2\/product_tag?post=16199"}],"curies":[{"name":"wp","href":"https:\/\/api.w.org\/{rel}","templated":true}]}}